{"id":15239,"date":"2025-12-19T19:18:23","date_gmt":"2025-12-19T17:18:23","guid":{"rendered":"https:\/\/cbditaly.ee\/?post_type=product&#038;p=15239"},"modified":"2026-04-11T17:59:27","modified_gmt":"2026-04-11T14:59:27","slug":"swiss-cheese-x-thcvo-60","status":"publish","type":"product","link":"https:\/\/cbditaly.ee\/et\/product\/swiss-cheese-x-thcvo-60\/","title":{"rendered":"SWISS CHEESE X THCVO 60%"},"content":{"rendered":"<p data-start=\"0\" data-end=\"48\">Kanepi \u00f5ied SWISS CHEESE X THCVO 60%<br data-start=\"36\" data-end=\"39\" \/>THC &lt;0,3%<\/p>\n<p data-start=\"50\" data-end=\"456\">\u00dclevaade:<br data-start=\"59\" data-end=\"62\" \/>Swiss Cheese on visuaalselt eristuv ja kergesti \u00e4ratuntav kanepisort, mida hinnatakse selle kompaktse struktuuri ja iseloomuliku aroomiprofiili poolest. Selle eriversioon on rikastatud THCVO 60% sisaldusega, mis annab sordile tehnoloogilise ja teadusliku lisav\u00e4\u00e4rtuse. Tegemist on premium-kategooria kollektsioneerimistootega, mis sobib suurep\u00e4raselt professionaalsetesse esitluskeskkondadesse.<\/p>\n<p data-start=\"458\" data-end=\"776\">V\u00e4limus ja aroom:<br data-start=\"475\" data-end=\"478\" \/>\u00d5ied on tihedad, vaigused ja \u00fchtlase kristalse h\u00e4rmatisega kaetud. V\u00e4rvigammas domineerivad s\u00fcgavad rohelised toonid, mida t\u00e4iendavad kontrastsed oran\u017eid karvad. Aroomiprofiil on iseloomulik Swiss Cheese geneetikale, viidates kreemjatele, kergelt juustustele ja mahedatele maal\u00e4hedastele nootidele.<\/p>\n<p data-start=\"778\" data-end=\"939\">Koostis ja omadused:<br data-start=\"798\" data-end=\"801\" \/>THCVO: kuni 60%<br data-start=\"816\" data-end=\"819\" \/>CBD: loomulik taimne sisaldus<br data-start=\"848\" data-end=\"851\" \/>THC sisaldus: alla &lt;0,3%<br data-start=\"875\" data-end=\"878\" \/>Stabiilne morfoloogia ja visuaalselt v\u00e4ga atraktiivne v\u00e4limus<\/p>\n<p data-start=\"941\" data-end=\"1081\">P\u00e4ritolu ja tootmine:<br data-start=\"962\" data-end=\"965\" \/>Tooted on k\u00e4sitsi valitud ning hoolikalt kontrollitud, et tagada \u00fchtlane visuaalne kvaliteet.<br data-start=\"1058\" data-end=\"1061\" \/>P\u00e4ritolumaa: Itaalia<\/p>\n<p data-start=\"1083\" data-end=\"1359\">Kasutus ja piirangud:<br data-start=\"1104\" data-end=\"1107\" \/>Toote kasutus: Ainult professionaalseks kasutamiseks v\u00f5i kollektsioneerimiseks. Mitte inimtarbimiseks.<br data-start=\"1209\" data-end=\"1212\" \/>M\u00fc\u00fcgipiirangud: Ei m\u00fc\u00fcda alla 18-aastastele.<br data-start=\"1256\" data-end=\"1259\" \/>Hoiustamine: Hoida kuivas ja jahedas kohas, eemal otsesest kuumusest ja lastele k\u00e4ttesaamatus kohas.<\/p>\n<p data-start=\"1361\" data-end=\"1544\">Hulgim\u00fc\u00fck ja partnerlus:<br data-start=\"1385\" data-end=\"1388\" \/>Kas soovid saada iseseisvaks edasim\u00fc\u00fcjaks v\u00f5i frantsiisipartneriks?<br data-start=\"1455\" data-end=\"1458\" \/>Pakume madalaid miinimumkoguseid, professionaalset kvaliteeti ja paindlikke tingimusi.<\/p>\n<p data-start=\"1546\" data-end=\"1604\" data-is-last-node=\"\" data-is-only-node=\"\">Liitu meie Cash &amp; Carry\u2019ga v\u00f5i kirjuta: <a class=\"decorated-link cursor-pointer\" rel=\"noopener\" data-start=\"1586\" data-end=\"1604\" data-is-last-node=\"\">biz@cbditaly.store<\/a><\/p>\n","protected":false},"excerpt":{"rendered":"<p>Swiss Cheese X THCVO 60%<br \/>\nSaadaval pakendites: 2g-3g-5g-10g-20g-50g<\/p>\n","protected":false},"featured_media":15855,"template":"","meta":{"_joinchat":[]},"product_brand":[],"product_cat":[327,704,703],"product_tag":[],"class_list":{"0":"post-15239","1":"product","2":"type-product","3":"status-publish","4":"has-post-thumbnail","6":"product_cat-cbd-cbg-kanepi-oied","7":"product_cat-new","8":"product_cat-thcvo","11":"first","12":"instock","13":"purchasable","14":"product-type-simple"},"tiered_pricing_type":"fixed","tiered_pricing_fixed_rules":{"2":17,"3":15,"5":10,"10":9,"20":8,"50":7,"100":6,"1000":4.5},"tiered_pricing_product_settings":{"layout":"default","base_unit_name":{"singular":null,"plural":null},"default_variation":null},"tiered_pricing_minimum_quantity":null,"tiered_pricing_roles_data":[],"tiered_pricing_percentage_rules":[],"tiered_pricing_maximum_quantity":null,"tiered_pricing_quantity_step":null,"_links":{"self":[{"href":"https:\/\/cbditaly.ee\/et\/wp-json\/wp\/v2\/product\/15239","targetHints":{"allow":["GET"]}}],"collection":[{"href":"https:\/\/cbditaly.ee\/et\/wp-json\/wp\/v2\/product"}],"about":[{"href":"https:\/\/cbditaly.ee\/et\/wp-json\/wp\/v2\/types\/product"}],"wp:featuredmedia":[{"embeddable":true,"href":"https:\/\/cbditaly.ee\/et\/wp-json\/wp\/v2\/media\/15855"}],"wp:attachment":[{"href":"https:\/\/cbditaly.ee\/et\/wp-json\/wp\/v2\/media?parent=15239"}],"wp:term":[{"taxonomy":"product_brand","embeddable":true,"href":"https:\/\/cbditaly.ee\/et\/wp-json\/wp\/v2\/product_brand?post=15239"},{"taxonomy":"product_cat","embeddable":true,"href":"https:\/\/cbditaly.ee\/et\/wp-json\/wp\/v2\/product_cat?post=15239"},{"taxonomy":"product_tag","embeddable":true,"href":"https:\/\/cbditaly.ee\/et\/wp-json\/wp\/v2\/product_tag?post=15239"}],"curies":[{"name":"wp","href":"https:\/\/api.w.org\/{rel}","templated":true}]}}