{"id":15241,"date":"2025-12-19T19:22:13","date_gmt":"2025-12-19T17:22:13","guid":{"rendered":"https:\/\/cbditaly.ee\/?post_type=product&#038;p=15241"},"modified":"2026-04-05T15:34:47","modified_gmt":"2026-04-05T12:34:47","slug":"xxl-swiss-cheese-joint-x-thcvo-60-3-pakend-4g","status":"publish","type":"product","link":"https:\/\/cbditaly.ee\/et\/product\/xxl-swiss-cheese-joint-x-thcvo-60-3-pakend-4g\/","title":{"rendered":"XXL Swiss Cheese Joint X THCVO 60% \u2013 3-pakend (4g)"},"content":{"rendered":"<div class=\"relative basis-auto flex-col -mb-(--composer-overlap-px) [--composer-overlap-px:28px] grow flex\">\n<div class=\"flex flex-col text-sm pb-25\">\n<article class=\"text-token-text-primary w-full focus:outline-none [--shadow-height:45px] has-data-writing-block:pointer-events-none has-data-writing-block:-mt-(--shadow-height) has-data-writing-block:pt-(--shadow-height) [&amp;:has([data-writing-block])&gt;*]:pointer-events-auto scroll-mt-[calc(var(--header-height)+min(200px,max(70px,20svh)))]\" dir=\"auto\" tabindex=\"-1\" data-turn-id=\"request-69404ad8-2694-832b-8f63-5ae2705068ed-0\" data-testid=\"conversation-turn-24\" data-scroll-anchor=\"true\" data-turn=\"assistant\">\n<div class=\"text-base my-auto mx-auto pb-10 [--thread-content-margin:--spacing(4)] @w-sm\/main:[--thread-content-margin:--spacing(6)] @w-lg\/main:[--thread-content-margin:--spacing(16)] px-(--thread-content-margin)\">\n<div class=\"[--thread-content-max-width:40rem] @w-lg\/main:[--thread-content-max-width:48rem] mx-auto max-w-(--thread-content-max-width) flex-1 group\/turn-messages focus-visible:outline-hidden relative flex w-full min-w-0 flex-col agent-turn\" tabindex=\"-1\">\n<div class=\"flex max-w-full flex-col grow\">\n<div class=\"min-h-8 text-message relative flex w-full flex-col items-end gap-2 text-start break-words whitespace-normal [.text-message+&amp;]:mt-1\" dir=\"auto\" data-message-author-role=\"assistant\" data-message-id=\"54e748df-1ef0-4c03-88af-bd83957b9232\" data-message-model-slug=\"gpt-5-2\">\n<div class=\"flex w-full flex-col gap-1 empty:hidden first:pt-[1px]\">\n<div class=\"markdown prose dark:prose-invert w-full break-words light markdown-new-styling\">\n<p data-start=\"0\" data-end=\"55\">Premium Swiss Cheese Joint X THCVO 60% \u2013 3-pakend (4 g)<\/p>\n<p data-start=\"57\" data-end=\"422\">Koge eksklusiivset kollektsioonitasemel kvaliteeti meie Swiss Cheese joints\u2019ide 3-pakendis. Iga hoolikalt valmistatud 1,33-grammine joint on esteetiliselt viimistletud ning esitleb sordile omast iseloomu. Valmistatud ainult valitud pungadest ja rullitud originaalsesse King Size RAW paberisse koos filtriga \u2013 tagades esmaklassilise viimistluse ja visuaalse kvaliteedi.<\/p>\n<p data-start=\"424\" data-end=\"474\">Swiss Cheese X THCVO 60%<br data-start=\"448\" data-end=\"451\" \/>THC sisaldus: alla 0,3%<\/p>\n<p data-start=\"476\" data-end=\"852\">\u00dclevaade:<br data-start=\"485\" data-end=\"488\" \/>Swiss Cheese on visuaalselt \u00e4ratuntav kanepisort, mida hinnatakse selle kompaktse struktuuri ja erip\u00e4rase geneetilise iseloomu poolest. Selle eriversioon on rikastatud THCVO 60% sisaldusega, mis lisab sordile tehnoloogilise ja teadusliku erip\u00e4ra. Tegemist on premium-kategooria kollektsioneerimistootega, mis sobib h\u00e4sti professionaalsetesse esitluskeskkondadesse.<\/p>\n<p data-start=\"854\" data-end=\"1160\">V\u00e4limus ja aroom:<br data-start=\"871\" data-end=\"874\" \/>\u00d5ied on tihedad, vaigused ja rikkaliku kristalse h\u00e4rmatisega kaetud. Domineerivad s\u00fcgavad rohelised toonid, mida r\u00f5hutavad selgelt eristuvad oran\u017eid karvad. Aroomiprofiil viitab kreemjatele, kergelt juustustele ja maal\u00e4hedastele nootidele, mis on iseloomulikud Swiss Cheese geneetikale.<\/p>\n<p data-start=\"1162\" data-end=\"1323\">Koostis ja omadused:<br data-start=\"1182\" data-end=\"1185\" \/>THCVO: kuni 60%<br data-start=\"1200\" data-end=\"1203\" \/>CBD: loomulik taimne sisaldus<br data-start=\"1232\" data-end=\"1235\" \/>THC sisaldus: alla &lt;0,3%<br data-start=\"1259\" data-end=\"1262\" \/>Stabiilne morfoloogia ja visuaalselt v\u00e4ga atraktiivne v\u00e4limus<\/p>\n<p data-start=\"1325\" data-end=\"1465\">P\u00e4ritolu ja tootmine:<br data-start=\"1346\" data-end=\"1349\" \/>Tooted on k\u00e4sitsi valitud ning hoolikalt kontrollitud, et tagada \u00fchtlane visuaalne kvaliteet.<br data-start=\"1442\" data-end=\"1445\" \/>P\u00e4ritolumaa: Itaalia<\/p>\n<p data-start=\"1467\" data-end=\"1743\">Kasutus ja piirangud:<br data-start=\"1488\" data-end=\"1491\" \/>Toote kasutus: Ainult professionaalseks kasutamiseks v\u00f5i kollektsioneerimiseks. Mitte inimtarbimiseks.<br data-start=\"1593\" data-end=\"1596\" \/>M\u00fc\u00fcgipiirangud: Ei m\u00fc\u00fcda alla 18-aastastele.<br data-start=\"1640\" data-end=\"1643\" \/>Hoiustamine: Hoida kuivas ja jahedas kohas, eemal otsesest kuumusest ja lastele k\u00e4ttesaamatus kohas.<\/p>\n<p data-start=\"1745\" data-end=\"1928\">Hulgim\u00fc\u00fck ja partnerlus:<br data-start=\"1769\" data-end=\"1772\" \/>Kas soovid saada iseseisvaks edasim\u00fc\u00fcjaks v\u00f5i frantsiisipartneriks?<br data-start=\"1839\" data-end=\"1842\" \/>Pakume madalaid miinimumkoguseid, professionaalset kvaliteeti ja paindlikke tingimusi.<\/p>\n<p data-start=\"1930\" data-end=\"1988\" data-is-last-node=\"\" data-is-only-node=\"\">Liitu meie Cash &amp; Carry\u2019ga v\u00f5i kirjuta: <a class=\"decorated-link cursor-pointer\" rel=\"noopener\" data-start=\"1970\" data-end=\"1988\" data-is-last-node=\"\">biz@cbditaly.store<\/a><\/p>\n<\/div>\n<\/div>\n<\/div>\n<\/div>\n<\/div>\n<\/div>\n<\/article>\n<\/div>\n<\/div>\n","protected":false},"excerpt":{"rendered":"<p>Premium Swiss Cheese Joint THCVO 60% \u2013 3-pakend (4g)<\/p>\n","protected":false},"featured_media":16019,"template":"","meta":{"_joinchat":[]},"product_brand":[],"product_cat":[327,704,695,703],"product_tag":[],"class_list":{"0":"post-15241","1":"product","2":"type-product","3":"status-publish","4":"has-post-thumbnail","6":"product_cat-cbd-cbg-kanepi-oied","7":"product_cat-new","8":"product_cat-pre-rolls","9":"product_cat-thcvo","12":"first","13":"instock","14":"taxable","15":"shipping-taxable","16":"purchasable","17":"product-type-simple"},"tiered_pricing_type":"fixed","tiered_pricing_fixed_rules":[],"tiered_pricing_product_settings":{"layout":"default","base_unit_name":{"singular":null,"plural":null},"default_variation":null},"tiered_pricing_minimum_quantity":null,"tiered_pricing_roles_data":[],"tiered_pricing_percentage_rules":[],"tiered_pricing_maximum_quantity":null,"tiered_pricing_quantity_step":null,"_links":{"self":[{"href":"https:\/\/cbditaly.ee\/et\/wp-json\/wp\/v2\/product\/15241","targetHints":{"allow":["GET"]}}],"collection":[{"href":"https:\/\/cbditaly.ee\/et\/wp-json\/wp\/v2\/product"}],"about":[{"href":"https:\/\/cbditaly.ee\/et\/wp-json\/wp\/v2\/types\/product"}],"wp:featuredmedia":[{"embeddable":true,"href":"https:\/\/cbditaly.ee\/et\/wp-json\/wp\/v2\/media\/16019"}],"wp:attachment":[{"href":"https:\/\/cbditaly.ee\/et\/wp-json\/wp\/v2\/media?parent=15241"}],"wp:term":[{"taxonomy":"product_brand","embeddable":true,"href":"https:\/\/cbditaly.ee\/et\/wp-json\/wp\/v2\/product_brand?post=15241"},{"taxonomy":"product_cat","embeddable":true,"href":"https:\/\/cbditaly.ee\/et\/wp-json\/wp\/v2\/product_cat?post=15241"},{"taxonomy":"product_tag","embeddable":true,"href":"https:\/\/cbditaly.ee\/et\/wp-json\/wp\/v2\/product_tag?post=15241"}],"curies":[{"name":"wp","href":"https:\/\/api.w.org\/{rel}","templated":true}]}}