{"id":15392,"date":"2026-01-03T19:57:07","date_gmt":"2026-01-03T17:57:07","guid":{"rendered":"https:\/\/cbditaly.ee\/?post_type=product&#038;p=15392"},"modified":"2026-03-01T01:12:27","modified_gmt":"2026-02-28T23:12:27","slug":"harlequin-bud-cbd-20-thc","status":"publish","type":"product","link":"https:\/\/cbditaly.ee\/et\/product\/harlequin-bud-cbd-20-thc\/","title":{"rendered":"HARLEQUIN BUD CBD 20% THC<0,3%"},"content":{"rendered":"<p>Kanepi \u00f5ied HARLEQUIN CBD 20%<br \/>\nTHC &lt;0,3%<\/p>\n<p>\u00dclevaade:<br \/>\nHarlequin on h\u00e4sti tuntud ja geneetiliselt stabiilne CBD-rikas kanepisort, mida hinnatakse selle tasakaalustatud struktuuri ja puhta, klassikalise v\u00e4limuse poolest. K\u00f5rge CBD 20% sisaldus koos madala THC tasemega annab sordile selge professionaalse ja kollektsioonilise v\u00e4\u00e4rtuse. Tegemist on premium-kategooria kollektsioneerimistootega, mis sobib suurep\u00e4raselt professionaalsetesse esitluskeskkondadesse.<\/p>\n<p>V\u00e4limus ja aroom:<br \/>\n\u00d5ied on tihedad, vaigused ja \u00fchtlase kristalse h\u00e4rmatisega kaetud. Domineerivad heledad kuni keskmised rohelised toonid, mida r\u00f5hutavad oran\u017eid karvad. Aroomiprofiil on puhas ja taimne, kergelt \u00fcrdine ning v\u00e4rske, iseloomulik Harlequin geneetikale.<\/p>\n<p>Koostis ja omadused:<br \/>\nCBD: kuni 20%<br \/>\nTHC sisaldus: alla &lt;0,3%<br \/>\nLoomulik taimne koostis<br \/>\nStabiilne morfoloogia ja visuaalselt v\u00e4ga atraktiivne v\u00e4limus<\/p>\n<p>P\u00e4ritolu ja tootmine:<br \/>\nTooted on k\u00e4sitsi valitud ning hoolikalt kontrollitud, et tagada \u00fchtlane visuaalne kvaliteet.<br \/>\nP\u00e4ritolumaa: Itaalia<\/p>\n<p>Kasutus ja piirangud:<br \/>\nToote kasutus: Ainult professionaalseks kasutamiseks v\u00f5i kollektsioneerimiseks. Mitte inimtarbimiseks.<br \/>\nM\u00fc\u00fcgipiirangud: Ei m\u00fc\u00fcda alla 18-aastastele.<br \/>\nHoiustamine: Hoida kuivas ja jahedas kohas, eemal otsesest kuumusest ja lastele k\u00e4ttesaamatus kohas.<\/p>\n<p>Hulgim\u00fc\u00fck ja partnerlus:<br \/>\nKas soovid saada iseseisvaks edasim\u00fc\u00fcjaks v\u00f5i frantsiisipartneriks?<br \/>\nPakume madalaid miinimumkoguseid, professionaalset kvaliteeti ja paindlikke tingimusi.<\/p>\n<p>Liitu meie Cash &amp; Carry\u2019ga v\u00f5i kirjuta: <a href=\"mailto:biz@cbditaly.store\">biz@cbditaly.store<\/a><\/p>\n","protected":false},"excerpt":{"rendered":"<p>Kanepi \u00f5ied CBD 20% HARLEQUIN THC&lt;0,3%<br \/>\nSaadaval pakendites: 2g-3g-5g-10g-20g-50g<\/p>\n","protected":false},"featured_media":15399,"template":"","meta":{"_joinchat":[]},"product_brand":[],"product_cat":[705,327],"product_tag":[],"class_list":{"0":"post-15392","1":"product","2":"type-product","3":"status-publish","4":"has-post-thumbnail","6":"product_cat-cbd","7":"product_cat-cbd-cbg-kanepi-oied","10":"first","11":"instock","12":"purchasable","13":"product-type-simple"},"tiered_pricing_type":"fixed","tiered_pricing_fixed_rules":{"2":10,"5":7,"10":6,"20":5,"50":4,"100":3,"500":2},"tiered_pricing_product_settings":{"layout":"default","base_unit_name":{"singular":null,"plural":null},"default_variation":null},"tiered_pricing_minimum_quantity":null,"tiered_pricing_roles_data":[],"tiered_pricing_percentage_rules":[],"tiered_pricing_maximum_quantity":null,"tiered_pricing_quantity_step":null,"_links":{"self":[{"href":"https:\/\/cbditaly.ee\/et\/wp-json\/wp\/v2\/product\/15392","targetHints":{"allow":["GET"]}}],"collection":[{"href":"https:\/\/cbditaly.ee\/et\/wp-json\/wp\/v2\/product"}],"about":[{"href":"https:\/\/cbditaly.ee\/et\/wp-json\/wp\/v2\/types\/product"}],"wp:featuredmedia":[{"embeddable":true,"href":"https:\/\/cbditaly.ee\/et\/wp-json\/wp\/v2\/media\/15399"}],"wp:attachment":[{"href":"https:\/\/cbditaly.ee\/et\/wp-json\/wp\/v2\/media?parent=15392"}],"wp:term":[{"taxonomy":"product_brand","embeddable":true,"href":"https:\/\/cbditaly.ee\/et\/wp-json\/wp\/v2\/product_brand?post=15392"},{"taxonomy":"product_cat","embeddable":true,"href":"https:\/\/cbditaly.ee\/et\/wp-json\/wp\/v2\/product_cat?post=15392"},{"taxonomy":"product_tag","embeddable":true,"href":"https:\/\/cbditaly.ee\/et\/wp-json\/wp\/v2\/product_tag?post=15392"}],"curies":[{"name":"wp","href":"https:\/\/api.w.org\/{rel}","templated":true}]}}