{"id":7907,"date":"2020-04-08T00:01:49","date_gmt":"2020-04-07T21:01:49","guid":{"rendered":"https:\/\/cbditaly.ee\/est\/product\/import-placeholder-for-7867\/"},"modified":"2025-12-30T01:15:28","modified_gmt":"2025-12-29T23:15:28","slug":"cbd-oliivioli-12-sportline","status":"publish","type":"product","link":"https:\/\/cbditaly.ee\/et\/product\/cbd-oliivioli-12-sportline\/","title":{"rendered":"CBD Oliivi\u00f5li 12% SPORTLINE"},"content":{"rendered":"<p>CBD 12%, Extra virgin oliivi\u00f5li, THC vaba, \u201cSPORTLINE\u201d sisaldab 1200mg orgaanilist CBD isolaati, 99,9% puhtus, ekstraheeritud Itaalia kanepist, oliivi\u00f5lis. Hoida lastele k\u00e4ttesaamatus kohas. V\u00e4ltida kokkupuudet silmade ja lahtiste haavadega. THC-vaba. \u2013 Valmistatud EU-s.<\/p>\n<p>Tootja: Organic CBDITALY Limited<br \/>\nHulgim\u00fc\u00fck: <a href=\"https:\/\/www.cbditaly.store\/\" target=\"_blank\" rel=\"noopener\">www.cbditaly.store<\/a><\/p>\n<pre>ELis CPNP-s registreeritud kosmeetikatoode.<\/pre>\n","protected":false},"excerpt":{"rendered":"<p>CBD Oliivi\u00f5li 12%, orgaaniline &#8220;SPORTLINE&#8221; -10ml.-<\/p>\n","protected":false},"featured_media":10798,"template":"","meta":{"_joinchat":[]},"product_brand":[],"product_cat":[626],"product_tag":[],"class_list":{"0":"post-7907","1":"product","2":"type-product","3":"status-publish","4":"has-post-thumbnail","6":"product_cat-sportline-cbd-cbg-olid","9":"first","10":"instock","11":"sale","12":"purchasable","13":"product-type-simple"},"tiered_pricing_type":"fixed","tiered_pricing_fixed_rules":{"2":31,"5":30,"10":27},"tiered_pricing_product_settings":{"layout":"default","base_unit_name":{"singular":null,"plural":null},"default_variation":null},"tiered_pricing_minimum_quantity":null,"tiered_pricing_roles_data":[],"tiered_pricing_percentage_rules":[],"tiered_pricing_maximum_quantity":null,"tiered_pricing_quantity_step":null,"_links":{"self":[{"href":"https:\/\/cbditaly.ee\/et\/wp-json\/wp\/v2\/product\/7907","targetHints":{"allow":["GET"]}}],"collection":[{"href":"https:\/\/cbditaly.ee\/et\/wp-json\/wp\/v2\/product"}],"about":[{"href":"https:\/\/cbditaly.ee\/et\/wp-json\/wp\/v2\/types\/product"}],"wp:featuredmedia":[{"embeddable":true,"href":"https:\/\/cbditaly.ee\/et\/wp-json\/wp\/v2\/media\/10798"}],"wp:attachment":[{"href":"https:\/\/cbditaly.ee\/et\/wp-json\/wp\/v2\/media?parent=7907"}],"wp:term":[{"taxonomy":"product_brand","embeddable":true,"href":"https:\/\/cbditaly.ee\/et\/wp-json\/wp\/v2\/product_brand?post=7907"},{"taxonomy":"product_cat","embeddable":true,"href":"https:\/\/cbditaly.ee\/et\/wp-json\/wp\/v2\/product_cat?post=7907"},{"taxonomy":"product_tag","embeddable":true,"href":"https:\/\/cbditaly.ee\/et\/wp-json\/wp\/v2\/product_tag?post=7907"}],"curies":[{"name":"wp","href":"https:\/\/api.w.org\/{rel}","templated":true}]}}