{"id":8371,"date":"2020-04-28T17:12:28","date_gmt":"2020-04-28T14:12:28","guid":{"rendered":"https:\/\/cbditaly.ee\/est\/?post_type=product&#038;p=8371"},"modified":"2024-12-20T17:54:47","modified_gmt":"2024-12-20T15:54:47","slug":"cbd-kristallid-995-puhas-kannabidiool-2g","status":"publish","type":"product","link":"https:\/\/cbditaly.ee\/et\/product\/cbd-kristallid-995-puhas-kannabidiool-2g\/","title":{"rendered":"CBD kristallid 99,5% puhas kannabidiool 2g"},"content":{"rendered":"<p><strong>CBD ISOLAAT 99.8\/99.5% puhas kannabidiool<\/strong><\/p>\n<p>CBD kristallid, mida tuntakse ka CBD isolaadikristallidena, on k\u00f5rgelt puhastatud kannabidiooli (CBD) vorm. Neid toodetakse CBD ekstraheerimisel kanepitaimest ja seej\u00e4rel selle puhastamisel, et eemaldada k\u00f5ik teised taimsetest \u00fchenditest, sealhulgas muud kannabinoidid, terpeenid ja igasugused THC (tetrah\u00fcdrokannabinooli) j\u00e4\u00e4gid. Tulemuseks on toode, mis koosneb peamiselt puhtast CBD-st kristallilisel kujul.<\/p>\n<p>CBD kristallide olulised omadused h\u00f5lmavad j\u00e4rgmist:<\/p>\n<p>1. **Puhtus**: CBD kristallid on tavaliselt 99% puhas CBD v\u00f5i k\u00f5rgema puhtusastmega, muutes need \u00fcheks puhtaimaks CBD vormiks.<\/p>\n<p>2. **Maitse ja L\u00f5hneta**: Neil puudub maitse ja l\u00f5hn, mis v\u00f5ib olla soovitav neile, kes soovivad v\u00e4ltida t\u00e4isspektri CBD toodete maal\u00e4hedast maitset.<\/p>\n<p>3. **THC-vaba**: CBD kristallid ei sisalda THC-d, seega ei tekita need ps\u00fchhoaktiivseid efekte.<\/p>\n<p>4. **Mitmek\u00fclgsus**: Neid saab kasutada mitmel erineval viisil, n\u00e4iteks segades neid baas\u00f5lidega CBD tinktuuride loomiseks, lisades neid toidule ja jookidele v\u00f5i isegi aurustamiseks v\u00f5i dabbinguks kiiremate efektide saamiseks.<\/p>\n<p>5. **T\u00e4pne Annustamine**: T\u00e4nu nende suurele puhtusele on lihtne m\u00f5\u00f5ta ja kontrollida CBD t\u00e4pset annust, kui kasutate kristalle.<\/p>\n<p>CBD kristallid on populaarsed inimeste seas, kes soovivad kogeda CBD v\u00f5imalikke eeliseid, ilma et nad tarbiksid muid kanepitaime \u00fchendeid. Neid valivad sageli inimesed, kes alluvad regulaarsetele narkotestidele ja soovivad tagada, et nad ei tarbi THC-d. Siiski tuleb meeles pidada, et m\u00f5ned kasutajad eelistavad t\u00e4isspektri v\u00f5i laiaspektrilisi CBD tooteid, kuna nad usuvad &#8220;kaaslasefekti&#8221;, kus taime erinevad \u00fchendid t\u00f6\u00f6tavad s\u00fcnergeetiliselt koos, et suurendada \u00fcldisi eeliseid.<\/p>\n<p>Valmistatud EU-s. Organic CBDITALY (HU) &#8211; M\u00f5eldud labori- ja teadusuuringuteks \u00fclikoolidele ja muudele teadusasutustele. Hoida lastele k\u00e4ttesaamatus kohas.<\/p>\n<p>Hulgim\u00fc\u00fck: <a href=\"https:\/\/www.cbditaly.store\/\" target=\"_blank\" rel=\"noopener\">www.cbditaly.store<\/a><\/p>\n","protected":false},"excerpt":{"rendered":"<p>Kannabidiool kristallid 99,5% puhtad orgaanilisest kanepist. Saadaval pakendites: 2g<\/p>\n","protected":false},"featured_media":11063,"template":"","meta":{"_joinchat":[]},"product_brand":[],"product_cat":[635,468],"product_tag":[],"class_list":{"0":"post-8371","1":"product","2":"type-product","3":"status-publish","4":"has-post-thumbnail","6":"product_cat-cbd-cbg-kristallid","7":"product_cat-diy","10":"first","11":"instock","12":"purchasable","13":"product-type-simple"},"tiered_pricing_type":"fixed","tiered_pricing_fixed_rules":{"3":25,"5":20,"10":15},"tiered_pricing_product_settings":{"layout":"default","base_unit_name":{"singular":null,"plural":null},"default_variation":null},"tiered_pricing_minimum_quantity":null,"tiered_pricing_roles_data":[],"tiered_pricing_percentage_rules":[],"tiered_pricing_maximum_quantity":null,"tiered_pricing_quantity_step":null,"_links":{"self":[{"href":"https:\/\/cbditaly.ee\/et\/wp-json\/wp\/v2\/product\/8371","targetHints":{"allow":["GET"]}}],"collection":[{"href":"https:\/\/cbditaly.ee\/et\/wp-json\/wp\/v2\/product"}],"about":[{"href":"https:\/\/cbditaly.ee\/et\/wp-json\/wp\/v2\/types\/product"}],"wp:featuredmedia":[{"embeddable":true,"href":"https:\/\/cbditaly.ee\/et\/wp-json\/wp\/v2\/media\/11063"}],"wp:attachment":[{"href":"https:\/\/cbditaly.ee\/et\/wp-json\/wp\/v2\/media?parent=8371"}],"wp:term":[{"taxonomy":"product_brand","embeddable":true,"href":"https:\/\/cbditaly.ee\/et\/wp-json\/wp\/v2\/product_brand?post=8371"},{"taxonomy":"product_cat","embeddable":true,"href":"https:\/\/cbditaly.ee\/et\/wp-json\/wp\/v2\/product_cat?post=8371"},{"taxonomy":"product_tag","embeddable":true,"href":"https:\/\/cbditaly.ee\/et\/wp-json\/wp\/v2\/product_tag?post=8371"}],"curies":[{"name":"wp","href":"https:\/\/api.w.org\/{rel}","templated":true}]}}