{"id":9467,"date":"2020-10-14T15:43:07","date_gmt":"2020-10-14T12:43:07","guid":{"rendered":"https:\/\/cbditaly.ee\/?post_type=product&#038;p=9467"},"modified":"2026-02-23T20:02:14","modified_gmt":"2026-02-23T18:02:14","slug":"kanepitee-25g-100-lemon-skunk","status":"publish","type":"product","link":"https:\/\/cbditaly.ee\/et\/product\/kanepitee-25g-100-lemon-skunk\/","title":{"rendered":"KANEPITEE \u2013 25g (100% Lemon skunk)"},"content":{"rendered":"<p data-start=\"186\" data-end=\"228\"><strong data-start=\"186\" data-end=\"226\">KANEPITEE Lemon Skunk \u2013 25 g<\/strong><\/p>\n<p data-start=\"65\" data-end=\"204\">Avasta <em data-start=\"72\" data-end=\"85\">Lemon Skunk<\/em> kanepitaimetee \u2013 ainulaadne segu, mis \u00fchendab sidruni v\u00e4rskendava m\u00f5rkuse ja kvaliteetse kanepi looduslikud n\u00fcansid.<\/p>\n<p data-start=\"206\" data-end=\"440\">Iga pakk sisaldab hoolikalt valitud, j\u00e4tkusuutlikult kasvatatud koostisosi, tagades puhta ja autentse maitse. \u00d5rn t\u00f6\u00f6tlemine aitab s\u00e4ilitada nii sidruni kui ka kanepi iseloomulikud omadused, andes teele loomuliku ja meeldiva aroomi.<\/p>\n<p data-start=\"442\" data-end=\"558\">Igap\u00e4evaseks nautimiseks v\u00f5i erilisteks hetkedeks on <em data-start=\"495\" data-end=\"508\">Lemon Skunk<\/em> kanepitaimetee loomulik ja maitsek\u00fcllane valik.<\/p>\n<p>Tootja: Organic CBDITALY Limited<\/p>\n<p>Hulgim\u00fc\u00fck: <a href=\"https:\/\/www.cbditaly.store\/\" target=\"_blank\" rel=\"noopener\">www.cbditaly.store<\/a><\/p>\n","protected":false},"excerpt":{"rendered":"<p><strong data-start=\"186\" data-end=\"226\">Kanepitee Lemon Skunk \u2013 25 g, CBD<\/strong><\/p>\n","protected":false},"featured_media":14177,"template":"","meta":{"_joinchat":[]},"product_brand":[],"product_cat":[468,677,665],"product_tag":[],"class_list":{"0":"post-9467","1":"product","2":"type-product","3":"status-publish","4":"has-post-thumbnail","6":"product_cat-diy","7":"product_cat-green-goddess-republic","8":"product_cat-taimeteed-ja-kanepiteed","11":"first","12":"instock","13":"sale","14":"purchasable","15":"product-type-simple"},"tiered_pricing_type":"fixed","tiered_pricing_fixed_rules":{"5":6},"tiered_pricing_product_settings":{"layout":"default","base_unit_name":{"singular":null,"plural":null},"default_variation":null},"tiered_pricing_minimum_quantity":null,"tiered_pricing_roles_data":[],"tiered_pricing_percentage_rules":[],"tiered_pricing_maximum_quantity":null,"tiered_pricing_quantity_step":null,"_links":{"self":[{"href":"https:\/\/cbditaly.ee\/et\/wp-json\/wp\/v2\/product\/9467","targetHints":{"allow":["GET"]}}],"collection":[{"href":"https:\/\/cbditaly.ee\/et\/wp-json\/wp\/v2\/product"}],"about":[{"href":"https:\/\/cbditaly.ee\/et\/wp-json\/wp\/v2\/types\/product"}],"wp:featuredmedia":[{"embeddable":true,"href":"https:\/\/cbditaly.ee\/et\/wp-json\/wp\/v2\/media\/14177"}],"wp:attachment":[{"href":"https:\/\/cbditaly.ee\/et\/wp-json\/wp\/v2\/media?parent=9467"}],"wp:term":[{"taxonomy":"product_brand","embeddable":true,"href":"https:\/\/cbditaly.ee\/et\/wp-json\/wp\/v2\/product_brand?post=9467"},{"taxonomy":"product_cat","embeddable":true,"href":"https:\/\/cbditaly.ee\/et\/wp-json\/wp\/v2\/product_cat?post=9467"},{"taxonomy":"product_tag","embeddable":true,"href":"https:\/\/cbditaly.ee\/et\/wp-json\/wp\/v2\/product_tag?post=9467"}],"curies":[{"name":"wp","href":"https:\/\/api.w.org\/{rel}","templated":true}]}}