{"id":7847,"date":"2020-04-07T19:25:44","date_gmt":"2020-04-07T17:25:44","guid":{"rendered":"https:\/\/cbditaly.ee\/est\/?page_id=7847"},"modified":"2026-03-03T23:16:37","modified_gmt":"2026-03-03T21:16:37","slug":"privacy-poilcy","status":"publish","type":"page","link":"https:\/\/cbditaly.ee\/fi\/privacy-poilcy\/","title":{"rendered":"Myynti- ja palautusehdot"},"content":{"rendered":"<div class=\"wpb-content-wrapper\"><div class=\"vc_row wpb_row vc_row-fluid\"><div class=\"wpb_column vc_column_container vc_col-sm-12\"><div class=\"vc_column-inner\"><div class=\"wpb_wrapper\"><div class=\"vc_row wpb_row vc_inner vc_row-fluid\"><div class=\"wpb_column vc_column_container vc_col-sm-12\"><div class=\"vc_column-inner\"><div class=\"wpb_wrapper\">\n\t<div class=\"wpb_text_column wpb_content_element\" >\n\t\t<div class=\"wpb_wrapper\">\n\t\t\t<p><span style=\"color: #000; text-size: 20px;\">Kui meie veebileht tundub hetkel veidi probleemne, siis palume mitte muretseda \u2013 teostame hetkel tehnilisi uuendusi ja parandust\u00f6id.<\/span><br \/>\n<span style=\"color: #000;\">Tellimusi saab teha tavap\u00e4raselt ja turvaliselt. K\u00f5ik on kontrolli all ning s\u00fcsteem t\u00f6\u00f6tab.<\/span><br \/>\n<span style=\"color: #000;\">T\u00e4name m\u00f5istva suhtumise eest!<\/span><\/p>\n<p><span style=\"color: #000;\">If our website appears to be experiencing some issues at the moment, please do not worry \u2014 we are currently carrying out technical updates and improvements.<\/span><br \/>\n<span style=\"color: #000;\">You can place your orders as usual and with full confidence. Everything is under control and the system is functioning properly.<\/span><br \/>\n<span style=\"color: #000;\">Thank you for your understanding.<\/span><\/p>\n\n\t\t<\/div>\n\t<\/div>\n<div class=\"vc_separator wpb_content_element vc_separator_align_center vc_sep_width_30 vc_sep_pos_align_center vc_separator_no_text vc_sep_color_grey wpb_content_element  wpb_content_element\" ><span class=\"vc_sep_holder vc_sep_holder_l\"><span class=\"vc_sep_line\"><\/span><\/span><span class=\"vc_sep_holder vc_sep_holder_r\"><span class=\"vc_sep_line\"><\/span><\/span>\n<\/div><\/div><\/div><\/div><\/div>\n\t<div class=\"wpb_text_column wpb_content_element\" >\n\t\t<div class=\"wpb_wrapper\">\n\t\t\t<p>Myynti- ja palautusehdot\n\nVerkkokaupan https:\/\/cbditaly.ee\/\n omistaja on INK AND CHILL LATVIJA, RIGA, Audeju iela 5, Latvia, REG. CODE: 40203640893.\nPankkitili: LT114010051005604276.\n\nSopimuksen voimassaolo, tuotetiedot ja hinnat\n\nN\u00e4m\u00e4 ehdot koskevat verkkokaupan ja asiakkaan v\u00e4lisi\u00e4 oikeuksia ja velvollisuuksia tavaroiden ostossa.\n\nEhdot koskevat kaikkia verkkokaupassa tehtyj\u00e4 ostoksia.\n\nTuotteiden hinnat on ilmoitettu tuotteiden yhteydess\u00e4. Toimituskulut voidaan lis\u00e4t\u00e4 hintaan.\n\nToimitusmaksu riippuu asiakkaan sijainnista ja valitusta toimitustavasta ja n\u00e4ytet\u00e4\u00e4n tilauksen yhteydess\u00e4.\n\nVerkkokauppa pid\u00e4tt\u00e4\u00e4 oikeuden muuttaa ehtoja ja hintoja.\n\nTilaus\n\nTilauksen tekemiseksi tuotteet lis\u00e4t\u00e4\u00e4n ostoskoriin ja vaaditut tiedot t\u00e4ytet\u00e4\u00e4n.\n\nSopimus astuu voimaan, kun maksu on vastaanotettu verkkokaupan pankkitilille.\n\nJos tuotetta ei voida toimittaa, maksu palautetaan 14 p\u00e4iv\u00e4n kuluessa.\n\nJos vahvistettu mutta l\u00e4hett\u00e4m\u00e4t\u00f6n tilaus peruutetaan, CBDITALY voi pid\u00e4tt\u00e4\u00e4 10 % hallinnointimaksun (v\u00e4hint\u00e4\u00e4n 10 \u20ac).\n\nT\u00e4m\u00e4 ei koske lakis\u00e4\u00e4teist\u00e4 peruuttamisoikeutta.\n\nPeruuttamisoikeus ja palautus\n\nAsiakkaalla on 14 p\u00e4iv\u00e4n peruuttamisoikeus.\n\nPalautettavan tuotteen tulee olla k\u00e4ytt\u00e4m\u00e4t\u00f6n ja alkuper\u00e4ispakkauksessa.\n\nPalautuskulut maksaa asiakas, ellei tuote ole virheellinen.\n\nRaha palautetaan 14 p\u00e4iv\u00e4n kuluessa verkkokaupan kirjallisesta hyv\u00e4ksynn\u00e4st\u00e4 ja tarkastuksesta.\n\nOUTLET-TUOTTEITA KOSKEVAT ERITYISEHDOT\n\nOutlet-tuotteet voivat olla jopa \u201370 % alennettuja.\n\nNe voivat olla aiempien kausien eri\u00e4 tai 6\u201318 kuukautta varastossa olleita tuotteita.\n\nPitk\u00e4 s\u00e4ilytys voi vaikuttaa ulkon\u00e4k\u00f6\u00f6n, koostumukseen, kosteuteen tai aromiin.\n\nLuonnollinen kuivuminen voi aiheuttaa haurautta tai murenemista.\n\nOstaessaan Outlet-tuotteen asiakas hyv\u00e4ksyy mahdolliset erot normaalivalikoimaan verrattuna.\n\nSeuraavia ei katsota virheiksi:\n\n\u2013 luonnollinen kuivuminen\n\u2013 koostumuksen muutokset\n\u2013 osittainen mureneminen\n\u2013 aromin heikkeneminen\n\u2013 er\u00e4kohtaiset visuaaliset erot\n\nCBDITALY k\u00e4sittelee reklamaatiot tapauskohtaisesti.\n\nRiitojen ratkaisu\n\nMahdolliset riidat pyrit\u00e4\u00e4n ratkaisemaan neuvotteluteitse. Tarvittaessa asiakas voi k\u00e4\u00e4nty\u00e4 toimivaltaisen viranomaisen tai tuomioistuimen puoleen.<\/p>\n\n\t\t<\/div>\n\t<\/div>\n<\/div><\/div><\/div><\/div>\n<\/div>","protected":false},"excerpt":{"rendered":"Kui meie veebileht tundub hetkel veidi probleemne, siis palume mitte muretseda \u2013 teostame hetkel tehnilisi uuendusi ja parandust\u00f6id. Tellimusi saab teha tavap\u00e4raselt ja turvaliselt. K\u00f5ik on kontrolli all ning s\u00fcsteem t\u00f6\u00f6tab. T\u00e4name m\u00f5istva suhtumise eest! If our website appears to be experiencing some issues at the moment, please do not worry \u2014 we are currently carrying out technical updates and improvements. You can place your orders as usual and with full confidence. Everything is under control and the system is functioning properly. Thank you for your understanding. M\u00fc\u00fcgi- ja tagastustingimused Veebipoe https:\/\/cbditaly.ee\/ omanik on INK AND CHILL LATVIJA, RIGA, Audeju iela 5, L\u00e4ti, REG. CODE: 40203640893. Arvelduskonto: LT114010051005604276. M\u00fc\u00fcgilepingu kehtivus, kauba- ja hinnainfo K\u00e4esolevad m\u00fc\u00fcgitingimused kehtivad Veebipoe ja kliendi (edaspidi Klient) vahel kaupade ostmisel tekkivate \u00f5iguste ja kohustuste kohta. M\u00fc\u00fcgitingimused kehtivad k\u00f5igile Veebipoest tehtud ostudele. Veebipoes m\u00fc\u00fcdavate toodete hinnad on m\u00e4rgitud toodete juurde. Hinnale lisandub vajadusel tasu kauba k\u00e4ttetoimetamise eest. [...]","protected":false},"author":2,"featured_media":0,"parent":0,"menu_order":0,"comment_status":"closed","ping_status":"closed","template":"page-templates\/full-width.php","meta":{"_joinchat":[],"footnotes":""},"class_list":["post-7847","page","type-page","status-publish","hentry"],"brizy_media":[],"_links":{"self":[{"href":"https:\/\/cbditaly.ee\/fi\/wp-json\/wp\/v2\/pages\/7847","targetHints":{"allow":["GET"]}}],"collection":[{"href":"https:\/\/cbditaly.ee\/fi\/wp-json\/wp\/v2\/pages"}],"about":[{"href":"https:\/\/cbditaly.ee\/fi\/wp-json\/wp\/v2\/types\/page"}],"author":[{"embeddable":true,"href":"https:\/\/cbditaly.ee\/fi\/wp-json\/wp\/v2\/users\/2"}],"replies":[{"embeddable":true,"href":"https:\/\/cbditaly.ee\/fi\/wp-json\/wp\/v2\/comments?post=7847"}],"version-history":[{"count":27,"href":"https:\/\/cbditaly.ee\/fi\/wp-json\/wp\/v2\/pages\/7847\/revisions"}],"predecessor-version":[{"id":15912,"href":"https:\/\/cbditaly.ee\/fi\/wp-json\/wp\/v2\/pages\/7847\/revisions\/15912"}],"wp:attachment":[{"href":"https:\/\/cbditaly.ee\/fi\/wp-json\/wp\/v2\/media?parent=7847"}],"curies":[{"name":"wp","href":"https:\/\/api.w.org\/{rel}","templated":true}]}}