{"id":10401,"date":"2021-12-13T13:41:45","date_gmt":"2021-12-13T11:41:45","guid":{"rendered":"https:\/\/cbditaly.ee\/?post_type=product&#038;p=10401"},"modified":"2026-03-01T01:16:59","modified_gmt":"2026-02-28T23:16:59","slug":"moon-rocks-cbd-40-thc","status":"publish","type":"product","link":"https:\/\/cbditaly.ee\/fi\/product\/moon-rocks-cbd-40-thc\/","title":{"rendered":"MOON ROCKS CBD 40% THC<0.3%"},"content":{"rendered":"<p>Hampun Kukat CBD 40% MOON ROCKS (CBD-KUKAT + FULL SPECTRUM \u00d6LJY + SUPER POLLEN)<\/p>\n<p>CBD Moon Rocks valmistetaan erityisell\u00e4 prosessilla, joka lis\u00e4\u00e4 niiden potentiaalia ja makua. N\u00e4in ne tavallisesti valmistetaan:<\/p>\n<ol>\n<li>CBD Moon Rocksin pohjana ovat yleens\u00e4 korkealaatuiset, CBD-rikkaat hampunkukat. N\u00e4m\u00e4 valitaan niiden kannabinoidipitoisuuden ja yleisen laadun perusteella.<\/li>\n<li>Valitut hampunkukat liotetaan CBD-uutteessa. T\u00e4m\u00e4 uute on usein konsentroitu CBD-\u00f6ljy, joka tarttuu hyvin kukkasilmuihin. T\u00e4m\u00e4 vaihe on t\u00e4rke\u00e4, koska se lis\u00e4\u00e4 merkitt\u00e4v\u00e4sti lopputuotteen CBD-pitoisuutta.<\/li>\n<li>Liottamisen j\u00e4lkeen CBD-\u00f6ljyss\u00e4 silmuja kieritell\u00e4\u00e4n tai ripotellaan CBD-kiefill\u00e4. Kief koostuu kannabiksen hartsirauhasista (tai trikomeista), jotka sis\u00e4lt\u00e4v\u00e4t korkeita kannabinoidi- ja terpeenipitoisuuksia. T\u00e4m\u00e4 p\u00e4\u00e4llyste lis\u00e4\u00e4 viel\u00e4 yhden kerroksen CBD\n\u00e4 ja parantaa Moon Rocksin makua ja terapeuttista vaikutusta.<\/li>\n<li>Kun silmut on p\u00e4\u00e4llystetty, Moon Rocks on kuivattava kunnolla. T\u00e4m\u00e4 varmistaa, etteiv\u00e4t ne ole liian tahmeita ja ett\u00e4 niit\u00e4 on helppo k\u00e4sitell\u00e4 ja k\u00e4ytt\u00e4\u00e4.<\/li>\n<\/ol>\n<p>Tuloksena on eritt\u00e4in voimakas tuote, joka on vahvempi kuin tavallinen CBD-kukka, tarjoten konsentroidumman CBD-muodon vahvistetuilla vaikutuksilla. CBD Moon Rocksia k\u00e4ytet\u00e4\u00e4n yleens\u00e4 tupakointiin tai h\u00f6yryst\u00e4miseen, ja ne tunnetaan voimakkaista vaikutuksistaan ja nopeasta vaikutusajastaan.<\/p>\n<p>100% KANNABIS-KUKAT Orgaaniset Hampun Kukat \u2013 THC &lt;0.3% \u2013 CBD 40% \u2013 CBG 1.4% \u2013 2g-100g<\/p>\n<p><a href=\"https:\/\/cbditaly.store\/et\/cashandcarry\/\" target=\"_blank\" rel=\"noopener\">Tukkukauppa: <\/a><a href=\"https:\/\/www.cbditaly.store\/\" target=\"_blank\" rel=\"noopener\">www.cbditaly.store<\/a><\/p>\n<p>Vain ammattik\u00e4ytt\u00f6\u00f6n tai ker\u00e4ilyyn. Ei ihmisravinnoksi.<br \/>\nMyyntirajoitus: ei myyd\u00e4 alle 18-vuotiaille.<br \/>\nS\u00e4ilytys: S\u00e4ilyt\u00e4 kuivassa paikassa, poissa l\u00e4mm\u00f6nl\u00e4hteist\u00e4 ja lasten ulottuvilta.<br \/>\nAlkuper\u00e4maa: Italy<\/p>","protected":false},"excerpt":{"rendered":"<p>Kanepi \u00f5ied MOON ROCKS CBD 40%<br \/>\nSaatavilla pakkauksissa: 2g-3g-5g-10g-20g-50g-100g<\/p>","protected":false},"featured_media":11511,"template":"","meta":{"_joinchat":[]},"product_brand":[],"product_cat":[705,327],"product_tag":[],"class_list":{"0":"post-10401","1":"product","2":"type-product","3":"status-publish","4":"has-post-thumbnail","6":"product_cat-cbd","7":"product_cat-cbd-cbg-kanepi-oied","10":"first","11":"instock","12":"sale","13":"purchasable","14":"product-type-simple"},"tiered_pricing_type":"fixed","tiered_pricing_fixed_rules":{"2":12,"3":11,"5":10,"10":9,"20":8.5,"50":7.5,"100":6.7,"1000":4},"tiered_pricing_product_settings":{"layout":"default","base_unit_name":{"singular":null,"plural":null},"default_variation":null},"tiered_pricing_minimum_quantity":null,"tiered_pricing_roles_data":[],"tiered_pricing_percentage_rules":[],"tiered_pricing_maximum_quantity":null,"tiered_pricing_quantity_step":null,"_links":{"self":[{"href":"https:\/\/cbditaly.ee\/fi\/wp-json\/wp\/v2\/product\/10401","targetHints":{"allow":["GET"]}}],"collection":[{"href":"https:\/\/cbditaly.ee\/fi\/wp-json\/wp\/v2\/product"}],"about":[{"href":"https:\/\/cbditaly.ee\/fi\/wp-json\/wp\/v2\/types\/product"}],"wp:featuredmedia":[{"embeddable":true,"href":"https:\/\/cbditaly.ee\/fi\/wp-json\/wp\/v2\/media\/11511"}],"wp:attachment":[{"href":"https:\/\/cbditaly.ee\/fi\/wp-json\/wp\/v2\/media?parent=10401"}],"wp:term":[{"taxonomy":"product_brand","embeddable":true,"href":"https:\/\/cbditaly.ee\/fi\/wp-json\/wp\/v2\/product_brand?post=10401"},{"taxonomy":"product_cat","embeddable":true,"href":"https:\/\/cbditaly.ee\/fi\/wp-json\/wp\/v2\/product_cat?post=10401"},{"taxonomy":"product_tag","embeddable":true,"href":"https:\/\/cbditaly.ee\/fi\/wp-json\/wp\/v2\/product_tag?post=10401"}],"curies":[{"name":"wp","href":"https:\/\/api.w.org\/{rel}","templated":true}]}}