{"id":10587,"date":"2022-01-20T20:13:55","date_gmt":"2022-01-20T18:13:55","guid":{"rendered":"https:\/\/cbditaly.ee\/?post_type=product&#038;p=10587"},"modified":"2025-12-30T03:01:15","modified_gmt":"2025-12-30T01:01:15","slug":"cbd-kanepioli-6-raw-full-spectrum-cbda-cbga","status":"publish","type":"product","link":"https:\/\/cbditaly.ee\/fi\/product\/cbd-kanepioli-6-raw-full-spectrum-cbda-cbga\/","title":{"rendered":"CBD Kannabis\u00f6ljy 6% RAW Full Spectrum, CBDA-CBGA"},"content":{"rendered":"<p><strong>CBD Kanepi\u00f5li 6% RAW FULL SPECTRUM, CBDA-CBGA.<\/strong><\/p>\n<p>Luomu raaka, kuumentamaton t\u00e4yden spektrin uute, joka sis\u00e4lt\u00e4\u00e4 600 mg CBD:t\u00e4, CBDA:ta, CBDV:t\u00e4 ja CBGA:ta. Saadaan kylm\u00e4puristamalla italialaista luomukannabista MCT-perus\u00f6ljyyn. Pid\u00e4 poissa lasten ulottuvilta. V\u00e4lt\u00e4 kosketusta silmien ja avointen haavojen kanssa. THCA &lt;0,2 %. Valmistettu EU:ssa.<\/p>\n<p>Valmistaja: Organic CBDITALY Limited<br \/>\nTukkukauppa: <a href=\"https:\/\/www.cbditaly.store\/\" target=\"_blank\" rel=\"noopener\">www.cbditaly.store<\/a><\/p>\n<pre>EU:n CPNP:ss\u00e4 rekister\u00f6ity kosmetiikkatuote.<\/pre>","protected":false},"excerpt":{"rendered":"<p>CBD Kannabis\u00f6ljy 6% RAW Full Spectrum, CBDA-CBGA \u2013 10 ml<\/p>","protected":false},"featured_media":10902,"template":"","meta":{"_joinchat":[]},"product_brand":[],"product_cat":[421],"product_tag":[],"class_list":{"0":"post-10587","1":"product","2":"type-product","3":"status-publish","4":"has-post-thumbnail","6":"product_cat-raw-cbda-cbd-olid","9":"first","10":"instock","11":"purchasable","12":"product-type-simple"},"tiered_pricing_type":"fixed","tiered_pricing_fixed_rules":{"3":42,"5":40,"10":35},"tiered_pricing_product_settings":{"layout":"default","base_unit_name":{"singular":null,"plural":null},"default_variation":null},"tiered_pricing_minimum_quantity":null,"tiered_pricing_roles_data":[],"tiered_pricing_percentage_rules":[],"tiered_pricing_maximum_quantity":null,"tiered_pricing_quantity_step":null,"_links":{"self":[{"href":"https:\/\/cbditaly.ee\/fi\/wp-json\/wp\/v2\/product\/10587","targetHints":{"allow":["GET"]}}],"collection":[{"href":"https:\/\/cbditaly.ee\/fi\/wp-json\/wp\/v2\/product"}],"about":[{"href":"https:\/\/cbditaly.ee\/fi\/wp-json\/wp\/v2\/types\/product"}],"wp:featuredmedia":[{"embeddable":true,"href":"https:\/\/cbditaly.ee\/fi\/wp-json\/wp\/v2\/media\/10902"}],"wp:attachment":[{"href":"https:\/\/cbditaly.ee\/fi\/wp-json\/wp\/v2\/media?parent=10587"}],"wp:term":[{"taxonomy":"product_brand","embeddable":true,"href":"https:\/\/cbditaly.ee\/fi\/wp-json\/wp\/v2\/product_brand?post=10587"},{"taxonomy":"product_cat","embeddable":true,"href":"https:\/\/cbditaly.ee\/fi\/wp-json\/wp\/v2\/product_cat?post=10587"},{"taxonomy":"product_tag","embeddable":true,"href":"https:\/\/cbditaly.ee\/fi\/wp-json\/wp\/v2\/product_tag?post=10587"}],"curies":[{"name":"wp","href":"https:\/\/api.w.org\/{rel}","templated":true}]}}