{"id":10685,"date":"2022-02-18T18:04:10","date_gmt":"2022-02-18T16:04:10","guid":{"rendered":"https:\/\/cbditaly.ee\/?post_type=product&#038;p=10685"},"modified":"2024-12-20T17:53:49","modified_gmt":"2024-12-20T15:53:49","slug":"cbg-kristallid-97-5-puhas-cannabigerool-2g","status":"publish","type":"product","link":"https:\/\/cbditaly.ee\/fi\/product\/cbg-kristallid-97-5-puhas-cannabigerool-2g\/","title":{"rendered":"CBG-kiteet 97.5% puhdasta kannabigerolia - CBG-ISOLaatti 2g"},"content":{"rendered":"<p><strong>CBG ISOLAATTI 96.8-97.5 %  puhdasta kannabigerolia<br \/>\n<\/strong>Kannabigeroli, lyhennettyn\u00e4 CBG, on yksi luonnollisesti esiintyvist\u00e4 kannabinoideista, joita l\u00f6ytyy hamppu- ja kannabiskasveista. Se on myrkyt\u00f6n yhdiste eik\u00e4 sill\u00e4 ole psykoaktiivisia vaikutuksia, joten se ei aiheuta \"p\u00e4ihtymyst\u00e4\" tai \"korkeaa\" tunnetta kuten THC (tetrahydrokannabinoli). CBG eroaa THC \u00e4 ja CBD \u00e4 kemialliselta rakenteeltaan.<\/p>\n<p>CBG \u00e4 on potentiaalisia l\u00e4\u00e4ketieteellisi\u00e4 etuja, vaikka siit\u00e4 on v\u00e4hemm\u00e4n tutkimusta kuin CBD\n\u00e4 tai THC \u00e4. Joitakin tunnettuja potentiaalisia etuja ovat anti-inflammatoriset vaikutukset, kivun lievitys, antioksidanttivaikutukset ja mahdollinen k\u00e4ytt\u00f6 glaukooman ja muiden sairauksien hoidossa. Lis\u00e4\u00e4 tutkimusta tarvitaan kuitenkin CBG tarkkojen terveysvaikutusten ja sen k\u00e4ytt\u00f6alueiden ymm\u00e4rt\u00e4miseksi.<\/p>\n<p>Valmistettu EU. Organic CBDITALY (HU) \u2013 Tarkoitettu laboratorio- ja tieteelliseen tutkimukseen yliopistoille ja muille tutkimuslaitoksille. S\u00e4ilytett\u00e4v\u00e4 lasten ulottumattomissa.<\/p>\n<p>Tukkukauppa: <a href=\"https:\/\/www.cbditaly.store\/\" target=\"_blank\" rel=\"noopener\">www.cbditaly.store<\/a><\/p>","protected":false},"excerpt":{"rendered":"<p><strong>96.8-97.5 % Puhdasta kannabigerolia.<br \/>\n<\/strong>Saatavana 2 g pakkauksissa<\/p>","protected":false},"featured_media":11062,"template":"","meta":{"_joinchat":[]},"product_brand":[],"product_cat":[635,653,468],"product_tag":[],"class_list":{"0":"post-10685","1":"product","2":"type-product","3":"status-publish","4":"has-post-thumbnail","6":"product_cat-cbd-cbg-kristallid","7":"product_cat-cbg-cbga","8":"product_cat-diy","11":"first","12":"instock","13":"purchasable","14":"product-type-simple"},"tiered_pricing_type":"fixed","tiered_pricing_fixed_rules":{"3":50,"5":40,"10":30},"tiered_pricing_product_settings":{"layout":"default","base_unit_name":{"singular":null,"plural":null},"default_variation":null},"tiered_pricing_minimum_quantity":null,"tiered_pricing_roles_data":[],"tiered_pricing_percentage_rules":[],"tiered_pricing_maximum_quantity":null,"tiered_pricing_quantity_step":null,"_links":{"self":[{"href":"https:\/\/cbditaly.ee\/fi\/wp-json\/wp\/v2\/product\/10685","targetHints":{"allow":["GET"]}}],"collection":[{"href":"https:\/\/cbditaly.ee\/fi\/wp-json\/wp\/v2\/product"}],"about":[{"href":"https:\/\/cbditaly.ee\/fi\/wp-json\/wp\/v2\/types\/product"}],"wp:featuredmedia":[{"embeddable":true,"href":"https:\/\/cbditaly.ee\/fi\/wp-json\/wp\/v2\/media\/11062"}],"wp:attachment":[{"href":"https:\/\/cbditaly.ee\/fi\/wp-json\/wp\/v2\/media?parent=10685"}],"wp:term":[{"taxonomy":"product_brand","embeddable":true,"href":"https:\/\/cbditaly.ee\/fi\/wp-json\/wp\/v2\/product_brand?post=10685"},{"taxonomy":"product_cat","embeddable":true,"href":"https:\/\/cbditaly.ee\/fi\/wp-json\/wp\/v2\/product_cat?post=10685"},{"taxonomy":"product_tag","embeddable":true,"href":"https:\/\/cbditaly.ee\/fi\/wp-json\/wp\/v2\/product_tag?post=10685"}],"curies":[{"name":"wp","href":"https:\/\/api.w.org\/{rel}","templated":true}]}}