{"id":10821,"date":"2022-05-23T21:53:09","date_gmt":"2022-05-23T18:53:09","guid":{"rendered":"https:\/\/cbditaly.ee\/?post_type=product&#038;p=10821"},"modified":"2024-03-15T00:08:44","modified_gmt":"2024-03-14T22:08:44","slug":"hempacco-cbg-7-20g","status":"publish","type":"product","link":"https:\/\/cbditaly.ee\/fi\/product\/hempacco-cbg-7-20g\/","title":{"rendered":"HEMPACCO CBG 7% 20g"},"content":{"rendered":"<p><strong>CBG HEMPACCO 20g (100% CBG kanep nikotiinivaba)<\/strong><\/p>\n<p>\u201cHempacco\u201d on tuote, joka koostuu 100 % CBG-hampun kukista ja lehdist\u00e4. Se soveltuu erinomaisesti k\u00e4ytett\u00e4v\u00e4ksi sellaisenaan tupakan korvikkeena tai sekoitettuna hampun kanssa. Se on oikea valinta niille, jotka haluavat lopettaa tupakan k\u00e4yt\u00f6n ja suosivat orgaanista ja puhdasta tuotetta.<\/p>\n<p>100% kanep &#8211; 20g<\/p>\n<p>Tukkukauppa: <a href=\"https:\/\/www.cbditaly.store\/\" target=\"_blank\" rel=\"noopener\">www.cbditaly.store<\/a><\/p>","protected":false},"excerpt":{"rendered":"<p>\u201cHempacco\u201d on seos, joka koostuu 100 % CBG-hampun kukista ja lehdist\u00e4, ja sopii erinomaisesti niille, jotka haluavat lopettaa tupakan k\u00e4yt\u00f6n ja etsiv\u00e4t samalla orgaanista ja puhdasta vaihtoehtoa.<\/p>","protected":false},"featured_media":11086,"template":"","meta":{"_joinchat":[]},"product_brand":[],"product_cat":[653,468],"product_tag":[],"class_list":{"0":"post-10821","1":"product","2":"type-product","3":"status-publish","4":"has-post-thumbnail","6":"product_cat-cbg-cbga","7":"product_cat-diy","10":"first","11":"instock","12":"taxable","13":"shipping-taxable","14":"purchasable","15":"product-type-simple"},"tiered_pricing_type":"fixed","tiered_pricing_fixed_rules":{"3":11},"tiered_pricing_product_settings":{"layout":"default","base_unit_name":{"singular":null,"plural":null},"default_variation":null},"tiered_pricing_minimum_quantity":null,"tiered_pricing_roles_data":[],"tiered_pricing_percentage_rules":[],"tiered_pricing_maximum_quantity":null,"tiered_pricing_quantity_step":null,"_links":{"self":[{"href":"https:\/\/cbditaly.ee\/fi\/wp-json\/wp\/v2\/product\/10821","targetHints":{"allow":["GET"]}}],"collection":[{"href":"https:\/\/cbditaly.ee\/fi\/wp-json\/wp\/v2\/product"}],"about":[{"href":"https:\/\/cbditaly.ee\/fi\/wp-json\/wp\/v2\/types\/product"}],"wp:featuredmedia":[{"embeddable":true,"href":"https:\/\/cbditaly.ee\/fi\/wp-json\/wp\/v2\/media\/11086"}],"wp:attachment":[{"href":"https:\/\/cbditaly.ee\/fi\/wp-json\/wp\/v2\/media?parent=10821"}],"wp:term":[{"taxonomy":"product_brand","embeddable":true,"href":"https:\/\/cbditaly.ee\/fi\/wp-json\/wp\/v2\/product_brand?post=10821"},{"taxonomy":"product_cat","embeddable":true,"href":"https:\/\/cbditaly.ee\/fi\/wp-json\/wp\/v2\/product_cat?post=10821"},{"taxonomy":"product_tag","embeddable":true,"href":"https:\/\/cbditaly.ee\/fi\/wp-json\/wp\/v2\/product_tag?post=10821"}],"curies":[{"name":"wp","href":"https:\/\/api.w.org\/{rel}","templated":true}]}}