{"id":10961,"date":"2023-09-19T23:36:32","date_gmt":"2023-09-19T20:36:32","guid":{"rendered":"https:\/\/cbditaly.ee\/?post_type=product&#038;p=10961"},"modified":"2025-12-30T03:51:01","modified_gmt":"2025-12-30T01:51:01","slug":"cbd-kanepioli-36-active-full-spectrum","status":"publish","type":"product","link":"https:\/\/cbditaly.ee\/fi\/product\/cbd-kanepioli-36-active-full-spectrum\/","title":{"rendered":"CBD Kannabis\u00f6ljy 36% \u201cACTIVE\u201d Full Spectrum"},"content":{"rendered":"<p><strong>CBD Kannabis\u00f6ljy 36% \u201cACTIVE\u201d Full Spectrum<\/strong><\/p>\n<p>Luomu dekarboksyloitu t\u00e4yden spektrin uute, joka sis\u00e4lt\u00e4\u00e4 3600 mg CBD:t\u00e4, saatu kylm\u00e4puristamalla italialaista luomukannabista MCT-\u00f6ljyyn. Pid\u00e4 poissa lasten ulottuvilta. V\u00e4lt\u00e4 kosketusta silmien ja avointen haavojen kanssa. THC &lt;0,2 %. Valmistettu EU:ssa.<\/p>\n<p>Valmistaja: Organic CBDITALY Limited<br \/>\nTukkukauppa: <a href=\"https:\/\/www.cbditaly.store\/\" target=\"_blank\" rel=\"noopener\">www.cbditaly.store<\/a><\/p>\n<pre>EU:n CPNP:ss\u00e4 rekister\u00f6ity kosmetiikkatuote.<\/pre>","protected":false},"excerpt":{"rendered":"<p>CBD Kanepi\u00f5li 36% &#8220;ACTIVE&#8221; FULL SPECTRUM -10ml.-<\/p>","protected":false},"featured_media":10905,"template":"","meta":{"_joinchat":[]},"product_brand":[],"product_cat":[420],"product_tag":[],"class_list":{"0":"post-10961","1":"product","2":"type-product","3":"status-publish","4":"has-post-thumbnail","6":"product_cat-active-cbd-cbg-olid","9":"first","10":"instock","11":"sale","12":"purchasable","13":"product-type-simple"},"tiered_pricing_type":"fixed","tiered_pricing_fixed_rules":{"2":180,"5":160,"10":140},"tiered_pricing_product_settings":{"layout":"default","base_unit_name":{"singular":null,"plural":null},"default_variation":null},"tiered_pricing_minimum_quantity":null,"tiered_pricing_roles_data":[],"tiered_pricing_percentage_rules":[],"tiered_pricing_maximum_quantity":null,"tiered_pricing_quantity_step":null,"_links":{"self":[{"href":"https:\/\/cbditaly.ee\/fi\/wp-json\/wp\/v2\/product\/10961","targetHints":{"allow":["GET"]}}],"collection":[{"href":"https:\/\/cbditaly.ee\/fi\/wp-json\/wp\/v2\/product"}],"about":[{"href":"https:\/\/cbditaly.ee\/fi\/wp-json\/wp\/v2\/types\/product"}],"wp:featuredmedia":[{"embeddable":true,"href":"https:\/\/cbditaly.ee\/fi\/wp-json\/wp\/v2\/media\/10905"}],"wp:attachment":[{"href":"https:\/\/cbditaly.ee\/fi\/wp-json\/wp\/v2\/media?parent=10961"}],"wp:term":[{"taxonomy":"product_brand","embeddable":true,"href":"https:\/\/cbditaly.ee\/fi\/wp-json\/wp\/v2\/product_brand?post=10961"},{"taxonomy":"product_cat","embeddable":true,"href":"https:\/\/cbditaly.ee\/fi\/wp-json\/wp\/v2\/product_cat?post=10961"},{"taxonomy":"product_tag","embeddable":true,"href":"https:\/\/cbditaly.ee\/fi\/wp-json\/wp\/v2\/product_tag?post=10961"}],"curies":[{"name":"wp","href":"https:\/\/api.w.org\/{rel}","templated":true}]}}