{"id":11050,"date":"2023-09-20T01:40:36","date_gmt":"2023-09-19T22:40:36","guid":{"rendered":"https:\/\/cbditaly.ee\/?post_type=product&#038;p=11050"},"modified":"2025-12-30T02:02:05","modified_gmt":"2025-12-30T00:02:05","slug":"cbg-mct-oli-6-sportline","status":"publish","type":"product","link":"https:\/\/cbditaly.ee\/fi\/product\/cbg-mct-oli-6-sportline\/","title":{"rendered":"CBG MCT-\u00f6ljy 6%, SPORTLINE"},"content":{"rendered":"<p><strong>CBG 6%, MCT \u00f5li, THC vaba, &#8220;SPORTLINE&#8221;<\/strong><br \/>\nSis\u00e4lt\u00e4\u00e4 600 mg orgaanista CBG-isolaattia, 96,9 % puhtaus, uutettu italialaisesta hampusta, MCT-\u00f6ljyss\u00e4.\nPidett\u00e4v\u00e4 lasten ulottumattomissa. V\u00e4lt\u00e4 kosketusta silmiin ja avohaavoihin. THC-vapaa. \u2013 Valmistettu EU:ssa.<\/p>\n<p>Valmistaja: Organic CBDITALY Limited<br \/>\nTukkukauppa: <a href=\"https:\/\/www.cbditaly.store\/\" target=\"_blank\" rel=\"noopener\">www.cbditaly.store<\/a><\/p>\n<pre>EU:n CPNP:ss\u00e4 rekister\u00f6ity kosmetiikkatuote.<\/pre>\n<p>&nbsp;<\/p>","protected":false},"excerpt":{"rendered":"<p>SPORTLINE CBG 6%, MCT-\u00f6ljy, THC-vapaa. -10ml.-<\/p>","protected":false},"featured_media":10800,"template":"","meta":{"_joinchat":[]},"product_brand":[],"product_cat":[653,626],"product_tag":[],"class_list":{"0":"post-11050","1":"product","2":"type-product","3":"status-publish","4":"has-post-thumbnail","6":"product_cat-cbg-cbga","7":"product_cat-sportline-cbd-cbg-olid","10":"first","11":"instock","12":"purchasable","13":"product-type-simple"},"tiered_pricing_type":"fixed","tiered_pricing_fixed_rules":{"2":40,"5":36,"10":32},"tiered_pricing_product_settings":{"layout":"default","base_unit_name":{"singular":null,"plural":null},"default_variation":null},"tiered_pricing_minimum_quantity":null,"tiered_pricing_roles_data":[],"tiered_pricing_percentage_rules":[],"tiered_pricing_maximum_quantity":null,"tiered_pricing_quantity_step":null,"_links":{"self":[{"href":"https:\/\/cbditaly.ee\/fi\/wp-json\/wp\/v2\/product\/11050","targetHints":{"allow":["GET"]}}],"collection":[{"href":"https:\/\/cbditaly.ee\/fi\/wp-json\/wp\/v2\/product"}],"about":[{"href":"https:\/\/cbditaly.ee\/fi\/wp-json\/wp\/v2\/types\/product"}],"wp:featuredmedia":[{"embeddable":true,"href":"https:\/\/cbditaly.ee\/fi\/wp-json\/wp\/v2\/media\/10800"}],"wp:attachment":[{"href":"https:\/\/cbditaly.ee\/fi\/wp-json\/wp\/v2\/media?parent=11050"}],"wp:term":[{"taxonomy":"product_brand","embeddable":true,"href":"https:\/\/cbditaly.ee\/fi\/wp-json\/wp\/v2\/product_brand?post=11050"},{"taxonomy":"product_cat","embeddable":true,"href":"https:\/\/cbditaly.ee\/fi\/wp-json\/wp\/v2\/product_cat?post=11050"},{"taxonomy":"product_tag","embeddable":true,"href":"https:\/\/cbditaly.ee\/fi\/wp-json\/wp\/v2\/product_tag?post=11050"}],"curies":[{"name":"wp","href":"https:\/\/api.w.org\/{rel}","templated":true}]}}