{"id":11078,"date":"2023-09-20T16:55:04","date_gmt":"2023-09-20T13:55:04","guid":{"rendered":"https:\/\/cbditaly.ee\/?post_type=product&#038;p=11078"},"modified":"2025-12-30T01:11:33","modified_gmt":"2025-12-29T23:11:33","slug":"cbd-oliivioli-24-sportline","status":"publish","type":"product","link":"https:\/\/cbditaly.ee\/fi\/product\/cbd-oliivioli-24-sportline\/","title":{"rendered":"CBD Oliivi\u00f6ljy 24% SPORTLINE"},"content":{"rendered":"<p>CBD 24%, Extra virgin oliivi\u00f6ljy, THC-vapaa.\n\"SPORTLINE\" sis\u00e4lt\u00e4\u00e4 2400 mg orgaanista CBD-isolaattia, 99,9 % puhtaus, uutettu italialaisesta hampusta, oliivi\u00f6ljyss\u00e4.\nPidett\u00e4v\u00e4 lasten ulottumattomissa. V\u00e4lt\u00e4 kosketusta silmiin ja avohaavoihin. THC-vapaa. \u2013 Valmistettu EU:ssa.<\/p>\n<p>Valmistaja: Organic CBDITALY Limited<br \/>\nTukkukauppa: <a href=\"https:\/\/www.cbditaly.store\/\" target=\"_blank\" rel=\"noopener\">www.cbditaly.store<\/a><\/p>\n<pre>EU:n CPNP:ss\u00e4 rekister\u00f6ity kosmetiikkatuote.<\/pre>","protected":false},"excerpt":{"rendered":"<p>CBD Oliivi\u00f6ljy 24% SPORTLINE -10ml-<\/p>","protected":false},"featured_media":10798,"template":"","meta":{"_joinchat":[]},"product_brand":[],"product_cat":[626],"product_tag":[],"class_list":{"0":"post-11078","1":"product","2":"type-product","3":"status-publish","4":"has-post-thumbnail","6":"product_cat-sportline-cbd-cbg-olid","9":"first","10":"instock","11":"sale","12":"purchasable","13":"product-type-simple"},"tiered_pricing_type":"fixed","tiered_pricing_fixed_rules":{"2":63,"5":57,"10":50},"tiered_pricing_product_settings":{"layout":"default","base_unit_name":{"singular":null,"plural":null},"default_variation":null},"tiered_pricing_minimum_quantity":null,"tiered_pricing_roles_data":[],"tiered_pricing_percentage_rules":[],"tiered_pricing_maximum_quantity":null,"tiered_pricing_quantity_step":null,"_links":{"self":[{"href":"https:\/\/cbditaly.ee\/fi\/wp-json\/wp\/v2\/product\/11078","targetHints":{"allow":["GET"]}}],"collection":[{"href":"https:\/\/cbditaly.ee\/fi\/wp-json\/wp\/v2\/product"}],"about":[{"href":"https:\/\/cbditaly.ee\/fi\/wp-json\/wp\/v2\/types\/product"}],"wp:featuredmedia":[{"embeddable":true,"href":"https:\/\/cbditaly.ee\/fi\/wp-json\/wp\/v2\/media\/10798"}],"wp:attachment":[{"href":"https:\/\/cbditaly.ee\/fi\/wp-json\/wp\/v2\/media?parent=11078"}],"wp:term":[{"taxonomy":"product_brand","embeddable":true,"href":"https:\/\/cbditaly.ee\/fi\/wp-json\/wp\/v2\/product_brand?post=11078"},{"taxonomy":"product_cat","embeddable":true,"href":"https:\/\/cbditaly.ee\/fi\/wp-json\/wp\/v2\/product_cat?post=11078"},{"taxonomy":"product_tag","embeddable":true,"href":"https:\/\/cbditaly.ee\/fi\/wp-json\/wp\/v2\/product_tag?post=11078"}],"curies":[{"name":"wp","href":"https:\/\/api.w.org\/{rel}","templated":true}]}}