{"id":11083,"date":"2023-09-20T17:08:36","date_gmt":"2023-09-20T14:08:36","guid":{"rendered":"https:\/\/cbditaly.ee\/?post_type=product&#038;p=11083"},"modified":"2025-12-29T18:09:59","modified_gmt":"2025-12-29T16:09:59","slug":"cbd-kanepioli-12-sportline-2","status":"publish","type":"product","link":"https:\/\/cbditaly.ee\/fi\/product\/cbd-kanepioli-12-sportline-2\/","title":{"rendered":"CBD Hamppu\u00f6ljy 12% SPORTLINE"},"content":{"rendered":"<p>CBD 12%, Extra virgin hamppu\u00f6ljy, THC-vapaa.\n\"SPORTLINE\" sis\u00e4lt\u00e4\u00e4 1200 mg orgaanista CBD-isolaattia, 99,9 % puhtaus, uutettu italialaisesta hampusta, hamppu\u00f6ljyss\u00e4.\nPidett\u00e4v\u00e4 lasten ulottumattomissa. V\u00e4lt\u00e4 kosketusta silmiin ja avohaavoihin. THC-vapaa. \u2013 Valmistettu EU:ssa.<\/p>\n<p>Valmistaja: Organic CBDITALY Limited<br \/>\nTukkukauppa: <a href=\"https:\/\/www.cbditaly.store\/\" target=\"_blank\" rel=\"noopener\">www.cbditaly.store<\/a><\/p>\n<pre>EU:n CPNP:ss\u00e4 rekister\u00f6ity kosmetiikkatuote.<\/pre>","protected":false},"excerpt":{"rendered":"<p>SPORTLINE CBD 12%, Kanepi\u00f5li HEMP, THC vaba. -10ml.-<\/p>","protected":false},"featured_media":10796,"template":"","meta":{"_joinchat":[]},"product_brand":[],"product_cat":[626],"product_tag":[],"class_list":{"0":"post-11083","1":"product","2":"type-product","3":"status-publish","4":"has-post-thumbnail","6":"product_cat-sportline-cbd-cbg-olid","9":"first","10":"instock","11":"sale","12":"purchasable","13":"product-type-simple"},"tiered_pricing_type":"fixed","tiered_pricing_fixed_rules":{"2":35,"5":32,"10":30},"tiered_pricing_product_settings":{"layout":"default","base_unit_name":{"singular":null,"plural":null},"default_variation":null},"tiered_pricing_minimum_quantity":null,"tiered_pricing_roles_data":[],"tiered_pricing_percentage_rules":[],"tiered_pricing_maximum_quantity":null,"tiered_pricing_quantity_step":null,"_links":{"self":[{"href":"https:\/\/cbditaly.ee\/fi\/wp-json\/wp\/v2\/product\/11083","targetHints":{"allow":["GET"]}}],"collection":[{"href":"https:\/\/cbditaly.ee\/fi\/wp-json\/wp\/v2\/product"}],"about":[{"href":"https:\/\/cbditaly.ee\/fi\/wp-json\/wp\/v2\/types\/product"}],"wp:featuredmedia":[{"embeddable":true,"href":"https:\/\/cbditaly.ee\/fi\/wp-json\/wp\/v2\/media\/10796"}],"wp:attachment":[{"href":"https:\/\/cbditaly.ee\/fi\/wp-json\/wp\/v2\/media?parent=11083"}],"wp:term":[{"taxonomy":"product_brand","embeddable":true,"href":"https:\/\/cbditaly.ee\/fi\/wp-json\/wp\/v2\/product_brand?post=11083"},{"taxonomy":"product_cat","embeddable":true,"href":"https:\/\/cbditaly.ee\/fi\/wp-json\/wp\/v2\/product_cat?post=11083"},{"taxonomy":"product_tag","embeddable":true,"href":"https:\/\/cbditaly.ee\/fi\/wp-json\/wp\/v2\/product_tag?post=11083"}],"curies":[{"name":"wp","href":"https:\/\/api.w.org\/{rel}","templated":true}]}}