{"id":11557,"date":"2024-04-03T18:31:18","date_gmt":"2024-04-03T15:31:18","guid":{"rendered":"https:\/\/cbditaly.ee\/?post_type=product&#038;p=11557"},"modified":"2025-08-15T03:42:08","modified_gmt":"2025-08-15T00:42:08","slug":"ice-bong-with-dome-perkolator-light-blue","status":"publish","type":"product","link":"https:\/\/cbditaly.ee\/fi\/product\/ice-bong-with-dome-perkolator-light-blue\/","title":{"rendered":"Ice Bong kupoli-perkolaattorilla \u2013 Vaaleansininen"},"content":{"rendered":"<p><strong data-start=\"135\" data-end=\"215\">Ice Bong kupoli-perkolaattorilla \u2013 Vaaleansininen, H 205mm, \u00d8 40mm, SG 14, WT 2.5mm<\/strong><br data-start=\"215\" data-end=\"218\" \/>Korkealaatuisesta boorisilikaattilasista valmistettu kest\u00e4v\u00e4 j\u00e4\u00e4bongi tarjoaa tyylikk\u00e4\u00e4n ja pehme\u00e4n polttokokemuksen. Kupoli-perkolaattori hajottaa ja suodattaa savun veden l\u00e4pi, varmistaen viile\u00e4n ja silkkisen vedon. J\u00e4\u00e4urat viilent\u00e4v\u00e4t savun t\u00e4ydellisesti, v\u00e4hent\u00e4en karheutta ja lis\u00e4ten raikkautta jokaiseen sessioon. Mukana chillum ja ergonominen yrttikulho tasaisen palamisen varmistamiseksi. Py\u00f6ristetty suukappale ja ilmareik\u00e4 tuovat mukavuutta ja t\u00e4ydellisen hallinnan. Vaaleansininen viimeistely antaa bongille elegantin ja n\u00e4ytt\u00e4v\u00e4n ilmeen.<\/p>","protected":false},"excerpt":{"rendered":"<p>Ice Bong kupoli-perkolaattorilla \u2013 Vaaleansininen<br \/>\nH 205mm \u00d8 40mm SG 14 WT 2,5mm<\/p>","protected":false},"featured_media":11559,"template":"","meta":{"_joinchat":[]},"product_brand":[],"product_cat":[676],"product_tag":[],"class_list":{"0":"post-11557","1":"product","2":"type-product","3":"status-publish","4":"has-post-thumbnail","6":"product_cat-headshop","9":"first","10":"instock","11":"taxable","12":"shipping-taxable","13":"purchasable","14":"product-type-simple"},"tiered_pricing_type":"fixed","tiered_pricing_fixed_rules":[],"tiered_pricing_product_settings":{"layout":"default","base_unit_name":{"singular":null,"plural":null},"default_variation":null},"tiered_pricing_minimum_quantity":null,"tiered_pricing_roles_data":[],"tiered_pricing_percentage_rules":[],"tiered_pricing_maximum_quantity":null,"tiered_pricing_quantity_step":null,"_links":{"self":[{"href":"https:\/\/cbditaly.ee\/fi\/wp-json\/wp\/v2\/product\/11557","targetHints":{"allow":["GET"]}}],"collection":[{"href":"https:\/\/cbditaly.ee\/fi\/wp-json\/wp\/v2\/product"}],"about":[{"href":"https:\/\/cbditaly.ee\/fi\/wp-json\/wp\/v2\/types\/product"}],"wp:featuredmedia":[{"embeddable":true,"href":"https:\/\/cbditaly.ee\/fi\/wp-json\/wp\/v2\/media\/11559"}],"wp:attachment":[{"href":"https:\/\/cbditaly.ee\/fi\/wp-json\/wp\/v2\/media?parent=11557"}],"wp:term":[{"taxonomy":"product_brand","embeddable":true,"href":"https:\/\/cbditaly.ee\/fi\/wp-json\/wp\/v2\/product_brand?post=11557"},{"taxonomy":"product_cat","embeddable":true,"href":"https:\/\/cbditaly.ee\/fi\/wp-json\/wp\/v2\/product_cat?post=11557"},{"taxonomy":"product_tag","embeddable":true,"href":"https:\/\/cbditaly.ee\/fi\/wp-json\/wp\/v2\/product_tag?post=11557"}],"curies":[{"name":"wp","href":"https:\/\/api.w.org\/{rel}","templated":true}]}}