{"id":11589,"date":"2024-04-07T22:32:43","date_gmt":"2024-04-07T19:32:43","guid":{"rendered":"https:\/\/cbditaly.ee\/?post_type=product&#038;p=11589"},"modified":"2025-08-14T23:02:49","modified_gmt":"2025-08-14T20:02:49","slug":"sinine-lootos-nymphaea-caerulea-15g","status":"publish","type":"product","link":"https:\/\/cbditaly.ee\/fi\/product\/sinine-lootos-nymphaea-caerulea-15g\/","title":{"rendered":"Sininen lootus (Nymphaea caerulea) \u2013 15 g"},"content":{"rendered":"<p><strong>Blue Lotus flowers 15g<\/strong><\/p>\n<p>Sininen Lootus (Nymphaea caerulea), tunnetaan my\u00f6s Niilin kukkana, on poikkeuksellisen kaunis vesikasvi, joka on per\u00e4isin Pohjois-Afrikan alueilta. Sen vieh\u00e4tys ei ole vain ulkon\u00e4\u00f6ss\u00e4; Sinisell\u00e4 Lootuksella on rikas kulttuurinen ja hengellinen historia, ja sit\u00e4 arvostettiin suuresti muinaisissa Egyptin sivilisaatioissa sen rauhoittavien ja psykoaktiivisten ominaisuuksien vuoksi.<\/p>\n<p>Historiallisesti Sinist\u00e4 Lootusta k\u00e4ytettiin uskonnollisissa rituaaleissa ja luonnollisena keinona edist\u00e4\u00e4 rentoutumista, parantaa unen laatua ja her\u00e4tt\u00e4\u00e4 unia. T\u00e4m\u00e4n kasvin kuvia on laajasti Egyptin taiteessa, miss\u00e4 sit\u00e4 usein yhdistet\u00e4\u00e4n aurinkoon, uudestisyntymiseen ja uusiutumiseen, symboloiden siirtymist\u00e4 tiedottomuudesta tietoisuuteen, y\u00f6st\u00e4 p\u00e4iv\u00e4\u00e4n.<\/p>\n<p>Sinisen Lootuksen vaikutukset johtuvat p\u00e4\u00e4asiassa kahdesta aktiivisesta yhdisteest\u00e4: apomorfiinista ja nuciferiinista. Apomorfiinilla on dopaminergisi\u00e4 ominaisuuksia, jotka voivat aiheuttaa tyytyv\u00e4isyyden ja hyvinvoinnin tunteen, kun taas nuciferiin toimii spasmolyyttin\u00e4, auttaen rentouttamaan lihaksia ja edist\u00e4en rauhallisuuden tunnetta. N\u00e4m\u00e4 vaikutukset tekev\u00e4t Sinisest\u00e4 Lootuksesta erinomaisen liittolaisen niille, jotka etsiv\u00e4t luonnollista helpotusta stressiin ja ahdistukseen tai haluavat parantaa leponsa laatua.<\/p>\n<p>Verkkokaupassamme tarjoamme korkealaatuisia kuivattuja Sinisen Lootuksen kukkia, jotka on huolellisesti valittu maksimaalisen tehon ja tehokkuuden varmistamiseksi. T\u00e4t\u00e4 tuotetta voidaan k\u00e4ytt\u00e4\u00e4 teen, infuusioiden tai tinktuurien valmistukseen, tarjoten rentouttavan ja palauttavan kokemuksen, joka sis\u00e4lt\u00e4\u00e4 t\u00e4m\u00e4n poikkeuksellisen kasvin historiallisen perinn\u00f6n.<\/p>\n<p>Tutustu Sinisen Lootuksen magiaan ja anna itsesi ymp\u00e4r\u00f6id\u00e4 sen historiallisella rauhalla. Kuivattu Sininen Lootuksemme on silta muinaisiin perinteisiin, tarjoten luonnollisen tien sis\u00e4isen rauhan ja hyvinvoinnin saavuttamiseksi.<\/p>\n<p>Tukkukauppa: <a href=\"https:\/\/www.cbditaly.store\/\" target=\"_blank\" rel=\"noopener\">www.cbditaly.store<\/a><\/p>","protected":false},"excerpt":{"rendered":"<p><strong>Sininen lootus (Nymphaea caerulea) \u2013 15 g<\/strong> Sinisell\u00e4 lootuksella on rikas kulttuurinen ja hengellinen historia, ja sit\u00e4 arvostettiin suuresti muinaisissa Egyptin sivilisaatioissa sen rauhoittavien ja psykoaktiivisten ominaisuuksien vuoksi.<\/p>","protected":false},"featured_media":11592,"template":"","meta":{"_joinchat":[]},"product_brand":[],"product_cat":[468,677,665],"product_tag":[],"class_list":{"0":"post-11589","1":"product","2":"type-product","3":"status-publish","4":"has-post-thumbnail","6":"product_cat-diy","7":"product_cat-green-goddess-republic","8":"product_cat-taimeteed-ja-kanepiteed","11":"first","12":"instock","13":"taxable","14":"shipping-taxable","15":"purchasable","16":"product-type-simple"},"tiered_pricing_type":"fixed","tiered_pricing_fixed_rules":{"3":20},"tiered_pricing_product_settings":{"layout":"default","base_unit_name":{"singular":null,"plural":null},"default_variation":null},"tiered_pricing_minimum_quantity":null,"tiered_pricing_roles_data":[],"tiered_pricing_percentage_rules":[],"tiered_pricing_maximum_quantity":null,"tiered_pricing_quantity_step":null,"_links":{"self":[{"href":"https:\/\/cbditaly.ee\/fi\/wp-json\/wp\/v2\/product\/11589","targetHints":{"allow":["GET"]}}],"collection":[{"href":"https:\/\/cbditaly.ee\/fi\/wp-json\/wp\/v2\/product"}],"about":[{"href":"https:\/\/cbditaly.ee\/fi\/wp-json\/wp\/v2\/types\/product"}],"wp:featuredmedia":[{"embeddable":true,"href":"https:\/\/cbditaly.ee\/fi\/wp-json\/wp\/v2\/media\/11592"}],"wp:attachment":[{"href":"https:\/\/cbditaly.ee\/fi\/wp-json\/wp\/v2\/media?parent=11589"}],"wp:term":[{"taxonomy":"product_brand","embeddable":true,"href":"https:\/\/cbditaly.ee\/fi\/wp-json\/wp\/v2\/product_brand?post=11589"},{"taxonomy":"product_cat","embeddable":true,"href":"https:\/\/cbditaly.ee\/fi\/wp-json\/wp\/v2\/product_cat?post=11589"},{"taxonomy":"product_tag","embeddable":true,"href":"https:\/\/cbditaly.ee\/fi\/wp-json\/wp\/v2\/product_tag?post=11589"}],"curies":[{"name":"wp","href":"https:\/\/api.w.org\/{rel}","templated":true}]}}