{"id":11602,"date":"2024-04-08T23:09:31","date_gmt":"2024-04-08T20:09:31","guid":{"rendered":"https:\/\/cbditaly.ee\/?post_type=product&#038;p=11602"},"modified":"2026-02-09T17:57:11","modified_gmt":"2026-02-09T15:57:11","slug":"moroccan-x-hash-10-oh-hhc-35-cbg-28-2g","status":"publish","type":"product","link":"https:\/\/cbditaly.ee\/fi\/product\/moroccan-x-hash-10-oh-hhc-35-cbg-28-2g\/","title":{"rendered":"Moroccan X Hash THCV 35% CBG 28% 2g"},"content":{"rendered":"<p>Moroccan X Hash Pollen THCV 35% CBG 28%<\/p>\n<p>T\u00e4m\u00e4 puristettu marokkolainen CBG-hash valmistetaan Strawberry ja Harlequin -hampun siitep\u00f6lyst\u00e4, joka sis\u00e4lt\u00e4\u00e4 kaikki luonnolliset terpeenit. Se tarjoaa hienostuneen aromin ja maun, jotka saadaan ensimm\u00e4isen seulonnan aikana korkealaatuisella CBG:ll\u00e4. Hartsi on v\u00e4rilt\u00e4\u00e4n tummanvihre\u00e4\u00e4. T\u00e4m\u00e4n lajikkeen tuoreet kukat ovat usein tummanvihreit\u00e4 tai ruskeita, ja puristettaessa ne tuottavat perinteisen ensiluokkaisen marokkolaisen hashin ominaisen profiilin.<\/p>\n<p>100 % orgaaninen Force Dutch Passion -hamppup\u00f6ly \u2014 THCV 35 % \/ THC &lt; 0,3 % \u2014 CBG 28 %<\/p>\n<p>tilaaminen Viroon (Tukkumyynti): <a href=\"https:\/\/cbditaly.store\/et\/cashandcarry\/\" target=\"_blank\" rel=\"noopener\">www.cbditaly.store\u00a0<\/a><\/p>\n<p>Vain ammattik\u00e4ytt\u00f6\u00f6n tai ker\u00e4ilyyn. Ei ihmisravinnoksi.<br \/>\nMyyntirajoitus: ei myyd\u00e4 alle 18-vuotiaille.<br \/>\nS\u00e4ilytys: S\u00e4ilyt\u00e4 kuivassa paikassa, poissa l\u00e4mm\u00f6nl\u00e4hteist\u00e4 ja lasten ulottuvilta.<br \/>\nAlkuper\u00e4maa: Italy<\/p>","protected":false},"excerpt":{"rendered":"<p>Moroccan X Hash Pollen \u2014 THCV 35 % \u00b7 CBG 28 % \u00b7 THC &lt; 0,3 %\nSaatavana pakkauksissa: 2 g<\/p>","protected":false},"featured_media":12982,"template":"","meta":{"_joinchat":[]},"product_brand":[],"product_cat":[653,468,634,689],"product_tag":[],"class_list":{"0":"post-11602","1":"product","2":"type-product","3":"status-publish","4":"has-post-thumbnail","6":"product_cat-cbg-cbga","7":"product_cat-diy","8":"product_cat-hash","9":"product_cat-d9-thcv","12":"first","13":"instock","14":"purchasable","15":"product-type-simple"},"tiered_pricing_type":"fixed","tiered_pricing_fixed_rules":{"3":40},"tiered_pricing_product_settings":{"layout":"default","base_unit_name":{"singular":null,"plural":null},"default_variation":null},"tiered_pricing_minimum_quantity":null,"tiered_pricing_roles_data":[],"tiered_pricing_percentage_rules":[],"tiered_pricing_maximum_quantity":null,"tiered_pricing_quantity_step":null,"_links":{"self":[{"href":"https:\/\/cbditaly.ee\/fi\/wp-json\/wp\/v2\/product\/11602","targetHints":{"allow":["GET"]}}],"collection":[{"href":"https:\/\/cbditaly.ee\/fi\/wp-json\/wp\/v2\/product"}],"about":[{"href":"https:\/\/cbditaly.ee\/fi\/wp-json\/wp\/v2\/types\/product"}],"wp:featuredmedia":[{"embeddable":true,"href":"https:\/\/cbditaly.ee\/fi\/wp-json\/wp\/v2\/media\/12982"}],"wp:attachment":[{"href":"https:\/\/cbditaly.ee\/fi\/wp-json\/wp\/v2\/media?parent=11602"}],"wp:term":[{"taxonomy":"product_brand","embeddable":true,"href":"https:\/\/cbditaly.ee\/fi\/wp-json\/wp\/v2\/product_brand?post=11602"},{"taxonomy":"product_cat","embeddable":true,"href":"https:\/\/cbditaly.ee\/fi\/wp-json\/wp\/v2\/product_cat?post=11602"},{"taxonomy":"product_tag","embeddable":true,"href":"https:\/\/cbditaly.ee\/fi\/wp-json\/wp\/v2\/product_tag?post=11602"}],"curies":[{"name":"wp","href":"https:\/\/api.w.org\/{rel}","templated":true}]}}