{"id":11676,"date":"2024-05-11T23:32:01","date_gmt":"2024-05-11T20:32:01","guid":{"rendered":"https:\/\/cbditaly.ee\/?post_type=product&#038;p=11676"},"modified":"2025-02-27T19:07:23","modified_gmt":"2025-02-27T17:07:23","slug":"avokaadooli-massaazioli-koos-cbd-ga","status":"publish","type":"product","link":"https:\/\/cbditaly.ee\/fi\/product\/avokaadooli-massaazioli-koos-cbd-ga\/","title":{"rendered":"Avokado\u00f6ljy Hieronta\u00f6ljy CBD"},"content":{"rendered":"<h4>Avokado\u00f6ljy Hieronta\u00f6ljy CBD<\/h4>\n<p><strong>Kuvaus:<\/strong><br \/>\nT\u00e4m\u00e4 avokadopohjainen hieronta\u00f6ljy on rikastettu 1 % puhtaalla isolaatti kannabidiolilla (CBD), tarjoten intensiivisesti ravitsevaa ja rauhoittavaa ihonhoitoa. Avokadon rasvahappojen, vitamiinien ja CBD yhdistelm\u00e4 tekee t\u00e4st\u00e4 \u00f6ljyst\u00e4 erinomaisen valinnan rentouttaviin ja terapeuttisiin hierontoihin.<\/p>\n<p><strong>Edut:<\/strong><\/p>\n<ol>\n<li><strong>Syv\u00e4 Ravitseminen:<\/strong> Avokadon rasvahapot ja vitamiinit palauttavat ihon, samalla kun CBD tukee solujen uusiutumista.<\/li>\n<li><strong>Parantaa Elastisuutta ja Rauhoittava Vaikutus:<\/strong> \u00d6ljy lis\u00e4\u00e4 ihon elastisuutta ja v\u00e4hent\u00e4\u00e4 ik\u00e4\u00e4ntymisen merkkej\u00e4, lis\u00e4ten CBD rauhoittavia etuja.<\/li>\n<li><strong>Pitk\u00e4kestoinen Kosteutus ja Lihasten Rentoutuminen:<\/strong> Tarjoaa pitk\u00e4kestoista kosteutusta ja rauhoittaa syv\u00e4sti kudoksia, mik\u00e4 on ihanteellista lihasten palautumiseen.<\/li>\n<li><strong>Hyvinvoinnin Synergia:<\/strong> CBD voimistaa avokado\u00f6ljyn rentouttavia ja terapeuttisia vaikutuksia, auttaen lievitt\u00e4m\u00e4\u00e4n stressi\u00e4 ja parantamaan yleist\u00e4 hyvinvointia hieronnan aikana.<\/li>\n<\/ol>\n<p>N\u00e4m\u00e4 CBD \u00e4 rikastetut \u00f6ljyt tarjoavat parannetun hierontakokemuksen, yhdist\u00e4en \nviiniryp\u00e4leensiemenen ja avokado\u00f6ljyn dermatologiset edut CBD terapeuttisiin ominaisuuksiin tarjotakseen kokonaisvaltaista hoitoa keholle ja mielelle.<\/p>","protected":false},"excerpt":{"rendered":"<p>Avokado\u00f6ljy Hieronta\u00f6ljy CBD, 100ml<\/p>","protected":false},"featured_media":11678,"template":"","meta":{"_joinchat":[]},"product_brand":[],"product_cat":[677],"product_tag":[],"class_list":{"0":"post-11676","1":"product","2":"type-product","3":"status-publish","4":"has-post-thumbnail","6":"product_cat-green-goddess-republic","9":"first","10":"instock","11":"taxable","12":"shipping-taxable","13":"purchasable","14":"product-type-simple"},"tiered_pricing_type":"fixed","tiered_pricing_fixed_rules":{"5":15},"tiered_pricing_product_settings":{"layout":"default","base_unit_name":{"singular":null,"plural":null},"default_variation":null},"tiered_pricing_minimum_quantity":null,"tiered_pricing_roles_data":[],"tiered_pricing_percentage_rules":[],"tiered_pricing_maximum_quantity":null,"tiered_pricing_quantity_step":null,"_links":{"self":[{"href":"https:\/\/cbditaly.ee\/fi\/wp-json\/wp\/v2\/product\/11676","targetHints":{"allow":["GET"]}}],"collection":[{"href":"https:\/\/cbditaly.ee\/fi\/wp-json\/wp\/v2\/product"}],"about":[{"href":"https:\/\/cbditaly.ee\/fi\/wp-json\/wp\/v2\/types\/product"}],"wp:featuredmedia":[{"embeddable":true,"href":"https:\/\/cbditaly.ee\/fi\/wp-json\/wp\/v2\/media\/11678"}],"wp:attachment":[{"href":"https:\/\/cbditaly.ee\/fi\/wp-json\/wp\/v2\/media?parent=11676"}],"wp:term":[{"taxonomy":"product_brand","embeddable":true,"href":"https:\/\/cbditaly.ee\/fi\/wp-json\/wp\/v2\/product_brand?post=11676"},{"taxonomy":"product_cat","embeddable":true,"href":"https:\/\/cbditaly.ee\/fi\/wp-json\/wp\/v2\/product_cat?post=11676"},{"taxonomy":"product_tag","embeddable":true,"href":"https:\/\/cbditaly.ee\/fi\/wp-json\/wp\/v2\/product_tag?post=11676"}],"curies":[{"name":"wp","href":"https:\/\/api.w.org\/{rel}","templated":true}]}}