{"id":11862,"date":"2024-09-19T20:59:59","date_gmt":"2024-09-19T17:59:59","guid":{"rendered":"https:\/\/cbditaly.ee\/?post_type=product&#038;p=11862"},"modified":"2026-04-11T17:59:53","modified_gmt":"2026-04-11T14:59:53","slug":"ice-cream-thcvo-60","status":"publish","type":"product","link":"https:\/\/cbditaly.ee\/fi\/product\/ice-cream-thcvo-60\/","title":{"rendered":"ICE CREAM X THCVO 60%"},"content":{"rendered":"<p data-start=\"192\" data-end=\"241\">ICE CREAM -hampunkukat X THCVO 60 %<br data-start=\"227\" data-end=\"230\" \/>THC &lt;0,3%<\/p>\n<p data-start=\"243\" data-end=\"633\">Yleiskatsaus:<br data-start=\"256\" data-end=\"259\" \/>Ice Cream on visuaalisesti poikkeuksellinen kannabislajike, jota arvostetaan sen esteettisen rakenteen ja makean, kermaisen aromiprofiilin ansiosta. T\u00e4m\u00e4 erikoisversio on rikastettu 60 % THCVO-pitoisuudella, mik\u00e4 tuo lajikkeeseen teknologista ja tieteellist\u00e4 erityispiirrett\u00e4. Kyseess\u00e4 on premium-luokan ker\u00e4ilytuote, joka soveltuu erinomaisesti ammattimaisiin esittely-ymp\u00e4rist\u00f6ihin.<\/p>\n<p data-start=\"635\" data-end=\"901\">Ulkon\u00e4k\u00f6 ja aromi:<br data-start=\"656\" data-end=\"659\" \/>Kukinnot ovat tiiviit\u00e4, pihkaisia ja runsaan kristallihuurteen peitt\u00e4mi\u00e4. Ominaista ovat kirkkaanvihre\u00e4t s\u00e4vyt yhdess\u00e4 kontrastisten oranssien emien kanssa. Aromiprofiili viittaa makeisiin ja kermaisiin s\u00e4vyihin, jotka ovat tyypillisi\u00e4 Ice Cream -genetiikalle.<\/p>\n<p data-start=\"903\" data-end=\"1079\">Koostumus ja ominaisuudet:<br data-start=\"927\" data-end=\"930\" \/>THCVO: enint\u00e4\u00e4n 60 %<br data-start=\"949\" data-end=\"952\" \/>CBD: luonnollinen kasvipohjainen pitoisuus<br data-start=\"985\" data-end=\"988\" \/>THC-pitoisuus: alle &lt;0,3 %<br data-start=\"1012\" data-end=\"1015\" \/>Vakaa morfologia ja eritt\u00e4in houkutteleva visuaalinen ulkon\u00e4k\u00f6.<\/p>\n<p data-start=\"1081\" data-end=\"1229\">Alkuper\u00e4 ja tuotanto:<br data-start=\"1106\" data-end=\"1109\" \/>Tuotteet valitaan k\u00e4sin ja tarkastetaan huolellisesti tasaisen visuaalisen laadun varmistamiseksi.<br data-start=\"1202\" data-end=\"1205\" \/>Alkuper\u00e4maa: Italy<\/p>\n<p data-start=\"1231\" data-end=\"1519\"><strong data-start=\"1231\" data-end=\"1256\">K\u00e4ytt\u00f6 ja rajoitukset:<\/strong><br data-start=\"1256\" data-end=\"1259\" \/>Tuotteen k\u00e4ytt\u00f6: <strong data-start=\"1274\" data-end=\"1365\">Vain ammattik\u00e4ytt\u00f6\u00f6n tai ker\u00e4ilyyn. Ei ihmisravinnoksi.<\/strong><br data-start=\"1365\" data-end=\"1368\" \/>Myyntirajoitukset: <strong data-start=\"1384\" data-end=\"1416\">Ei myyd\u00e4 alle 18-vuotiaille.<\/strong><br data-start=\"1416\" data-end=\"1419\" \/>S\u00e4ilytys: S\u00e4ilyt\u00e4 kuivassa ja viile\u00e4ss\u00e4 paikassa, poissa suorasta l\u00e4mm\u00f6st\u00e4 ja lasten ulottumattomissa.<\/p>\n<p data-start=\"1521\" data-end=\"1710\"><strong data-start=\"1521\" data-end=\"1549\">Tukkumyynti ja kumppanuus:<\/strong><br data-start=\"1549\" data-end=\"1552\" \/>Haluatko ryhty\u00e4 itsen\u00e4iseksi j\u00e4lleenmyyj\u00e4ksi tai franchising-kumppaniksi?<br data-start=\"1619\" data-end=\"1622\" \/>Tarjoamme pienet v\u00e4himm\u00e4ism\u00e4\u00e4r\u00e4t, ammattimaisen laadun ja joustavat ehdot.<\/p>\n<p data-start=\"1712\" data-end=\"1774\">Liity Cash &amp; Carry -asiakkaaksi tai kirjoita meille: <strong data-start=\"1752\" data-end=\"1774\"><a class=\"decorated-link cursor-pointer\" rel=\"noopener\" data-start=\"1754\" data-end=\"1772\">biz@cbditaly.store<\/a><\/strong><\/p>","protected":false},"excerpt":{"rendered":"<p>ICE CREAM X THCVO 60%<br \/>\nSaatavilla pakkauksissa: 2g-3g-5g-10g-20g-50g<\/p>","protected":false},"featured_media":15853,"template":"","meta":{"_joinchat":[]},"product_brand":[],"product_cat":[327,704,703],"product_tag":[],"class_list":{"0":"post-11862","1":"product","2":"type-product","3":"status-publish","4":"has-post-thumbnail","6":"product_cat-cbd-cbg-kanepi-oied","7":"product_cat-new","8":"product_cat-thcvo","11":"first","12":"instock","13":"purchasable","14":"product-type-simple"},"tiered_pricing_type":"fixed","tiered_pricing_fixed_rules":{"2":17,"3":15,"5":10,"10":9,"20":8,"50":7,"100":6,"1000":4.5},"tiered_pricing_product_settings":{"layout":"default","base_unit_name":{"singular":null,"plural":null},"default_variation":null},"tiered_pricing_minimum_quantity":null,"tiered_pricing_roles_data":[],"tiered_pricing_percentage_rules":[],"tiered_pricing_maximum_quantity":null,"tiered_pricing_quantity_step":null,"_links":{"self":[{"href":"https:\/\/cbditaly.ee\/fi\/wp-json\/wp\/v2\/product\/11862","targetHints":{"allow":["GET"]}}],"collection":[{"href":"https:\/\/cbditaly.ee\/fi\/wp-json\/wp\/v2\/product"}],"about":[{"href":"https:\/\/cbditaly.ee\/fi\/wp-json\/wp\/v2\/types\/product"}],"wp:featuredmedia":[{"embeddable":true,"href":"https:\/\/cbditaly.ee\/fi\/wp-json\/wp\/v2\/media\/15853"}],"wp:attachment":[{"href":"https:\/\/cbditaly.ee\/fi\/wp-json\/wp\/v2\/media?parent=11862"}],"wp:term":[{"taxonomy":"product_brand","embeddable":true,"href":"https:\/\/cbditaly.ee\/fi\/wp-json\/wp\/v2\/product_brand?post=11862"},{"taxonomy":"product_cat","embeddable":true,"href":"https:\/\/cbditaly.ee\/fi\/wp-json\/wp\/v2\/product_cat?post=11862"},{"taxonomy":"product_tag","embeddable":true,"href":"https:\/\/cbditaly.ee\/fi\/wp-json\/wp\/v2\/product_tag?post=11862"}],"curies":[{"name":"wp","href":"https:\/\/api.w.org\/{rel}","templated":true}]}}