{"id":11867,"date":"2024-09-19T21:50:33","date_gmt":"2024-09-19T18:50:33","guid":{"rendered":"https:\/\/cbditaly.ee\/?post_type=product&#038;p=11867"},"modified":"2026-03-01T01:14:42","modified_gmt":"2026-02-28T23:14:42","slug":"cannatonic-x-d9-thcv-40","status":"publish","type":"product","link":"https:\/\/cbditaly.ee\/fi\/product\/cannatonic-x-d9-thcv-40\/","title":{"rendered":"CANNATONIC X D9-THCV 40%"},"content":{"rendered":"<p data-start=\"113\" data-end=\"141\">CANNATONIC X D9-THCV 40%<\/p>\n<p data-start=\"143\" data-end=\"170\">THC-pitoisuus: alle 0,3\u202f%<\/p>\n<p data-start=\"172\" data-end=\"406\">Yleiskatsaus:<br data-start=\"185\" data-end=\"188\" \/>Cannatonic tunnetaan tasapainoisesta geneettisest\u00e4 profiilistaan ja miedosta aromaattisuudestaan. D9-THCV:n lis\u00e4\u00e4minen korostaa lajikkeen visuaalista ulkon\u00e4k\u00f6\u00e4, tehden siit\u00e4 houkuttelevan vaihtoehdon ker\u00e4ilij\u00f6ille ja ammattilaisk\u00e4ytt\u00f6\u00f6n.<\/p>\n<p data-start=\"408\" data-end=\"598\">Aroma ja ulkon\u00e4k\u00f6:<br data-start=\"429\" data-end=\"432\" \/>Maanl\u00e4heisi\u00e4 ja puumaisia s\u00e4vyj\u00e4, joita t\u00e4ydent\u00e4v\u00e4t sitruunan ja m\u00e4nnyn vivahteet. Tiiviit ja hartsiset kukinnot vaalean- ja keskivihreiss\u00e4 s\u00e4vyiss\u00e4, oransseilla karvoilla.<\/p>\n<p data-start=\"600\" data-end=\"756\">Lajikkeen ominaisuudet:<br data-start=\"619\" data-end=\"622\" \/>D9-THCV: jopa 40%<br data-start=\"639\" data-end=\"642\" \/>THC-pitoisuus: alle laillisen rajan (yleens\u00e4 &lt;0,3%)<br data-start=\"696\" data-end=\"699\" \/>Morfologisesti vakaa ja visuaalisesti erottuva rakenne<\/p>\n<p data-start=\"758\" data-end=\"1039\">Vain ammattik\u00e4ytt\u00f6\u00f6n tai ker\u00e4ilyyn. Ei ihmisravinnoksi.<br data-start=\"864\" data-end=\"867\" \/>Myyntirajoitus: ei myyd\u00e4 alle 18-vuotiaille.<br data-start=\"915\" data-end=\"918\" \/>S\u00e4ilytys: S\u00e4ilyt\u00e4 kuivassa paikassa, poissa l\u00e4mm\u00f6nl\u00e4hteist\u00e4 ja lasten ulottuvilta.<br data-start=\"1011\" data-end=\"1014\" \/>Alkuper\u00e4maa: Italy<\/p>\n<p data-start=\"1041\" data-end=\"1268\">Haluatko j\u00e4lleenmyyj\u00e4ksi tai franshise-kumppaniksi?\nPienet v\u00e4himm\u00e4ism\u00e4\u00e4r\u00e4t, korkea laatu ja tarpeisiisi r\u00e4\u00e4t\u00e4l\u00f6idyt hinnat. Liity meid\u00e4n Cash &amp; Carry -verkostoon tai ota yhteytt\u00e4: <a class=\"cursor-pointer\" rel=\"noopener\" data-start=\"1248\" data-end=\"1266\">biz@cbditaly.store<\/a><\/p>","protected":false},"excerpt":{"rendered":"<p>Kannabiksen kukinto CANNATONIC X D9-THCV 40 %<br \/>\nSaatavilla pakkauksissa: 2g-3g-5g-10g-20g-50g-100g<\/p>","protected":false},"featured_media":15403,"template":"","meta":{"_joinchat":[]},"product_brand":[],"product_cat":[327,689],"product_tag":[],"class_list":{"0":"post-11867","1":"product","2":"type-product","3":"status-publish","4":"has-post-thumbnail","6":"product_cat-cbd-cbg-kanepi-oied","7":"product_cat-d9-thcv","10":"first","11":"instock","12":"sale","13":"purchasable","14":"product-type-simple"},"tiered_pricing_type":"fixed","tiered_pricing_fixed_rules":{"2":12,"5":10,"10":8,"20":7,"50":6,"100":5,"1000":3},"tiered_pricing_product_settings":{"layout":"default","base_unit_name":{"singular":null,"plural":null},"default_variation":null},"tiered_pricing_minimum_quantity":null,"tiered_pricing_roles_data":[],"tiered_pricing_percentage_rules":[],"tiered_pricing_maximum_quantity":null,"tiered_pricing_quantity_step":null,"_links":{"self":[{"href":"https:\/\/cbditaly.ee\/fi\/wp-json\/wp\/v2\/product\/11867","targetHints":{"allow":["GET"]}}],"collection":[{"href":"https:\/\/cbditaly.ee\/fi\/wp-json\/wp\/v2\/product"}],"about":[{"href":"https:\/\/cbditaly.ee\/fi\/wp-json\/wp\/v2\/types\/product"}],"wp:featuredmedia":[{"embeddable":true,"href":"https:\/\/cbditaly.ee\/fi\/wp-json\/wp\/v2\/media\/15403"}],"wp:attachment":[{"href":"https:\/\/cbditaly.ee\/fi\/wp-json\/wp\/v2\/media?parent=11867"}],"wp:term":[{"taxonomy":"product_brand","embeddable":true,"href":"https:\/\/cbditaly.ee\/fi\/wp-json\/wp\/v2\/product_brand?post=11867"},{"taxonomy":"product_cat","embeddable":true,"href":"https:\/\/cbditaly.ee\/fi\/wp-json\/wp\/v2\/product_cat?post=11867"},{"taxonomy":"product_tag","embeddable":true,"href":"https:\/\/cbditaly.ee\/fi\/wp-json\/wp\/v2\/product_tag?post=11867"}],"curies":[{"name":"wp","href":"https:\/\/api.w.org\/{rel}","templated":true}]}}