{"id":12114,"date":"2025-01-22T22:03:13","date_gmt":"2025-01-22T20:03:13","guid":{"rendered":"https:\/\/cbditaly.ee\/?post_type=product&#038;p=12114"},"modified":"2026-03-13T01:13:05","modified_gmt":"2026-03-12T23:13:05","slug":"swiss-cheese-x-d9-thcv-40","status":"publish","type":"product","link":"https:\/\/cbditaly.ee\/fi\/product\/swiss-cheese-x-d9-thcv-40\/","title":{"rendered":"SWISS CHEESE X D9-THCV 40% 10g *OUTLET"},"content":{"rendered":"<p data-start=\"202\" data-end=\"243\"><strong data-start=\"211\" data-end=\"241\">SWISS CHEESE X D9-THCV 40% *OUTLET<\/strong><\/p>\n<p data-start=\"244\" data-end=\"271\"><strong data-start=\"244\" data-end=\"271\">THC-pitoisuus: alle 0,3\u202f%<\/strong><\/p>\n<p data-start=\"273\" data-end=\"551\"><strong data-start=\"273\" data-end=\"286\">Yleiskatsaus:<\/strong><br data-start=\"286\" data-end=\"289\" \/>Swiss Cheese on klassinen kannabislajike, joka tunnetaan voimakkaasta juustoisesta aromistaan ja tiiviist\u00e4 rakenteestaan. D9-THCV:n lis\u00e4ys korostaa sen visuaalista vetovoimaa, tehden siit\u00e4 erinomaisen valinnan ammattilaisn\u00e4yttelyihin ja kokoelmiin.<\/p>\n<p data-start=\"553\" data-end=\"722\"><strong data-start=\"553\" data-end=\"574\">Aroma ja ulkon\u00e4k\u00f6:<\/strong><br data-start=\"574\" data-end=\"577\" \/>Vahva juustoinen tuoksu, jossa on maanl\u00e4heisi\u00e4 ja kermamaisia s\u00e4vyj\u00e4. Kukinnot ovat tiiviit\u00e4, hartsisia, kirkkaan vihreit\u00e4 ja oransseilla karvoilla.<\/p>\n<p data-start=\"724\" data-end=\"884\"><strong data-start=\"724\" data-end=\"743\">Lajikkeen ominaisuudet:<\/strong><br data-start=\"743\" data-end=\"746\" \/>D9-THCV: jopa 40%<br data-start=\"763\" data-end=\"766\" \/>THC-pitoisuus: alle laillisen rajan (yleens\u00e4 &lt;0,3%)<br data-start=\"820\" data-end=\"823\" \/>Morfologisesti vakaa ja visuaalisesti tunnistettava rakenne<\/p>\n<p data-start=\"886\" data-end=\"1166\"><strong data-start=\"886\" data-end=\"904\">Tuotteen k\u00e4ytt\u00f6:<\/strong> Vain ammattik\u00e4ytt\u00f6\u00f6n tai ker\u00e4ilyyn. Ei ihmisravinnoksi.<br data-start=\"992\" data-end=\"995\" \/><strong data-start=\"995\" data-end=\"1014\">Myyntirajoitukset:<\/strong> Ei myyd\u00e4 alle 18-vuotiaille.<br data-start=\"1043\" data-end=\"1046\" \/><strong data-start=\"1046\" data-end=\"1062\">S\u00e4ilytys:<\/strong> S\u00e4ilyt\u00e4 kuivassa paikassa, poissa l\u00e4mm\u00f6nl\u00e4hteist\u00e4 ja lasten ulottumattomissa.<br data-start=\"1139\" data-end=\"1142\" \/><strong data-start=\"1142\" data-end=\"1158\">Alkuper\u00e4maa:<\/strong> Italia<\/p>\n<p data-start=\"886\" data-end=\"1166\"><strong data-start=\"1155\" data-end=\"1210\">Haluatko ryhty\u00e4 j\u00e4lleenmyyj\u00e4ksi tai franssi\u00adkumppaniksi?<\/strong> Pienet minimier\u00e4t, korkea laatu ja joustavat hinnat. Ota yhteytt\u00e4: <strong data-start=\"1301\" data-end=\"1323\"><a class=\"cursor-pointer\" rel=\"noopener\" data-start=\"1303\" data-end=\"1321\">biz@cbditaly.store<\/a><\/strong><\/p>","protected":false},"excerpt":{"rendered":"<p>Kanepi \u00f5ied SWISS CHEESE X D9-THCV 40% *OUTLET -10 g-<br \/>\nSaatavilla pakkauksissa: 2g-3g-5g-10g-20g-50g-100g<\/p>","protected":false},"featured_media":15405,"template":"","meta":{"_joinchat":[]},"product_brand":[],"product_cat":[623],"product_tag":[],"class_list":{"0":"post-12114","1":"product","2":"type-product","3":"status-publish","4":"has-post-thumbnail","6":"product_cat-w33d-outlet","9":"first","10":"instock","11":"sale","12":"purchasable","13":"product-type-simple"},"tiered_pricing_type":"fixed","tiered_pricing_fixed_rules":[],"tiered_pricing_product_settings":{"layout":"default","base_unit_name":{"singular":null,"plural":null},"default_variation":null},"tiered_pricing_minimum_quantity":null,"tiered_pricing_roles_data":[],"tiered_pricing_percentage_rules":[],"tiered_pricing_maximum_quantity":null,"tiered_pricing_quantity_step":null,"_links":{"self":[{"href":"https:\/\/cbditaly.ee\/fi\/wp-json\/wp\/v2\/product\/12114","targetHints":{"allow":["GET"]}}],"collection":[{"href":"https:\/\/cbditaly.ee\/fi\/wp-json\/wp\/v2\/product"}],"about":[{"href":"https:\/\/cbditaly.ee\/fi\/wp-json\/wp\/v2\/types\/product"}],"wp:featuredmedia":[{"embeddable":true,"href":"https:\/\/cbditaly.ee\/fi\/wp-json\/wp\/v2\/media\/15405"}],"wp:attachment":[{"href":"https:\/\/cbditaly.ee\/fi\/wp-json\/wp\/v2\/media?parent=12114"}],"wp:term":[{"taxonomy":"product_brand","embeddable":true,"href":"https:\/\/cbditaly.ee\/fi\/wp-json\/wp\/v2\/product_brand?post=12114"},{"taxonomy":"product_cat","embeddable":true,"href":"https:\/\/cbditaly.ee\/fi\/wp-json\/wp\/v2\/product_cat?post=12114"},{"taxonomy":"product_tag","embeddable":true,"href":"https:\/\/cbditaly.ee\/fi\/wp-json\/wp\/v2\/product_tag?post=12114"}],"curies":[{"name":"wp","href":"https:\/\/api.w.org\/{rel}","templated":true}]}}