{"id":12205,"date":"2025-02-04T01:11:19","date_gmt":"2025-02-03T23:11:19","guid":{"rendered":"https:\/\/cbditaly.ee\/?post_type=product&#038;p=12205"},"modified":"2026-03-13T01:27:02","modified_gmt":"2026-03-12T23:27:02","slug":"booster-1000mg-thcvo","status":"publish","type":"product","link":"https:\/\/cbditaly.ee\/fi\/product\/booster-1000mg-thcvo\/","title":{"rendered":"BOOSTER 1000mg THCVO 10ml"},"content":{"rendered":"<p>BOOSTER 1000mg THCVO<\/p>\n<p data-start=\"0\" data-end=\"19\">Tehniline toode:\u00a0Koostis: prop\u00fcleengl\u00fckool (PG), tetrah\u00fcdrokannabivariin-O (THCV-O) 99% (1000 mg).<\/p>\n<p data-start=\"108\" data-end=\"206\">Kasutus: ainult professionaalseks ja tehniliseks kasutamiseks. Ei\u00a0 ole m\u00f5eldud inimtarbimiseks.<\/p>\n<p data-start=\"208\" data-end=\"255\">Hoiatus: hoida lastele k\u00e4ttesaamatus kohas.<\/p>\n<p data-start=\"257\" data-end=\"331\">Vastutav ettev\u00f5tja (EL): Organic CBD Italy Kft<br data-start=\"307\" data-end=\"310\" \/>KMKR: HU2733854<\/p>\n<p data-start=\"333\" data-end=\"353\" data-is-last-node=\"\" data-is-only-node=\"\">Netokogus: 10 ml<\/p>\n<p>Haluatko j\u00e4lleenmyyj\u00e4ksi tai franshise-kumppaniksi?\nPienet v\u00e4himm\u00e4ism\u00e4\u00e4r\u00e4t, korkea laatu ja tarpeisiisi r\u00e4\u00e4t\u00e4l\u00f6idyt hinnat. Liity meid\u00e4n Cash &amp; Carry -verkostoon tai ota yhteytt\u00e4: <a class=\"cursor-pointer\" rel=\"noopener\" data-start=\"203\" data-end=\"221\">biz@cbditaly.store<\/a><\/p>\n<pre>Tuote ei sis\u00e4ll\u00e4 nikotiinia. Ei suositella raskaana oleville tai imett\u00e4ville naisille.<\/pre>","protected":false},"excerpt":{"rendered":"<p>BOOSTER 1000mg THCVO<\/p>","protected":false},"featured_media":15953,"template":"","meta":{"_joinchat":[]},"product_brand":[],"product_cat":[468,703],"product_tag":[],"class_list":{"0":"post-12205","1":"product","2":"type-product","3":"status-publish","4":"has-post-thumbnail","6":"product_cat-diy","7":"product_cat-thcvo","10":"first","11":"instock","12":"purchasable","13":"product-type-simple"},"tiered_pricing_type":"fixed","tiered_pricing_fixed_rules":{"3":70,"5":60,"10":50},"tiered_pricing_product_settings":{"layout":"default","base_unit_name":{"singular":null,"plural":null},"default_variation":null},"tiered_pricing_minimum_quantity":null,"tiered_pricing_roles_data":[],"tiered_pricing_percentage_rules":[],"tiered_pricing_maximum_quantity":null,"tiered_pricing_quantity_step":null,"_links":{"self":[{"href":"https:\/\/cbditaly.ee\/fi\/wp-json\/wp\/v2\/product\/12205","targetHints":{"allow":["GET"]}}],"collection":[{"href":"https:\/\/cbditaly.ee\/fi\/wp-json\/wp\/v2\/product"}],"about":[{"href":"https:\/\/cbditaly.ee\/fi\/wp-json\/wp\/v2\/types\/product"}],"wp:featuredmedia":[{"embeddable":true,"href":"https:\/\/cbditaly.ee\/fi\/wp-json\/wp\/v2\/media\/15953"}],"wp:attachment":[{"href":"https:\/\/cbditaly.ee\/fi\/wp-json\/wp\/v2\/media?parent=12205"}],"wp:term":[{"taxonomy":"product_brand","embeddable":true,"href":"https:\/\/cbditaly.ee\/fi\/wp-json\/wp\/v2\/product_brand?post=12205"},{"taxonomy":"product_cat","embeddable":true,"href":"https:\/\/cbditaly.ee\/fi\/wp-json\/wp\/v2\/product_cat?post=12205"},{"taxonomy":"product_tag","embeddable":true,"href":"https:\/\/cbditaly.ee\/fi\/wp-json\/wp\/v2\/product_tag?post=12205"}],"curies":[{"name":"wp","href":"https:\/\/api.w.org\/{rel}","templated":true}]}}