{"id":12395,"date":"2025-02-22T17:24:30","date_gmt":"2025-02-22T15:24:30","guid":{"rendered":"https:\/\/cbditaly.ee\/?post_type=product&#038;p=12395"},"modified":"2026-01-05T18:55:21","modified_gmt":"2026-01-05T16:55:21","slug":"premium-swiss-cheese-joint-x-d9-thcv-40-3-pakend-3g","status":"publish","type":"product","link":"https:\/\/cbditaly.ee\/fi\/product\/premium-swiss-cheese-joint-x-d9-thcv-40-3-pakend-3g\/","title":{"rendered":"Premium Swiss Cheese Joint THCV 40 % \u2013 3-pakkaus (3 g)"},"content":{"rendered":"<div class=\"flex max-w-full flex-col flex-grow\">\n<div class=\"min-h-8 text-message flex w-full flex-col items-end gap-2 whitespace-normal break-words text-start [.text-message+&amp;]:mt-5\" dir=\"auto\" data-message-author-role=\"assistant\" data-message-id=\"e51bf9c8-c2bb-4feb-a0fa-7a4d30b55644\" data-message-model-slug=\"gpt-4o\">\n<div class=\"flex w-full flex-col gap-1 empty:hidden first:pt-[3px]\">\n<div class=\"markdown prose w-full break-words dark:prose-invert light\">\n<p data-start=\"0\" data-end=\"67\">Premium Swiss Cheese Joint THCV 40% \u20133-pakend (3g)<\/p>\n<p data-start=\"81\" data-end=\"496\">Naudi rikkalikku kanepielamust meie 3-pakendiga Swiss Cheese joints\u2019idega. Iga hoolikalt valmistatud 1-grammine joint pakub pehmet, kreemjat ja juustust aroomi, mis on t\u00e4iendatud kerge v\u00fcrtsikusega. See on ideaalne valik l\u00f5\u00f5gastumiseks ja meeldivaks \u00f5htuseks nautimiseks. Valmistatud eksklusiivsest kanepisordist ja rullitud originaalsesse king size RAW paberisse koos filtriga \u2013 tagades parima kvaliteedi.<\/p>\n<p data-start=\"498\" data-end=\"520\">Peamised omadused:<\/p>\n<ul data-start=\"522\" data-end=\"1028\">\n<li data-start=\"522\" data-end=\"621\">Ainulaadne maitseprofiil: Kreemjas ja juustune maitse, millele lisandub \u00f5rn v\u00fcrtsikas noot.<\/li>\n<li data-start=\"622\" data-end=\"723\">T\u00e4iuslik l\u00f5\u00f5gastus: Aitab l\u00f5\u00f5gastuda p\u00e4rast pikka p\u00e4eva, sobib ideaalselt rahulikeks hetkeks.<\/li>\n<li data-start=\"724\" data-end=\"818\">J\u00e4rjepidev kvaliteet: Iga joint sisaldab 1 grammi hoolikalt valitud Swiss Cheese \u00f5isi.<\/li>\n<li data-start=\"819\" data-end=\"942\">K\u00e4sit\u00f6\u00f6na valmistatud: Valmistatud originaalsest king size RAW paberist ja filtrist parima kogemuse tagamiseks.<\/li>\n<li data-start=\"943\" data-end=\"1028\">Turvaline ja diskreetne: Pakendatud nii, et s\u00e4ilitada v\u00e4rskus ja diskreetsus.<\/li>\n<\/ul>\n<p data-start=\"1030\" data-end=\"1167\">Koge s\u00fcgavat l\u00f5\u00f5gastust ja naudi ainulaadset maitset iga t\u00f5mbega \u2013 meie Swiss Cheese Joints viivad sinu kanepielamuse uuele tasemele!<\/p>\n<p>Toote Kasutus:\u00a0Ainult professionaalseks kasutamiseks v\u00f5i kollektsioneerimiseks. Mitte inimtarbimiseks.<br \/>\nM\u00fc\u00fcgipiirangud:\u00a0Ei m\u00fc\u00fcda alla 18-aastastele.<br \/>\nHoiustamine:\u00a0Hoida kuivas kohas, eemal kuumuse allikatest ja lastele k\u00e4ttesaamatus kohas.<br \/>\nP\u00e4ritolumaa:\u00a0Itaalia.<\/p>\n<p>Soovid saada iseseisvaks edasim\u00fc\u00fcjaks v\u00f5i frantsiisipartneriks? Madalad miinimumkogused, k\u00f5rge kvaliteet ja sinu vajadustele vastavad hinnad! Liitu meie Cash &amp; Carry&#8217;ga v\u00f5i v\u00f5ta \u00fchendust e-posti teel: <a class=\"cursor-pointer\" rel=\"noopener\" data-start=\"203\" data-end=\"221\">biz@cbditaly.store<\/a><\/p>\n<\/div>\n<\/div>\n<\/div>\n<\/div>\n","protected":false},"excerpt":{"rendered":"<p>Premium Swiss Cheese Joint THCV 40 % \u2013 3-pakkaus (3 g)<\/p>","protected":false},"featured_media":12387,"template":"","meta":{"_joinchat":[]},"product_brand":[],"product_cat":[327,695,689],"product_tag":[],"class_list":{"0":"post-12395","1":"product","2":"type-product","3":"status-publish","4":"has-post-thumbnail","6":"product_cat-cbd-cbg-kanepi-oied","7":"product_cat-pre-rolls","8":"product_cat-d9-thcv","11":"first","12":"instock","13":"sale","14":"taxable","15":"shipping-taxable","16":"purchasable","17":"product-type-simple"},"tiered_pricing_type":"fixed","tiered_pricing_fixed_rules":[],"tiered_pricing_product_settings":{"layout":"default","base_unit_name":{"singular":null,"plural":null},"default_variation":null},"tiered_pricing_minimum_quantity":null,"tiered_pricing_roles_data":[],"tiered_pricing_percentage_rules":[],"tiered_pricing_maximum_quantity":null,"tiered_pricing_quantity_step":null,"_links":{"self":[{"href":"https:\/\/cbditaly.ee\/fi\/wp-json\/wp\/v2\/product\/12395","targetHints":{"allow":["GET"]}}],"collection":[{"href":"https:\/\/cbditaly.ee\/fi\/wp-json\/wp\/v2\/product"}],"about":[{"href":"https:\/\/cbditaly.ee\/fi\/wp-json\/wp\/v2\/types\/product"}],"wp:featuredmedia":[{"embeddable":true,"href":"https:\/\/cbditaly.ee\/fi\/wp-json\/wp\/v2\/media\/12387"}],"wp:attachment":[{"href":"https:\/\/cbditaly.ee\/fi\/wp-json\/wp\/v2\/media?parent=12395"}],"wp:term":[{"taxonomy":"product_brand","embeddable":true,"href":"https:\/\/cbditaly.ee\/fi\/wp-json\/wp\/v2\/product_brand?post=12395"},{"taxonomy":"product_cat","embeddable":true,"href":"https:\/\/cbditaly.ee\/fi\/wp-json\/wp\/v2\/product_cat?post=12395"},{"taxonomy":"product_tag","embeddable":true,"href":"https:\/\/cbditaly.ee\/fi\/wp-json\/wp\/v2\/product_tag?post=12395"}],"curies":[{"name":"wp","href":"https:\/\/api.w.org\/{rel}","templated":true}]}}