{"id":12399,"date":"2025-02-22T18:32:03","date_gmt":"2025-02-22T16:32:03","guid":{"rendered":"https:\/\/cbditaly.ee\/?post_type=product&#038;p=12399"},"modified":"2025-08-08T04:13:40","modified_gmt":"2025-08-08T01:13:40","slug":"raw-king-size-paper-classic","status":"publish","type":"product","link":"https:\/\/cbditaly.ee\/fi\/product\/raw-king-size-paper-classic\/","title":{"rendered":"RAW King Size paper CLASSIC"},"content":{"rendered":"<p data-start=\"301\" data-end=\"582\"><strong data-start=\"301\" data-end=\"332\">RAW King Size Paber Classic<\/strong> on erinomainen valinta todellisille tupakoinnin harrastajille, jotka arvostavat luonnollisuutta, laatua ja aitoa kokemusta. Valmistettu jalostamattomista kasvikuiduista ilman kemikaaleja, v\u00e4ri- tai t\u00e4yteaineita. Paperi palaa hitaasti ja tasaisesti.<\/p>\n<p data-start=\"584\" data-end=\"778\">Patentoitu ristikk\u00e4inen vesileima takaa tasaisen palamisen ja ehk\u00e4isee ep\u00e4tasaisuudet. King Size Slim -koko mahdollistaa pidemm\u00e4n nautinnon ja on t\u00e4ydellinen jaettavaksi yst\u00e4vien kanssa.<\/p>\n<p data-start=\"780\" data-end=\"824\"><strong data-start=\"780\" data-end=\"791\">Koko:<\/strong><br data-start=\"791\" data-end=\"794\" \/>110 \u00d7 44 mm (King Size Slim)<\/p>\n<p data-start=\"826\" data-end=\"873\"><strong data-start=\"826\" data-end=\"836\">M\u00e4\u00e4r\u00e4:<\/strong><br data-start=\"836\" data-end=\"839\" \/>32 arkkia per pakkaus<br data-start=\"853\" data-end=\"856\" \/>50 pakkausta laatikossa<\/p>\n<p data-start=\"875\" data-end=\"1089\">K\u00e4ytt\u00f6tarkoitus: vain ammattilaisk\u00e4ytt\u00f6\u00f6n tai ker\u00e4ilyyn. Ei ihmisravinnoksi.<br data-start=\"977\" data-end=\"980\" \/>Myyntirajoitus: ei myyd\u00e4 alle 18-vuotiaille.<br data-start=\"1022\" data-end=\"1025\" \/>S\u00e4ilytys: s\u00e4ilyt\u00e4 kuivassa paikassa, poissa l\u00e4mm\u00f6nl\u00e4hteist\u00e4 ja lasten ulottuvilta.<\/p>\n<p><strong>Haluatko j\u00e4lleenmyyj\u00e4ksi tai franshise-kumppaniksi?\nPienet v\u00e4himm\u00e4ism\u00e4\u00e4r\u00e4t, korkea laatu ja tarpeisiisi r\u00e4\u00e4t\u00e4l\u00f6idyt hinnat. Liity meid\u00e4n Cash &amp; Carry -verkostoon tai ota yhteytt\u00e4:\u00a0<a class=\"cursor-pointer\" rel=\"noopener\" data-start=\"203\" data-end=\"221\">biz@cbditaly.store<\/a><\/strong><\/p>\n<p>&nbsp;<\/p>","protected":false},"excerpt":{"rendered":"<p>RAW King Size paper CLASSIC<\/p>","protected":false},"featured_media":12369,"template":"","meta":{"_joinchat":[]},"product_brand":[],"product_cat":[468,676],"product_tag":[],"class_list":{"0":"post-12399","1":"product","2":"type-product","3":"status-publish","4":"has-post-thumbnail","6":"product_cat-diy","7":"product_cat-headshop","10":"first","11":"instock","12":"taxable","13":"shipping-taxable","14":"purchasable","15":"product-type-simple"},"tiered_pricing_type":"fixed","tiered_pricing_fixed_rules":{"2":2.5},"tiered_pricing_product_settings":{"layout":"default","base_unit_name":{"singular":null,"plural":null},"default_variation":null},"tiered_pricing_minimum_quantity":null,"tiered_pricing_roles_data":[],"tiered_pricing_percentage_rules":[],"tiered_pricing_maximum_quantity":null,"tiered_pricing_quantity_step":null,"_links":{"self":[{"href":"https:\/\/cbditaly.ee\/fi\/wp-json\/wp\/v2\/product\/12399","targetHints":{"allow":["GET"]}}],"collection":[{"href":"https:\/\/cbditaly.ee\/fi\/wp-json\/wp\/v2\/product"}],"about":[{"href":"https:\/\/cbditaly.ee\/fi\/wp-json\/wp\/v2\/types\/product"}],"wp:featuredmedia":[{"embeddable":true,"href":"https:\/\/cbditaly.ee\/fi\/wp-json\/wp\/v2\/media\/12369"}],"wp:attachment":[{"href":"https:\/\/cbditaly.ee\/fi\/wp-json\/wp\/v2\/media?parent=12399"}],"wp:term":[{"taxonomy":"product_brand","embeddable":true,"href":"https:\/\/cbditaly.ee\/fi\/wp-json\/wp\/v2\/product_brand?post=12399"},{"taxonomy":"product_cat","embeddable":true,"href":"https:\/\/cbditaly.ee\/fi\/wp-json\/wp\/v2\/product_cat?post=12399"},{"taxonomy":"product_tag","embeddable":true,"href":"https:\/\/cbditaly.ee\/fi\/wp-json\/wp\/v2\/product_tag?post=12399"}],"curies":[{"name":"wp","href":"https:\/\/api.w.org\/{rel}","templated":true}]}}