{"id":12411,"date":"2025-02-23T15:05:57","date_gmt":"2025-02-23T13:05:57","guid":{"rendered":"https:\/\/cbditaly.ee\/?post_type=product&#038;p=12411"},"modified":"2025-08-08T04:00:45","modified_gmt":"2025-08-08T01:00:45","slug":"raw-wide-perforated-tips","status":"publish","type":"product","link":"https:\/\/cbditaly.ee\/fi\/product\/raw-wide-perforated-tips\/","title":{"rendered":"RAW Wide Perforated Tips"},"content":{"rendered":"<p data-start=\"312\" data-end=\"584\">RAW Wide Perforated Tips tekev\u00e4t tupakoinnista tasaisempaa ja viile\u00e4mp\u00e4\u00e4 sek\u00e4 est\u00e4v\u00e4t pienten hiukkasten p\u00e4\u00e4syn suuhun. Koko 58 \u00d7 25 mm takaa hyv\u00e4n ilmavirtauksen, v\u00e4hent\u00e4\u00e4 liian voimakasta vetoa ja pit\u00e4\u00e4 palavan p\u00e4\u00e4n turvallisen et\u00e4isyyden p\u00e4\u00e4ss\u00e4 huulista.<\/p>\n<p data-start=\"586\" data-end=\"595\">Ominaisuudet:<\/p>\n<p data-start=\"597\" data-end=\"896\">\u2013 Tasainen ja luonnollinen veto miellytt\u00e4v\u00e4\u00e4n ilmavirtaan<br data-start=\"653\" data-end=\"656\" \/>\u2013 Luotettava suodatus est\u00e4\u00e4 hiukkasten p\u00e4\u00e4syn suuhun<br data-start=\"728\" data-end=\"731\" \/>\u2013 Vahva ja kest\u00e4v\u00e4 rakenne, joka ei painu kasaan ja tekee rullaamisesta helppoa<br data-start=\"805\" data-end=\"808\" \/>\u2013 Muokattava muoto, jolla voi s\u00e4\u00e4t\u00e4\u00e4 vetoa ja ilmankiertoa oman maun mukaan<\/p>\n<p data-start=\"898\" data-end=\"1017\">Parhaan lopputuloksen saavuttamiseksi taita toinen p\u00e4\u00e4 haitarimaisesti vakauden ja k\u00e4ytt\u00f6mukavuuden lis\u00e4\u00e4miseksi.<\/p>\n<p data-start=\"1019\" data-end=\"1106\">Rullaa kuin ammattilainen RAW Wide Perforated Tips -suodattimilla ja nauti jokaisesta vedosta t\u00e4ysill\u00e4.<\/p>\n<div>\n<hr \/>\n<\/div>\n<p>tilaaminen Viroon (Tukkumyynti):\u00a0<a href=\"https:\/\/cbditaly.store\/et\/cashandcarry\/\" target=\"_blank\" rel=\"noopener\">www.cbditaly.store\u00a0<\/a><\/p>\n<p><strong>Tuotteen K\u00e4ytt\u00f6:<\/strong>\u00a0Vain ammattik\u00e4ytt\u00f6\u00f6n tai ker\u00e4ilyyn. Ei ihmisravinnoksi.<br \/>\n<strong>Myyntirajoitukset:<\/strong>\u00a0Ei myyd\u00e4 alle 18-vuotiaille.<br \/>\n<strong>S\u00e4ilytys:<\/strong>\u00a0S\u00e4ilyt\u00e4 kuivassa paikassa, poissa l\u00e4mm\u00f6nl\u00e4hteist\u00e4 ja lasten ulottumattomissa.<\/p>","protected":false},"excerpt":{"rendered":"<p><strong>RAW Wide Perforated Tips<\/strong><\/p>","protected":false},"featured_media":12412,"template":"","meta":{"_joinchat":[]},"product_brand":[],"product_cat":[468,676],"product_tag":[],"class_list":{"0":"post-12411","1":"product","2":"type-product","3":"status-publish","4":"has-post-thumbnail","6":"product_cat-diy","7":"product_cat-headshop","10":"first","11":"instock","12":"taxable","13":"shipping-taxable","14":"purchasable","15":"product-type-simple"},"tiered_pricing_type":"fixed","tiered_pricing_fixed_rules":[],"tiered_pricing_product_settings":{"layout":"default","base_unit_name":{"singular":null,"plural":null},"default_variation":null},"tiered_pricing_minimum_quantity":null,"tiered_pricing_roles_data":[],"tiered_pricing_percentage_rules":[],"tiered_pricing_maximum_quantity":null,"tiered_pricing_quantity_step":null,"_links":{"self":[{"href":"https:\/\/cbditaly.ee\/fi\/wp-json\/wp\/v2\/product\/12411","targetHints":{"allow":["GET"]}}],"collection":[{"href":"https:\/\/cbditaly.ee\/fi\/wp-json\/wp\/v2\/product"}],"about":[{"href":"https:\/\/cbditaly.ee\/fi\/wp-json\/wp\/v2\/types\/product"}],"wp:featuredmedia":[{"embeddable":true,"href":"https:\/\/cbditaly.ee\/fi\/wp-json\/wp\/v2\/media\/12412"}],"wp:attachment":[{"href":"https:\/\/cbditaly.ee\/fi\/wp-json\/wp\/v2\/media?parent=12411"}],"wp:term":[{"taxonomy":"product_brand","embeddable":true,"href":"https:\/\/cbditaly.ee\/fi\/wp-json\/wp\/v2\/product_brand?post=12411"},{"taxonomy":"product_cat","embeddable":true,"href":"https:\/\/cbditaly.ee\/fi\/wp-json\/wp\/v2\/product_cat?post=12411"},{"taxonomy":"product_tag","embeddable":true,"href":"https:\/\/cbditaly.ee\/fi\/wp-json\/wp\/v2\/product_tag?post=12411"}],"curies":[{"name":"wp","href":"https:\/\/api.w.org\/{rel}","templated":true}]}}