{"id":12413,"date":"2025-02-23T16:11:04","date_gmt":"2025-02-23T14:11:04","guid":{"rendered":"https:\/\/cbditaly.ee\/?post_type=product&#038;p=12413"},"modified":"2025-08-15T03:50:42","modified_gmt":"2025-08-15T00:50:42","slug":"raw-classic-connoisseur-king-size-tips","status":"publish","type":"product","link":"https:\/\/cbditaly.ee\/fi\/product\/raw-classic-connoisseur-king-size-tips\/","title":{"rendered":"RAW CLASSIC CONNOISSEUR KING SIZE + TIPS"},"content":{"rendered":"<p data-start=\"53\" data-end=\"95\"><strong>RAW Classic Connoisseur King Size + Tips<\/strong><\/p>\n<p data-start=\"97\" data-end=\"435\">Koe aito luonnollinen rullaus RAW Classic Connoisseur King Size + Tips -setill\u00e4. Valmistettu puhdistamattomista, luonnollisista kasvikuiduista, n\u00e4m\u00e4 paperit palavat tasaisesti ja hitaasti ilman lis\u00e4ttyj\u00e4 kemikaaleja, v\u00e4riaineita tai liitua. Jokaisessa pakkauksessa on laadukkaat filtteri\u00adtipit, jotka tuovat mukavuutta ja puhtaamman polttokokemuksen.<\/p>\n<p data-start=\"437\" data-end=\"628\">King Size -pituus mahdollistaa pidemm\u00e4t ja miellytt\u00e4v\u00e4mm\u00e4t hetket. Patentoitu ristikk\u00e4inen vesileima est\u00e4\u00e4 ep\u00e4tasaisen palamisen ja takaa hitaan, tasaisen palon joka kerta.<\/p>\n<p data-start=\"630\" data-end=\"717\">Koko:<br data-start=\"637\" data-end=\"640\" \/>Paperin mitat: 110 mm x 44 mm (King Size Slim)<br data-start=\"686\" data-end=\"689\" \/>Filtterit: 26 mm x 6 mm<\/p>\n<p data-start=\"719\" data-end=\"781\">M\u00e4\u00e4r\u00e4:<br data-start=\"725\" data-end=\"728\" \/>32 lehte\u00e4 ja 32 filtteri\u00e4 per pakkaus<br data-start=\"761\" data-end=\"764\" \/>24 pakkausta laatikossa<\/p>\n<p data-start=\"783\" data-end=\"862\">T\u00e4ydellinen valinta niille, jotka arvostavat aitoa ja luonnollista polttokokemusta.<\/p>\n<p data-start=\"864\" data-end=\"1002\">Myyntirajoitus: ei myyd\u00e4 alle 18-vuotiaille.<br data-start=\"908\" data-end=\"911\" \/>S\u00e4ilytys: S\u00e4ilyt\u00e4 kuivassa paikassa, poissa l\u00e4mm\u00f6nl\u00e4hteist\u00e4 ja lasten ulottuvilta.<\/p>\n<p data-start=\"1004\" data-end=\"1225\"><strong>Haluatko j\u00e4lleenmyyj\u00e4ksi tai franshise-kumppaniksi?\nPienet v\u00e4himm\u00e4ism\u00e4\u00e4r\u00e4t, korkea laatu ja tarpeisiisi r\u00e4\u00e4t\u00e4l\u00f6idyt hinnat. Liity meid\u00e4n Cash &amp; Carry -verkostoon tai ota yhteytt\u00e4: <a class=\"cursor-pointer\" rel=\"noopener\" data-start=\"1205\" data-end=\"1223\">biz@cbditaly.store<\/a><\/strong><\/p>","protected":false},"excerpt":{"rendered":"<p>RAW CLASSIC CONNOISSEUR KING SIZE + TIPS<\/p>","protected":false},"featured_media":12416,"template":"","meta":{"_joinchat":[]},"product_brand":[],"product_cat":[468,676],"product_tag":[],"class_list":{"0":"post-12413","1":"product","2":"type-product","3":"status-publish","4":"has-post-thumbnail","6":"product_cat-diy","7":"product_cat-headshop","10":"first","11":"instock","12":"taxable","13":"shipping-taxable","14":"purchasable","15":"product-type-simple"},"tiered_pricing_type":"fixed","tiered_pricing_fixed_rules":{"2":4.5},"tiered_pricing_product_settings":{"layout":"default","base_unit_name":{"singular":null,"plural":null},"default_variation":null},"tiered_pricing_minimum_quantity":null,"tiered_pricing_roles_data":[],"tiered_pricing_percentage_rules":[],"tiered_pricing_maximum_quantity":null,"tiered_pricing_quantity_step":null,"_links":{"self":[{"href":"https:\/\/cbditaly.ee\/fi\/wp-json\/wp\/v2\/product\/12413","targetHints":{"allow":["GET"]}}],"collection":[{"href":"https:\/\/cbditaly.ee\/fi\/wp-json\/wp\/v2\/product"}],"about":[{"href":"https:\/\/cbditaly.ee\/fi\/wp-json\/wp\/v2\/types\/product"}],"wp:featuredmedia":[{"embeddable":true,"href":"https:\/\/cbditaly.ee\/fi\/wp-json\/wp\/v2\/media\/12416"}],"wp:attachment":[{"href":"https:\/\/cbditaly.ee\/fi\/wp-json\/wp\/v2\/media?parent=12413"}],"wp:term":[{"taxonomy":"product_brand","embeddable":true,"href":"https:\/\/cbditaly.ee\/fi\/wp-json\/wp\/v2\/product_brand?post=12413"},{"taxonomy":"product_cat","embeddable":true,"href":"https:\/\/cbditaly.ee\/fi\/wp-json\/wp\/v2\/product_cat?post=12413"},{"taxonomy":"product_tag","embeddable":true,"href":"https:\/\/cbditaly.ee\/fi\/wp-json\/wp\/v2\/product_tag?post=12413"}],"curies":[{"name":"wp","href":"https:\/\/api.w.org\/{rel}","templated":true}]}}