{"id":12418,"date":"2025-02-23T20:20:37","date_gmt":"2025-02-23T18:20:37","guid":{"rendered":"https:\/\/cbditaly.ee\/?post_type=product&#038;p=12418"},"modified":"2025-02-23T20:33:19","modified_gmt":"2025-02-23T18:33:19","slug":"raw-clipper-lighter-black","status":"publish","type":"product","link":"https:\/\/cbditaly.ee\/fi\/product\/raw-clipper-lighter-black\/","title":{"rendered":"RAW CLIPPER LIGHTER BLACK"},"content":{"rendered":"<h3 data-pm-slice=\"1 1 []\">\ud83d\udd25 RAW Wide Perforated Tips \u2013 Pehme\u00e4 ja Miellytt\u00e4v\u00e4 Tupakointikokemus<strong data-start=\"0\" data-end=\"26\">RAW Clipper S\u00fc\u00fcde Must<\/strong><\/h3>\n<p data-start=\"28\" data-end=\"315\"><strong data-start=\"28\" data-end=\"54\">RAW Clipper S\u00fc\u00fcde Must<\/strong> on ideaalne kaaslane t\u00f5elistele suitsetamishuvilistele, kes hindavad stiili, funktsionaalsust ja j\u00e4tkusuutlikkust. Ikonilise RAW logoga kaunistatud elegantne must disain muudab selle s\u00fc\u00fctaja mitte ainult t\u00f6\u00f6riistaks, vaid ka kvaliteedi ja autentsuse s\u00fcmboliks.<\/p>\n<p data-start=\"317\" data-end=\"644\">Tuntud oma vastupidavuse ja keskkonnas\u00f5braliku disaini poolest, on Clipper s\u00fc\u00fctaja taaskasutatav, vahetatava kivi s\u00fcsteemiga ja eemaldatava tihendajaga \u2013 ideaalne abivahend sigarettide tihendamiseks. See tagab \u00fchtlase leegi, pakkudes usaldusv\u00e4\u00e4rsust igal kasutuskorral, s\u00e4ilitades samal ajal RAW p\u00fchendumuse j\u00e4tkusuutlikkusele.<\/p>\n<p data-start=\"646\" data-end=\"659\"><strong data-start=\"646\" data-end=\"657\">Koko:<\/strong><\/p>\n<ul data-start=\"660\" data-end=\"699\">\n<li data-start=\"660\" data-end=\"678\">K\u00f5rgus: 7,4 cm<\/li>\n<li data-start=\"679\" data-end=\"699\">L\u00e4bim\u00f5\u00f5t: 1,6 cm<\/li>\n<\/ul>\n<p data-start=\"761\" data-end=\"860\" data-is-last-node=\"\" data-is-only-node=\"\">T\u00e4iuslik neile, kes hindavad praktilisust, t\u00f6\u00f6kindlust ja RAW iseloomulikku stiili igas sessioonis.<\/p>\n<p>tilaaminen Viroon (Tukkumyynti):\u00a0<a href=\"https:\/\/cbditaly.store\/et\/cashandcarry\/\" target=\"_blank\" rel=\"noopener\">www.cbditaly.store\u00a0<\/a><\/p>\n<p><strong>Tuotteen K\u00e4ytt\u00f6:<\/strong>\u00a0Vain ammattik\u00e4ytt\u00f6\u00f6n tai ker\u00e4ilyyn. Ei ihmisravinnoksi.<br \/>\n<strong>Myyntirajoitukset:<\/strong>\u00a0Ei myyd\u00e4 alle 18-vuotiaille.<br \/>\n<strong>S\u00e4ilytys:<\/strong> S\u00e4ilyt\u00e4 kuivassa paikassa, poissa l\u00e4mm\u00f6nl\u00e4hteist\u00e4 ja lasten ulottumattomissa.<\/p>","protected":false},"excerpt":{"rendered":"<p>RAW CLIPPER LIGHTER BLACK<\/p>","protected":false},"featured_media":12419,"template":"","meta":{"_joinchat":[]},"product_brand":[],"product_cat":[468,676],"product_tag":[],"class_list":{"0":"post-12418","1":"product","2":"type-product","3":"status-publish","4":"has-post-thumbnail","6":"product_cat-diy","7":"product_cat-headshop","10":"first","11":"instock","12":"taxable","13":"shipping-taxable","14":"purchasable","15":"product-type-simple"},"tiered_pricing_type":"fixed","tiered_pricing_fixed_rules":{"2":4},"tiered_pricing_product_settings":{"layout":"default","base_unit_name":{"singular":null,"plural":null},"default_variation":null},"tiered_pricing_minimum_quantity":null,"tiered_pricing_roles_data":[],"tiered_pricing_percentage_rules":[],"tiered_pricing_maximum_quantity":null,"tiered_pricing_quantity_step":null,"_links":{"self":[{"href":"https:\/\/cbditaly.ee\/fi\/wp-json\/wp\/v2\/product\/12418","targetHints":{"allow":["GET"]}}],"collection":[{"href":"https:\/\/cbditaly.ee\/fi\/wp-json\/wp\/v2\/product"}],"about":[{"href":"https:\/\/cbditaly.ee\/fi\/wp-json\/wp\/v2\/types\/product"}],"wp:featuredmedia":[{"embeddable":true,"href":"https:\/\/cbditaly.ee\/fi\/wp-json\/wp\/v2\/media\/12419"}],"wp:attachment":[{"href":"https:\/\/cbditaly.ee\/fi\/wp-json\/wp\/v2\/media?parent=12418"}],"wp:term":[{"taxonomy":"product_brand","embeddable":true,"href":"https:\/\/cbditaly.ee\/fi\/wp-json\/wp\/v2\/product_brand?post=12418"},{"taxonomy":"product_cat","embeddable":true,"href":"https:\/\/cbditaly.ee\/fi\/wp-json\/wp\/v2\/product_cat?post=12418"},{"taxonomy":"product_tag","embeddable":true,"href":"https:\/\/cbditaly.ee\/fi\/wp-json\/wp\/v2\/product_tag?post=12418"}],"curies":[{"name":"wp","href":"https:\/\/api.w.org\/{rel}","templated":true}]}}