{"id":13774,"date":"2025-07-16T22:14:41","date_gmt":"2025-07-16T19:14:41","guid":{"rendered":"https:\/\/cbditaly.ee\/?post_type=product&#038;p=13774"},"modified":"2026-02-09T16:01:41","modified_gmt":"2026-02-09T14:01:41","slug":"orange-kush-x-hhcp-m-60-10g-outlet","status":"publish","type":"product","link":"https:\/\/cbditaly.ee\/fi\/product\/orange-kush-x-hhcp-m-60-10g-outlet\/","title":{"rendered":"ORANGE KUSH X HHCP-M 60% 10g *OUTLET"},"content":{"rendered":"<p data-start=\"72\" data-end=\"130\">*OUTLET<br \/>\nOrange Kush X HHCP-M 60% 10g<br data-start=\"100\" data-end=\"103\" \/>THC-pitoisuus: alle 0,3\u202f%<\/p>\n<p data-start=\"132\" data-end=\"497\">Yleiskatsaus:<br data-start=\"145\" data-end=\"148\" \/>Orange Kush on voimakkaan sitruksisen profiilin omaava kannabislajike, jota arvostetaan sen eloisan ulkon\u00e4\u00f6n ja vakaan morfologian ansiosta. T\u00e4m\u00e4 erikoisversio on t\u00e4ydennetty uuden sukupolven kannabinoidilla HHCP-M, joka tuo kokoelmaan tieteellist\u00e4 ja esteettist\u00e4 erityispiirrett\u00e4. Ihanteellinen valinta ammattimaisille ker\u00e4ilij\u00f6ille ja n\u00e4yttelyformaatteihin.<\/p>\n<p data-start=\"499\" data-end=\"716\">Aroma ja ulkon\u00e4k\u00f6:<br data-start=\"520\" data-end=\"523\" \/>Appelsiinin ja mandariinin s\u00e4vyt yhdistyv\u00e4t hienovaraiseen mausteisuuteen ja maanl\u00e4heisiin vivahteisiin. Kukinnot ovat tiiviit\u00e4, pihkaisia ja kirkkaanvihreit\u00e4, ja niit\u00e4 koristavat oranssit emit, jotka korostavat lajikkeen ainutlaatuista ulkon\u00e4k\u00f6\u00e4.<\/p>\n<p data-start=\"718\" data-end=\"869\">Lajikkeen ominaisuudet:<br data-start=\"737\" data-end=\"740\" \/>HHCP-M: jopa 60 %<br data-start=\"756\" data-end=\"759\" \/>THC-pitoisuus: alle laillisen rajan (yleens\u00e4 &lt;0,3%)<br data-start=\"813\" data-end=\"816\" \/>Morfologisesti vakaa ja visuaalisesti tunnistettava lajike<\/p>\n<p>Vain ammattik\u00e4ytt\u00f6\u00f6n tai ker\u00e4ilyyn. Ei ihmisravinnoksi.<br \/>\nMyyntirajoitus: ei myyd\u00e4 alle 18-vuotiaille.<br \/>\nS\u00e4ilytys: S\u00e4ilyt\u00e4 kuivassa paikassa, poissa l\u00e4mm\u00f6nl\u00e4hteist\u00e4 ja lasten ulottuvilta.<br \/>\nAlkuper\u00e4maa: Italy<\/p>\n<p>Haluatko j\u00e4lleenmyyj\u00e4ksi tai franshise-kumppaniksi?\nPienet v\u00e4himm\u00e4ism\u00e4\u00e4r\u00e4t, korkea laatu ja tarpeisiisi r\u00e4\u00e4t\u00e4l\u00f6idyt hinnat. Liity meid\u00e4n Cash &amp; Carry -verkostoon tai ota yhteytt\u00e4: <a class=\"cursor-pointer\" rel=\"noopener\" data-start=\"203\" data-end=\"221\">biz@cbditaly.store<\/a><\/p>","protected":false},"excerpt":{"rendered":"<p>Kanepi \u00f5ied ORANGE KUSH X HHCP-M 60% 10g *OUTLET<br \/>\nSaatavilla pakkauksissa: 2g-3g-5g-10g-20g-50g-100g<\/p>","protected":false},"featured_media":15209,"template":"","meta":{"_joinchat":[]},"product_brand":[],"product_cat":[623],"product_tag":[],"class_list":{"0":"post-13774","1":"product","2":"type-product","3":"status-publish","4":"has-post-thumbnail","6":"product_cat-w33d-outlet","9":"first","10":"instock","11":"purchasable","12":"product-type-simple"},"tiered_pricing_type":"fixed","tiered_pricing_fixed_rules":[],"tiered_pricing_product_settings":{"layout":"default","base_unit_name":{"singular":null,"plural":null},"default_variation":null},"tiered_pricing_minimum_quantity":null,"tiered_pricing_roles_data":[],"tiered_pricing_percentage_rules":[],"tiered_pricing_maximum_quantity":null,"tiered_pricing_quantity_step":null,"_links":{"self":[{"href":"https:\/\/cbditaly.ee\/fi\/wp-json\/wp\/v2\/product\/13774","targetHints":{"allow":["GET"]}}],"collection":[{"href":"https:\/\/cbditaly.ee\/fi\/wp-json\/wp\/v2\/product"}],"about":[{"href":"https:\/\/cbditaly.ee\/fi\/wp-json\/wp\/v2\/types\/product"}],"wp:featuredmedia":[{"embeddable":true,"href":"https:\/\/cbditaly.ee\/fi\/wp-json\/wp\/v2\/media\/15209"}],"wp:attachment":[{"href":"https:\/\/cbditaly.ee\/fi\/wp-json\/wp\/v2\/media?parent=13774"}],"wp:term":[{"taxonomy":"product_brand","embeddable":true,"href":"https:\/\/cbditaly.ee\/fi\/wp-json\/wp\/v2\/product_brand?post=13774"},{"taxonomy":"product_cat","embeddable":true,"href":"https:\/\/cbditaly.ee\/fi\/wp-json\/wp\/v2\/product_cat?post=13774"},{"taxonomy":"product_tag","embeddable":true,"href":"https:\/\/cbditaly.ee\/fi\/wp-json\/wp\/v2\/product_tag?post=13774"}],"curies":[{"name":"wp","href":"https:\/\/api.w.org\/{rel}","templated":true}]}}