{"id":13776,"date":"2025-07-16T22:19:00","date_gmt":"2025-07-16T19:19:00","guid":{"rendered":"https:\/\/cbditaly.ee\/?post_type=product&#038;p=13776"},"modified":"2026-02-10T14:09:20","modified_gmt":"2026-02-10T12:09:20","slug":"cbg-dutch-passion-x-hhcp-m-60-10g-outlet","status":"publish","type":"product","link":"https:\/\/cbditaly.ee\/fi\/product\/cbg-dutch-passion-x-hhcp-m-60-10g-outlet\/","title":{"rendered":"CBG DUTCH PASSION X HHCP-M 60% 10g *OUTLET"},"content":{"rendered":"<p data-start=\"113\" data-end=\"178\"><strong data-start=\"113\" data-end=\"147\">*OUTLET<br \/>\nCBG Dutch Passion X HHCP-M 60%<\/strong><br data-start=\"147\" data-end=\"150\" \/><strong data-start=\"150\" data-end=\"178\">THC sisaldus: alla 0,01%<\/strong><\/p>\n<p data-start=\"180\" data-end=\"516\"><strong data-start=\"180\" data-end=\"193\">Yleiskatsaus:<\/strong><br data-start=\"193\" data-end=\"196\" \/>CBG Dutch Passion on esteetiliselt pehme ja loodusliku ilmega kanepisort, mis \u00fchendab k\u00f5rge CBG sisalduse ning uuendusliku HHCP-M molekuli visuaalse potentsiaali. Selle tasakaalustatud struktuur ja selge morfoloogia teevad sellest v\u00e4\u00e4rtusliku eksponaadi kollektsion\u00e4\u00e4ridele ja professionaalsetele esitluskeskkondadele.<\/p>\n<p data-start=\"518\" data-end=\"751\"><strong data-start=\"518\" data-end=\"539\">Aroma ja ulkon\u00e4k\u00f6:<\/strong><br data-start=\"539\" data-end=\"542\" \/>Maal\u00e4hedane ja \u00fcrdine noot koos kerge sidrunise ja v\u00fcrtsika varjundiga. Pungad on vaigused, h\u00e4rmas, hele- kuni keskmiselt rohelised ja p\u00f5imitud oran\u017eide karvadega, pakkudes visuaalselt harmoonilist tulemust.<\/p>\n<p data-start=\"753\" data-end=\"951\"><strong data-start=\"753\" data-end=\"772\">Lajikkeen ominaisuudet:<\/strong><br data-start=\"772\" data-end=\"775\" \/>HHCP-M: jopa 60 %<br data-start=\"791\" data-end=\"794\" \/>CBG-pitoisuus: 22\u201324\u202f%<br data-start=\"814\" data-end=\"817\" \/>THC-pitoisuus: alle lain salliman rajan (yleens\u00e4 &lt;0,01\u202f%)<br data-start=\"872\" data-end=\"875\" \/>Stabiilne taim morfoloogiliselt ja sobib professionaalseks kollektsiooniks<\/p>\n<p><strong>Tuotteen K\u00e4ytt\u00f6:<\/strong> Vain ammattik\u00e4ytt\u00f6\u00f6n tai ker\u00e4ilyyn. Ei ihmisravinnoksi.<br \/>\n<strong>Myyntirajoitukset:<\/strong> Ei myyd\u00e4 alle 18-vuotiaille.<br \/>\n<strong>S\u00e4ilytys:<\/strong> S\u00e4ilyt\u00e4 kuivassa paikassa, poissa l\u00e4mm\u00f6nl\u00e4hteist\u00e4 ja lasten ulottumattomissa.<br \/>\n<strong>Alkuper\u00e4maa:<\/strong> Italia<\/p>\n<p><strong>Haluatko j\u00e4lleenmyyj\u00e4ksi tai franshise-kumppaniksi?\nPienet v\u00e4himm\u00e4ism\u00e4\u00e4r\u00e4t, korkea laatu ja tarpeisiisi r\u00e4\u00e4t\u00e4l\u00f6idyt hinnat. Liity meid\u00e4n Cash &amp; Carry -verkostoon tai ota yhteytt\u00e4: <a class=\"cursor-pointer\" rel=\"noopener\" data-start=\"203\" data-end=\"221\">biz@cbditaly.store<\/a><\/strong><\/p>","protected":false},"excerpt":{"rendered":"<p>CBG DUTCH PASSION X HHCP-M 60% 10g *OUTLET<br \/>\nSaatavilla pakkauksissa: 2g-3g-5g-10g-20g-50g-100g<\/p>","protected":false},"featured_media":15204,"template":"","meta":{"_joinchat":[]},"product_brand":[],"product_cat":[623],"product_tag":[],"class_list":{"0":"post-13776","1":"product","2":"type-product","3":"status-publish","4":"has-post-thumbnail","6":"product_cat-w33d-outlet","9":"first","10":"outofstock","11":"purchasable","12":"product-type-simple"},"tiered_pricing_type":"fixed","tiered_pricing_fixed_rules":[],"tiered_pricing_product_settings":{"layout":"default","base_unit_name":{"singular":null,"plural":null},"default_variation":null},"tiered_pricing_minimum_quantity":null,"tiered_pricing_roles_data":[],"tiered_pricing_percentage_rules":[],"tiered_pricing_maximum_quantity":null,"tiered_pricing_quantity_step":null,"_links":{"self":[{"href":"https:\/\/cbditaly.ee\/fi\/wp-json\/wp\/v2\/product\/13776","targetHints":{"allow":["GET"]}}],"collection":[{"href":"https:\/\/cbditaly.ee\/fi\/wp-json\/wp\/v2\/product"}],"about":[{"href":"https:\/\/cbditaly.ee\/fi\/wp-json\/wp\/v2\/types\/product"}],"wp:featuredmedia":[{"embeddable":true,"href":"https:\/\/cbditaly.ee\/fi\/wp-json\/wp\/v2\/media\/15204"}],"wp:attachment":[{"href":"https:\/\/cbditaly.ee\/fi\/wp-json\/wp\/v2\/media?parent=13776"}],"wp:term":[{"taxonomy":"product_brand","embeddable":true,"href":"https:\/\/cbditaly.ee\/fi\/wp-json\/wp\/v2\/product_brand?post=13776"},{"taxonomy":"product_cat","embeddable":true,"href":"https:\/\/cbditaly.ee\/fi\/wp-json\/wp\/v2\/product_cat?post=13776"},{"taxonomy":"product_tag","embeddable":true,"href":"https:\/\/cbditaly.ee\/fi\/wp-json\/wp\/v2\/product_tag?post=13776"}],"curies":[{"name":"wp","href":"https:\/\/api.w.org\/{rel}","templated":true}]}}