{"id":13777,"date":"2025-07-16T22:22:06","date_gmt":"2025-07-16T19:22:06","guid":{"rendered":"https:\/\/cbditaly.ee\/?post_type=product&#038;p=13777"},"modified":"2026-02-09T16:02:42","modified_gmt":"2026-02-09T14:02:42","slug":"swiss-cheese-x-hhcp-m-60-10g-outlet","status":"publish","type":"product","link":"https:\/\/cbditaly.ee\/fi\/product\/swiss-cheese-x-hhcp-m-60-10g-outlet\/","title":{"rendered":"SWISS CHEESE X HHCP-M 60% 10g *OUTLET"},"content":{"rendered":"<p data-start=\"63\" data-end=\"122\">*OUTLET<br \/>\nSwiss Cheese X HHCP-M 60%<br data-start=\"92\" data-end=\"95\" \/>THC-pitoisuus: alle 0,3\u202f%<\/p>\n<p data-start=\"124\" data-end=\"520\">Yleiskatsaus:<br data-start=\"137\" data-end=\"140\" \/>Swiss Cheese on ker\u00e4ilij\u00f6iden keskuudessa arvostettu kannabislajike, jonka aromia hallitsee voimakas ja omaleimainen juustoinen s\u00e4vy. Erikoisversio on rikastettu innovatiivisella HHCP-M-molekyylill\u00e4 \u2014 uuden sukupolven kannabinoidilla, joka edustaa kannabistieteen huippua. Kompakti ja visuaalisesti houkutteleva rakenne tekee siit\u00e4 ihanteellisen ammattik\u00e4ytt\u00f6\u00f6n tarkoitettuihin kokoelmiin.<\/p>\n<p data-start=\"522\" data-end=\"711\">Aroma ja ulkon\u00e4k\u00f6:<br data-start=\"543\" data-end=\"546\" \/>Juustoinen ja maanl\u00e4heinen tuoksu kermaisella pohjas\u00e4vyll\u00e4. Kukinnot ovat tiiviit\u00e4, pihkaisia ja kirkkaanvihreit\u00e4, joissa on oransseja emi\u00e4, luoden n\u00e4ytt\u00e4v\u00e4n ulkon\u00e4\u00f6n.<\/p>\n<p data-start=\"713\" data-end=\"861\">Lajikkeen ominaisuudet:<br data-start=\"732\" data-end=\"735\" \/>HHCP-M: jopa 60 %<br data-start=\"751\" data-end=\"754\" \/>THC-pitoisuus: alle laillisen rajan (yleens\u00e4 &lt;0,3%)<br data-start=\"808\" data-end=\"811\" \/>Visuaalisesti vakaa ja houkutteleva morfologia<\/p>\n<p>Vain ammattik\u00e4ytt\u00f6\u00f6n tai ker\u00e4ilyyn. Ei ihmisravinnoksi.<br \/>\nMyyntirajoitus: ei myyd\u00e4 alle 18-vuotiaille.<br \/>\nS\u00e4ilytys: S\u00e4ilyt\u00e4 kuivassa paikassa, poissa l\u00e4mm\u00f6nl\u00e4hteist\u00e4 ja lasten ulottuvilta.<br \/>\nAlkuper\u00e4maa: Italy<\/p>\n<p>Haluatko j\u00e4lleenmyyj\u00e4ksi tai franshise-kumppaniksi?\nPienet v\u00e4himm\u00e4ism\u00e4\u00e4r\u00e4t, korkea laatu ja tarpeisiisi r\u00e4\u00e4t\u00e4l\u00f6idyt hinnat. Liity meid\u00e4n Cash &amp; Carry -verkostoon tai ota yhteytt\u00e4: <a class=\"cursor-pointer\" rel=\"noopener\" data-start=\"203\" data-end=\"221\">biz@cbditaly.store<\/a><\/p>","protected":false},"excerpt":{"rendered":"<p>Kanepi \u00f5ied SWISS CHEESE X HHCP-M 60% 10g *OUTLET<br \/>\nSaatavilla pakkauksissa: 2g-3g-5g-10g-20g-50g-100g<\/p>","protected":false},"featured_media":15212,"template":"","meta":{"_joinchat":[]},"product_brand":[],"product_cat":[623],"product_tag":[],"class_list":{"0":"post-13777","1":"product","2":"type-product","3":"status-publish","4":"has-post-thumbnail","6":"product_cat-w33d-outlet","9":"first","10":"instock","11":"purchasable","12":"product-type-simple"},"tiered_pricing_type":"fixed","tiered_pricing_fixed_rules":[],"tiered_pricing_product_settings":{"layout":"default","base_unit_name":{"singular":null,"plural":null},"default_variation":null},"tiered_pricing_minimum_quantity":null,"tiered_pricing_roles_data":[],"tiered_pricing_percentage_rules":[],"tiered_pricing_maximum_quantity":null,"tiered_pricing_quantity_step":null,"_links":{"self":[{"href":"https:\/\/cbditaly.ee\/fi\/wp-json\/wp\/v2\/product\/13777","targetHints":{"allow":["GET"]}}],"collection":[{"href":"https:\/\/cbditaly.ee\/fi\/wp-json\/wp\/v2\/product"}],"about":[{"href":"https:\/\/cbditaly.ee\/fi\/wp-json\/wp\/v2\/types\/product"}],"wp:featuredmedia":[{"embeddable":true,"href":"https:\/\/cbditaly.ee\/fi\/wp-json\/wp\/v2\/media\/15212"}],"wp:attachment":[{"href":"https:\/\/cbditaly.ee\/fi\/wp-json\/wp\/v2\/media?parent=13777"}],"wp:term":[{"taxonomy":"product_brand","embeddable":true,"href":"https:\/\/cbditaly.ee\/fi\/wp-json\/wp\/v2\/product_brand?post=13777"},{"taxonomy":"product_cat","embeddable":true,"href":"https:\/\/cbditaly.ee\/fi\/wp-json\/wp\/v2\/product_cat?post=13777"},{"taxonomy":"product_tag","embeddable":true,"href":"https:\/\/cbditaly.ee\/fi\/wp-json\/wp\/v2\/product_tag?post=13777"}],"curies":[{"name":"wp","href":"https:\/\/api.w.org\/{rel}","templated":true}]}}