{"id":13778,"date":"2025-07-16T22:22:16","date_gmt":"2025-07-16T19:22:16","guid":{"rendered":"https:\/\/cbditaly.ee\/?post_type=product&#038;p=13778"},"modified":"2026-02-09T16:03:46","modified_gmt":"2026-02-09T14:03:46","slug":"lemon-haze-x-hhcp-m-60-10g-outlet","status":"publish","type":"product","link":"https:\/\/cbditaly.ee\/fi\/product\/lemon-haze-x-hhcp-m-60-10g-outlet\/","title":{"rendered":"LEMON HAZE X HHCP-M 60% 10g *OUTLET"},"content":{"rendered":"<p data-start=\"0\" data-end=\"47\">*OUTLET<\/p>\n<p data-start=\"0\" data-end=\"47\">Kanepi \u00f5ied LEMON HAZE X HHCP-M 60% 10g<br data-start=\"35\" data-end=\"38\" \/>THC &lt;0,3%<\/p>\n<p data-start=\"49\" data-end=\"524\">Yleiskatsaus:<br data-start=\"58\" data-end=\"61\" \/>Lemon Haze on visuaalisesti dynaaminen ja laajalti tunnettu kannabislajike, jota arvostetaan sen kirkkaan rakenteen ja ilmeikk\u00e4\u00e4n sitruksisen genetiikan ansiosta. T\u00e4m\u00e4 erikoisversio on rikastettu 60 % HHCP-M-pitoisuudella \u2013 modernilla ja teknologisesti edistyneell\u00e4 uuden sukupolven kannabinoidilla, joka tuo lajikkeelle tieteellist\u00e4 ja ker\u00e4ilyarvoa. Kyseess\u00e4 on premium-luokan ker\u00e4ilytuote, joka soveltuu ammattimaisiin esittely-ymp\u00e4rist\u00f6ihin.<\/p>\n<p data-start=\"526\" data-end=\"852\">Ulkon\u00e4k\u00f6 ja aromi:<br data-start=\"543\" data-end=\"546\" \/>Kukinnot ovat tiiviit\u00e4, pihkaisia ja tasaisesti kristallihuurteen peitt\u00e4mi\u00e4. Kirkkaanvihre\u00e4t s\u00e4vyt hallitsevat v\u00e4rimaailmaa, ja niit\u00e4 korostavat pitk\u00e4t oranssit emit. Aromiprofiili on selv\u00e4sti sitruksinen ja muistuttaa tuoretta sitruunaa, johon yhdistyv\u00e4t kevyet happamat ja kasvimaiset vivahteet, Lemon Haze -genetiikalle ominaisesti.<\/p>\n<p data-start=\"854\" data-end=\"1016\">Koostumus ja ominaisuudet:<br data-start=\"874\" data-end=\"877\" \/>HHCP-M: jopa 60 %<br data-start=\"893\" data-end=\"896\" \/>CBD: luonnollinen kasvipohjainen pitoisuus<br data-start=\"925\" data-end=\"928\" \/>THC-pitoisuus: alle &lt;0,3 %<br data-start=\"952\" data-end=\"955\" \/>Vakaa morfologia ja eritt\u00e4in houkutteleva visuaalinen ulkon\u00e4k\u00f6.<\/p>\n<p data-start=\"1018\" data-end=\"1158\">Alkuper\u00e4 ja tuotanto:<br data-start=\"1039\" data-end=\"1042\" \/>Tuotteet valitaan k\u00e4sin ja tarkastetaan huolellisesti tasaisen visuaalisen laadun varmistamiseksi.<br data-start=\"1135\" data-end=\"1138\" \/>Alkuper\u00e4maa: Italy<\/p>\n<p data-start=\"1160\" data-end=\"1436\">K\u00e4ytt\u00f6 ja rajoitukset:<br data-start=\"1181\" data-end=\"1184\" \/>Pienet v\u00e4himm\u00e4ism\u00e4\u00e4r\u00e4t, korkea laatu ja tarpeisiisi sopiva hinnoittelu! Liity Cash &amp; Carry -asiakkaaksi tai ota yhteytt\u00e4 s\u00e4hk\u00f6postitse:<br data-start=\"1286\" data-end=\"1289\" \/>Myyntirajoitus: ei myyd\u00e4 alle 18-vuotiaille.<br data-start=\"1333\" data-end=\"1336\" \/>S\u00e4ilytys: S\u00e4ilyt\u00e4 kuivassa ja viile\u00e4ss\u00e4 paikassa, poissa suorasta l\u00e4mm\u00f6st\u00e4 ja lasten ulottumattomissa.<\/p>\n<p data-start=\"1438\" data-end=\"1621\">Tukkumyynti ja kumppanuus:<br data-start=\"1462\" data-end=\"1465\" \/>Haluatko ryhty\u00e4 itsen\u00e4iseksi j\u00e4lleenmyyj\u00e4ksi tai franchising-kumppaniksi?<br data-start=\"1532\" data-end=\"1535\" \/>Tarjoamme pienet v\u00e4himm\u00e4ism\u00e4\u00e4r\u00e4t, ammattimaisen laadun ja joustavat ehdot.<\/p>\n<p data-start=\"1623\" data-end=\"1685\" data-is-last-node=\"\" data-is-only-node=\"\">Liity Cash &amp; Carry -asiakkaaksi tai kirjoita meille: <strong data-start=\"1663\" data-end=\"1685\" data-is-last-node=\"\"><a class=\"decorated-link cursor-pointer\" rel=\"noopener\" data-start=\"1665\" data-end=\"1683\">biz@cbditaly.store<\/a><\/strong><\/p>","protected":false},"excerpt":{"rendered":"<p>LEMON HAZE X HHCP-M 60% 10g *OUTLET<br \/>\nSaatavilla pakkauksissa: 2g-3g-5g-10g-20g-50g-100g<\/p>","protected":false},"featured_media":15206,"template":"","meta":{"_joinchat":[]},"product_brand":[],"product_cat":[623],"product_tag":[],"class_list":{"0":"post-13778","1":"product","2":"type-product","3":"status-publish","4":"has-post-thumbnail","6":"product_cat-w33d-outlet","9":"first","10":"instock","11":"purchasable","12":"product-type-simple"},"tiered_pricing_type":"fixed","tiered_pricing_fixed_rules":[],"tiered_pricing_product_settings":{"layout":"default","base_unit_name":{"singular":null,"plural":null},"default_variation":null},"tiered_pricing_minimum_quantity":null,"tiered_pricing_roles_data":[],"tiered_pricing_percentage_rules":[],"tiered_pricing_maximum_quantity":null,"tiered_pricing_quantity_step":null,"_links":{"self":[{"href":"https:\/\/cbditaly.ee\/fi\/wp-json\/wp\/v2\/product\/13778","targetHints":{"allow":["GET"]}}],"collection":[{"href":"https:\/\/cbditaly.ee\/fi\/wp-json\/wp\/v2\/product"}],"about":[{"href":"https:\/\/cbditaly.ee\/fi\/wp-json\/wp\/v2\/types\/product"}],"wp:featuredmedia":[{"embeddable":true,"href":"https:\/\/cbditaly.ee\/fi\/wp-json\/wp\/v2\/media\/15206"}],"wp:attachment":[{"href":"https:\/\/cbditaly.ee\/fi\/wp-json\/wp\/v2\/media?parent=13778"}],"wp:term":[{"taxonomy":"product_brand","embeddable":true,"href":"https:\/\/cbditaly.ee\/fi\/wp-json\/wp\/v2\/product_brand?post=13778"},{"taxonomy":"product_cat","embeddable":true,"href":"https:\/\/cbditaly.ee\/fi\/wp-json\/wp\/v2\/product_cat?post=13778"},{"taxonomy":"product_tag","embeddable":true,"href":"https:\/\/cbditaly.ee\/fi\/wp-json\/wp\/v2\/product_tag?post=13778"}],"curies":[{"name":"wp","href":"https:\/\/api.w.org\/{rel}","templated":true}]}}