{"id":13782,"date":"2025-07-17T01:23:37","date_gmt":"2025-07-16T22:23:37","guid":{"rendered":"https:\/\/cbditaly.ee\/?post_type=product&#038;p=13782"},"modified":"2026-02-09T16:04:34","modified_gmt":"2026-02-09T14:04:34","slug":"ak47-x-hhcp-m-60-10g-outlet","status":"publish","type":"product","link":"https:\/\/cbditaly.ee\/fi\/product\/ak47-x-hhcp-m-60-10g-outlet\/","title":{"rendered":"AK47 X HHCP-M 60% 10g *OUTLET"},"content":{"rendered":"<p data-start=\"120\" data-end=\"171\">*OUTLET<\/p>\n<p data-start=\"120\" data-end=\"171\">AK47 X HHCP-M 60%<br data-start=\"141\" data-end=\"144\" \/>THC-pitoisuus: alle 0,3\u202f%<\/p>\n<p data-start=\"173\" data-end=\"553\">Yleiskatsaus:<br data-start=\"186\" data-end=\"189\" \/>AK-47 on yksi tunnetuimmista klassisista kannabislajikkeista, jota arvostetaan vakaan genetiikan ja tunnusomaisen ulkon\u00e4\u00f6n ansiosta. T\u00e4m\u00e4 erikoisversio on t\u00e4ydennetty innovatiivisella HHCP-M-molekyylill\u00e4, joka korostaa lajikkeen visuaalista intensiivisyytt\u00e4 ja modernia tieteellist\u00e4 l\u00e4hestymistapaa. Ihanteellinen valinta ker\u00e4ilij\u00f6ille ja ammattilaisille, jotka arvostavat tarkkuutta ja estetiikkaa.<\/p>\n<p data-start=\"555\" data-end=\"804\">Aroma ja ulkon\u00e4k\u00f6:<br data-start=\"576\" data-end=\"579\" \/>Aromi on yrttinen ja kevyesti mausteinen, ja sit\u00e4 t\u00e4ydent\u00e4\u00e4 hienovarainen makeus. Kukinnot ovat tiiviit\u00e4 ja pihkaisia, v\u00e4rilt\u00e4\u00e4n tummanvihre\u00e4st\u00e4 oliivinvihre\u00e4\u00e4n, ja ne ovat peittyneet punertaviin emiin ja kiteisiin, luoden syv\u00e4n ja yksityiskohtaisen visuaalisen vaikutelman.<\/p>\n<p data-start=\"806\" data-end=\"954\">Lajikkeen ominaisuudet:<br data-start=\"825\" data-end=\"828\" \/>HHCP-M: jopa 60 %<br data-start=\"844\" data-end=\"847\" \/>THC-pitoisuus: alle laillisen rajan (yleens\u00e4 &lt;0,3%)<br data-start=\"901\" data-end=\"904\" \/>Vahva kasvi, jolla on vakaa ja helposti tunnistettava morfologia<\/p>\n<p>Vain ammattik\u00e4ytt\u00f6\u00f6n tai ker\u00e4ilyyn. Ei ihmisravinnoksi.<br \/>\nMyyntirajoitus: ei myyd\u00e4 alle 18-vuotiaille.<br \/>\nS\u00e4ilytys: S\u00e4ilyt\u00e4 kuivassa paikassa, poissa l\u00e4mm\u00f6nl\u00e4hteist\u00e4 ja lasten ulottuvilta.<br \/>\nAlkuper\u00e4maa: Italy<\/p>\n<p>Haluatko j\u00e4lleenmyyj\u00e4ksi tai franshise-kumppaniksi?\nPienet v\u00e4himm\u00e4ism\u00e4\u00e4r\u00e4t, korkea laatu ja tarpeisiisi r\u00e4\u00e4t\u00e4l\u00f6idyt hinnat. Liity meid\u00e4n Cash &amp; Carry -verkostoon tai ota yhteytt\u00e4: <a class=\"cursor-pointer\" rel=\"noopener\" data-start=\"203\" data-end=\"221\">biz@cbditaly.store<\/a><\/p>","protected":false},"excerpt":{"rendered":"<p>AK47 X HHCP-M 60% 10g *OUTLET<br \/>\nSaatavilla pakkauksissa: 2g-3g-5g-10g-20g-50g-100g<\/p>","protected":false},"featured_media":15202,"template":"","meta":{"_joinchat":[]},"product_brand":[],"product_cat":[623],"product_tag":[],"class_list":{"0":"post-13782","1":"product","2":"type-product","3":"status-publish","4":"has-post-thumbnail","6":"product_cat-w33d-outlet","9":"first","10":"instock","11":"purchasable","12":"product-type-simple"},"tiered_pricing_type":"fixed","tiered_pricing_fixed_rules":[],"tiered_pricing_product_settings":{"layout":"default","base_unit_name":{"singular":null,"plural":null},"default_variation":null},"tiered_pricing_minimum_quantity":null,"tiered_pricing_roles_data":[],"tiered_pricing_percentage_rules":[],"tiered_pricing_maximum_quantity":null,"tiered_pricing_quantity_step":null,"_links":{"self":[{"href":"https:\/\/cbditaly.ee\/fi\/wp-json\/wp\/v2\/product\/13782","targetHints":{"allow":["GET"]}}],"collection":[{"href":"https:\/\/cbditaly.ee\/fi\/wp-json\/wp\/v2\/product"}],"about":[{"href":"https:\/\/cbditaly.ee\/fi\/wp-json\/wp\/v2\/types\/product"}],"wp:featuredmedia":[{"embeddable":true,"href":"https:\/\/cbditaly.ee\/fi\/wp-json\/wp\/v2\/media\/15202"}],"wp:attachment":[{"href":"https:\/\/cbditaly.ee\/fi\/wp-json\/wp\/v2\/media?parent=13782"}],"wp:term":[{"taxonomy":"product_brand","embeddable":true,"href":"https:\/\/cbditaly.ee\/fi\/wp-json\/wp\/v2\/product_brand?post=13782"},{"taxonomy":"product_cat","embeddable":true,"href":"https:\/\/cbditaly.ee\/fi\/wp-json\/wp\/v2\/product_cat?post=13782"},{"taxonomy":"product_tag","embeddable":true,"href":"https:\/\/cbditaly.ee\/fi\/wp-json\/wp\/v2\/product_tag?post=13782"}],"curies":[{"name":"wp","href":"https:\/\/api.w.org\/{rel}","templated":true}]}}