{"id":13888,"date":"2025-07-23T01:28:35","date_gmt":"2025-07-22T22:28:35","guid":{"rendered":"https:\/\/cbditaly.ee\/?post_type=product&#038;p=13888"},"modified":"2026-02-28T19:00:31","modified_gmt":"2026-02-28T17:00:31","slug":"cannatonic-x-d9-thcb-60","status":"publish","type":"product","link":"https:\/\/cbditaly.ee\/fi\/product\/cannatonic-x-d9-thcb-60\/","title":{"rendered":"CANNATONIC X D9-THCBO 60% 10g *OUTLET"},"content":{"rendered":"<p data-start=\"130\" data-end=\"392\"><strong data-start=\"130\" data-end=\"158\">Cannatonic X D9-THCBO 60% 10g<\/strong><\/p>\n<p data-start=\"182\" data-end=\"241\"><strong data-start=\"214\" data-end=\"231\">THC-pitoisuus:<\/strong> alle 0,3\u202f%<\/p>\n<p data-start=\"243\" data-end=\"512\"><strong data-start=\"243\" data-end=\"256\">Yleiskatsaus:<\/strong><br data-start=\"256\" data-end=\"259\" \/>Cannatonic on tasapainoisella genetiikalla varustettu lajike, jolla on laajalti k\u00e4ytetty visuaalinen profiili ammattilaisten keskuudessa. D9-THCBO:n lis\u00e4\u00e4minen korostaa lajikkeen ainutlaatuista morfologiaa, tehden siit\u00e4 sopivan ker\u00e4ilyyn ja esittelyyn.<\/p>\n<p data-start=\"514\" data-end=\"731\"><strong data-start=\"514\" data-end=\"535\">Aroma ja ulkon\u00e4k\u00f6:<\/strong><br data-start=\"535\" data-end=\"538\" \/>Tuoksussa on maanl\u00e4heisi\u00e4, sitruksisia ja kevyesti puumaisia s\u00e4vyj\u00e4. Nuput ovat kompakteja ja hartsisia, vaalean- tai keskivihreit\u00e4, meripihkanv\u00e4risill\u00e4 karvoilla ja tiheill\u00e4 trikomeilla.<\/p>\n<p data-start=\"733\" data-end=\"896\"><strong data-start=\"733\" data-end=\"752\">Lajikkeen ominaisuudet:<\/strong><br data-start=\"752\" data-end=\"755\" \/>D9-THCBO: jopa 60\u202f%<br data-start=\"773\" data-end=\"776\" \/>THC-pitoisuus: alle laillisen rajan (yleens\u00e4 &lt;0,3%)<br data-start=\"830\" data-end=\"833\" \/>Geneettisesti vakaa ja visuaalisesti ilmeik\u00e4s rakenne<\/p>\n<p data-start=\"1094\" data-end=\"1403\"><strong data-start=\"1094\" data-end=\"1115\">Tuotteen k\u00e4ytt\u00f6:<\/strong> vain ammattilaisk\u00e4ytt\u00f6\u00f6n tai ker\u00e4ilyyn. Ei tarkoitettu ihmiskulutukseen.<br data-start=\"1216\" data-end=\"1219\" \/><strong data-start=\"1219\" data-end=\"1239\">Myyntirajoitukset:<\/strong> ei myyd\u00e4 alle 18-vuotiaille.<br data-start=\"1280\" data-end=\"1283\" \/><strong data-start=\"1283\" data-end=\"1299\">S\u00e4ilytys:<\/strong> s\u00e4ilyt\u00e4 kuivassa paikassa, poissa l\u00e4mm\u00f6nl\u00e4hteist\u00e4 ja lasten ulottuvilta.<br data-start=\"1374\" data-end=\"1377\" \/><strong data-start=\"1377\" data-end=\"1394\">Alkuper\u00e4maa:<\/strong> Italia<\/p>\n<p><strong>Haluatko j\u00e4lleenmyyj\u00e4ksi tai franshise-kumppaniksi?\nPienet v\u00e4himm\u00e4ism\u00e4\u00e4r\u00e4t, korkea laatu ja tarpeisiisi r\u00e4\u00e4t\u00e4l\u00f6idyt hinnat. Liity meid\u00e4n Cash &amp; Carry -verkostoon tai ota yhteytt\u00e4: <a class=\"cursor-pointer\" rel=\"noopener\" data-start=\"203\" data-end=\"221\">biz@cbditaly.store<\/a><\/strong><\/p>","protected":false},"excerpt":{"rendered":"<p>CANNATONIC X D9-THCBO 60% 10g OUTLET<br \/>\nSaatavilla pakkauksissa: 2g-3g-5g-10g-20g-50g-100g<\/p>","protected":false},"featured_media":15203,"template":"","meta":{"_joinchat":[]},"product_brand":[],"product_cat":[623],"product_tag":[],"class_list":{"0":"post-13888","1":"product","2":"type-product","3":"status-publish","4":"has-post-thumbnail","6":"product_cat-w33d-outlet","9":"first","10":"instock","11":"sale","12":"purchasable","13":"product-type-simple"},"tiered_pricing_type":"fixed","tiered_pricing_fixed_rules":[],"tiered_pricing_product_settings":{"layout":"default","base_unit_name":{"singular":null,"plural":null},"default_variation":null},"tiered_pricing_minimum_quantity":null,"tiered_pricing_roles_data":[],"tiered_pricing_percentage_rules":[],"tiered_pricing_maximum_quantity":null,"tiered_pricing_quantity_step":null,"_links":{"self":[{"href":"https:\/\/cbditaly.ee\/fi\/wp-json\/wp\/v2\/product\/13888","targetHints":{"allow":["GET"]}}],"collection":[{"href":"https:\/\/cbditaly.ee\/fi\/wp-json\/wp\/v2\/product"}],"about":[{"href":"https:\/\/cbditaly.ee\/fi\/wp-json\/wp\/v2\/types\/product"}],"wp:featuredmedia":[{"embeddable":true,"href":"https:\/\/cbditaly.ee\/fi\/wp-json\/wp\/v2\/media\/15203"}],"wp:attachment":[{"href":"https:\/\/cbditaly.ee\/fi\/wp-json\/wp\/v2\/media?parent=13888"}],"wp:term":[{"taxonomy":"product_brand","embeddable":true,"href":"https:\/\/cbditaly.ee\/fi\/wp-json\/wp\/v2\/product_brand?post=13888"},{"taxonomy":"product_cat","embeddable":true,"href":"https:\/\/cbditaly.ee\/fi\/wp-json\/wp\/v2\/product_cat?post=13888"},{"taxonomy":"product_tag","embeddable":true,"href":"https:\/\/cbditaly.ee\/fi\/wp-json\/wp\/v2\/product_tag?post=13888"}],"curies":[{"name":"wp","href":"https:\/\/api.w.org\/{rel}","templated":true}]}}