{"id":14183,"date":"2025-08-14T18:44:46","date_gmt":"2025-08-14T15:44:46","guid":{"rendered":"https:\/\/cbditaly.ee\/?post_type=product&#038;p=14183"},"modified":"2025-08-15T02:03:23","modified_gmt":"2025-08-14T23:03:23","slug":"rooibos-25g","status":"publish","type":"product","link":"https:\/\/cbditaly.ee\/fi\/product\/rooibos-25g\/","title":{"rendered":"Rooibos \u2013 25 g"},"content":{"rendered":"<p><strong data-start=\"612\" data-end=\"630\">Rooibos \u2013 25 g<\/strong><br data-start=\"630\" data-end=\"633\" \/>Rooiboksemme tulee huolellisesti valituista viljelmist\u00e4 ja on k\u00e4sitelty niin, ett\u00e4 sen l\u00e4mmin v\u00e4ri ja luonnollinen makea aromi s\u00e4ilyv\u00e4t. K\u00e4teviss\u00e4 25 g pusseissa esitetty tuote sopii erinomaisesti perinteist\u00e4 ja korkealaatuista tuotetta arvostaville.<br data-start=\"878\" data-end=\"881\" \/>Monipuolisuutensa ansiosta se sopii sek\u00e4 ker\u00e4ilyyn ja maisteluun ett\u00e4 raaka-aineeksi k\u00e4sity\u00f6valmistuksiin. Pakattu tuoreuden ja tasaisen laadun takaamiseksi.<\/p>\n<p>Tukkukauppa: <a href=\"https:\/\/www.cbditaly.store\/\" target=\"_blank\" rel=\"noopener\">www.cbditaly.store<\/a><\/p>","protected":false},"excerpt":{"rendered":"<p><strong data-start=\"612\" data-end=\"630\">Rooibos \u2013 25 g<\/strong><\/p>","protected":false},"featured_media":14180,"template":"","meta":{"_joinchat":[]},"product_brand":[],"product_cat":[677,665],"product_tag":[],"class_list":{"0":"post-14183","1":"product","2":"type-product","3":"status-publish","4":"has-post-thumbnail","6":"product_cat-green-goddess-republic","7":"product_cat-taimeteed-ja-kanepiteed","10":"first","11":"instock","12":"purchasable","13":"product-type-simple"},"tiered_pricing_type":"fixed","tiered_pricing_fixed_rules":{"3":6},"tiered_pricing_product_settings":{"layout":"default","base_unit_name":{"singular":null,"plural":null},"default_variation":null},"tiered_pricing_minimum_quantity":null,"tiered_pricing_roles_data":[],"tiered_pricing_percentage_rules":[],"tiered_pricing_maximum_quantity":null,"tiered_pricing_quantity_step":null,"_links":{"self":[{"href":"https:\/\/cbditaly.ee\/fi\/wp-json\/wp\/v2\/product\/14183","targetHints":{"allow":["GET"]}}],"collection":[{"href":"https:\/\/cbditaly.ee\/fi\/wp-json\/wp\/v2\/product"}],"about":[{"href":"https:\/\/cbditaly.ee\/fi\/wp-json\/wp\/v2\/types\/product"}],"wp:featuredmedia":[{"embeddable":true,"href":"https:\/\/cbditaly.ee\/fi\/wp-json\/wp\/v2\/media\/14180"}],"wp:attachment":[{"href":"https:\/\/cbditaly.ee\/fi\/wp-json\/wp\/v2\/media?parent=14183"}],"wp:term":[{"taxonomy":"product_brand","embeddable":true,"href":"https:\/\/cbditaly.ee\/fi\/wp-json\/wp\/v2\/product_brand?post=14183"},{"taxonomy":"product_cat","embeddable":true,"href":"https:\/\/cbditaly.ee\/fi\/wp-json\/wp\/v2\/product_cat?post=14183"},{"taxonomy":"product_tag","embeddable":true,"href":"https:\/\/cbditaly.ee\/fi\/wp-json\/wp\/v2\/product_tag?post=14183"}],"curies":[{"name":"wp","href":"https:\/\/api.w.org\/{rel}","templated":true}]}}