{"id":14830,"date":"2025-11-04T18:09:44","date_gmt":"2025-11-04T16:09:44","guid":{"rendered":"https:\/\/cbditaly.ee\/?post_type=product&#038;p=14830"},"modified":"2026-02-28T18:59:35","modified_gmt":"2026-02-28T16:59:35","slug":"orange-kush-x-d9-thcbo-60-10g","status":"publish","type":"product","link":"https:\/\/cbditaly.ee\/fi\/product\/orange-kush-x-d9-thcbo-60-10g\/","title":{"rendered":"ORANGE KUSH X D9-THCBO 60% 10g *OUTLET"},"content":{"rendered":"<h4>ORANGE KUSH X D9-THCBO 60% 10g<\/h4>\n<p data-start=\"221\" data-end=\"248\"><strong data-start=\"221\" data-end=\"238\">THC-pitoisuus:<\/strong> alle 0,3\u202f%<\/p>\n<p data-start=\"250\" data-end=\"539\"><strong data-start=\"250\" data-end=\"263\">Yleiskatsaus:<\/strong><br data-start=\"263\" data-end=\"266\" \/>Orange Kush on sitruksisella profiililla varustettu kannabislajike, joka erottuu kirkkaalla ulkon\u00e4\u00f6ll\u00e4\u00e4n. D9-THCBO korostaa lajikkeen visuaalisia ominaisuuksia, mik\u00e4 tekee siit\u00e4 erinomaisen valinnan ker\u00e4ilij\u00f6ille ja ammattilaisille.<\/p>\n<p data-start=\"541\" data-end=\"717\"><strong data-start=\"541\" data-end=\"562\">Aroma ja ulkon\u00e4k\u00f6:<\/strong><br data-start=\"562\" data-end=\"565\" \/>Tuoksussa on appelsiinin ja mandariinin s\u00e4vyj\u00e4 sek\u00e4 kevytt\u00e4 mausteisuutta ja maanl\u00e4heisyytt\u00e4. Nuput ovat tiiviit\u00e4, hartsisia, kirkkaan vihreit\u00e4 ja oransseilla karvoilla.<\/p>\n<p data-start=\"719\" data-end=\"870\"><strong data-start=\"719\" data-end=\"738\">Lajikkeen ominaisuudet:<\/strong><br data-start=\"738\" data-end=\"741\" \/>D9-THCBO: jopa 60\u202f%<br data-start=\"759\" data-end=\"762\" \/>THC-pitoisuus: alle laillisen rajan (yleens\u00e4 &lt;0,3%)<br data-start=\"816\" data-end=\"819\" \/>Morfologisesti vakaa ja visuaalisesti tunnistettava lajike<\/p>\n<p><strong>Tuotteen K\u00e4ytt\u00f6:<\/strong> Vain ammattik\u00e4ytt\u00f6\u00f6n tai ker\u00e4ilyyn. Ei ihmisravinnoksi.<br \/>\n<strong>Myyntirajoitukset:<\/strong> Ei myyd\u00e4 alle 18-vuotiaille.<br \/>\n<strong>S\u00e4ilytys:<\/strong> S\u00e4ilyt\u00e4 kuivassa paikassa, poissa l\u00e4mm\u00f6nl\u00e4hteist\u00e4 ja lasten ulottumattomissa.<br \/>\n<strong>Alkuper\u00e4maa:<\/strong> Italia<\/p>\n<p><strong>Haluatko j\u00e4lleenmyyj\u00e4ksi tai franshise-kumppaniksi?\nPienet v\u00e4himm\u00e4ism\u00e4\u00e4r\u00e4t, korkea laatu ja tarpeisiisi r\u00e4\u00e4t\u00e4l\u00f6idyt hinnat. Liity meid\u00e4n Cash &amp; Carry -verkostoon tai ota yhteytt\u00e4: <a class=\"cursor-pointer\" rel=\"noopener\" data-start=\"203\" data-end=\"221\">biz@cbditaly.store<\/a><\/strong><\/p>","protected":false},"excerpt":{"rendered":"<p>ORANGE KUSH X D9-THCBO 60% 10g OUTLET<br \/>\nSaatavilla pakkauksissa: 2g-3g-5g-10g-20g-50g-100g<\/p>","protected":false},"featured_media":15209,"template":"","meta":{"_joinchat":[]},"product_brand":[],"product_cat":[623],"product_tag":[],"class_list":{"0":"post-14830","1":"product","2":"type-product","3":"status-publish","4":"has-post-thumbnail","6":"product_cat-w33d-outlet","9":"first","10":"instock","11":"sale","12":"purchasable","13":"product-type-simple"},"tiered_pricing_type":"fixed","tiered_pricing_fixed_rules":[],"tiered_pricing_product_settings":{"layout":"default","base_unit_name":{"singular":null,"plural":null},"default_variation":null},"tiered_pricing_minimum_quantity":null,"tiered_pricing_roles_data":[],"tiered_pricing_percentage_rules":[],"tiered_pricing_maximum_quantity":null,"tiered_pricing_quantity_step":null,"_links":{"self":[{"href":"https:\/\/cbditaly.ee\/fi\/wp-json\/wp\/v2\/product\/14830","targetHints":{"allow":["GET"]}}],"collection":[{"href":"https:\/\/cbditaly.ee\/fi\/wp-json\/wp\/v2\/product"}],"about":[{"href":"https:\/\/cbditaly.ee\/fi\/wp-json\/wp\/v2\/types\/product"}],"wp:featuredmedia":[{"embeddable":true,"href":"https:\/\/cbditaly.ee\/fi\/wp-json\/wp\/v2\/media\/15209"}],"wp:attachment":[{"href":"https:\/\/cbditaly.ee\/fi\/wp-json\/wp\/v2\/media?parent=14830"}],"wp:term":[{"taxonomy":"product_brand","embeddable":true,"href":"https:\/\/cbditaly.ee\/fi\/wp-json\/wp\/v2\/product_brand?post=14830"},{"taxonomy":"product_cat","embeddable":true,"href":"https:\/\/cbditaly.ee\/fi\/wp-json\/wp\/v2\/product_cat?post=14830"},{"taxonomy":"product_tag","embeddable":true,"href":"https:\/\/cbditaly.ee\/fi\/wp-json\/wp\/v2\/product_tag?post=14830"}],"curies":[{"name":"wp","href":"https:\/\/api.w.org\/{rel}","templated":true}]}}