{"id":14831,"date":"2025-11-04T18:09:46","date_gmt":"2025-11-04T16:09:46","guid":{"rendered":"https:\/\/cbditaly.ee\/?post_type=product&#038;p=14831"},"modified":"2026-02-28T18:59:14","modified_gmt":"2026-02-28T16:59:14","slug":"pineapple-x-d9-thcbo-60-10g","status":"publish","type":"product","link":"https:\/\/cbditaly.ee\/fi\/product\/pineapple-x-d9-thcbo-60-10g\/","title":{"rendered":"PINEAPPLE X D9-THCBO 60% 10g *OUTLET"},"content":{"rendered":"<p style=\"text-align: left;\"><strong>PINEAPPLE X D9-THCBO 60% 10g<\/strong><\/p>\n<p data-start=\"150\" data-end=\"208\"><strong data-start=\"181\" data-end=\"198\">THC-pitoisuus:<\/strong> alle 0,3\u202f%<\/p>\n<p data-start=\"210\" data-end=\"492\"><strong data-start=\"210\" data-end=\"223\">Yleiskatsaus:<\/strong><br data-start=\"223\" data-end=\"226\" \/>Pineapple on trooppisella profiililla varustettu kannabislajike, joka erottuu hedelm\u00e4isell\u00e4 aromillaan ja kirkkaalla ulkon\u00e4\u00f6ll\u00e4\u00e4n. D9-THCBO:n lis\u00e4\u00e4minen korostaa lajikkeen visuaalisia ominaisuuksia, tehden siit\u00e4 houkuttelevan vaihtoehdon ker\u00e4ilij\u00f6ille ja ammattilaisille.<\/p>\n<p data-start=\"494\" data-end=\"682\"><strong data-start=\"494\" data-end=\"515\">Aroma ja ulkon\u00e4k\u00f6:<\/strong><br data-start=\"515\" data-end=\"518\" \/>Makea ananaksen tuoksu, jossa on sitruksisia ja kevyesti maanl\u00e4heisi\u00e4 s\u00e4vyj\u00e4. Nuput ovat kompakteja, hartsisia, kirkkaan vihreit\u00e4 ja meripihkanv\u00e4risill\u00e4 karvoilla.<\/p>\n<p data-start=\"684\" data-end=\"833\"><strong data-start=\"684\" data-end=\"703\">Lajikkeen ominaisuudet:<\/strong><br data-start=\"703\" data-end=\"706\" \/>D9-THCBO: jopa 60\u202f%<br data-start=\"724\" data-end=\"727\" \/>THC-pitoisuus: alle laillisen rajan (yleens\u00e4 &lt;0,3%)<br data-start=\"781\" data-end=\"784\" \/>Morfologisesti vakaa ja visuaalisesti n\u00e4ytt\u00e4v\u00e4<\/p>\n<p><strong>Tuotteen K\u00e4ytt\u00f6:<\/strong> Vain ammattik\u00e4ytt\u00f6\u00f6n tai ker\u00e4ilyyn. Ei ihmisravinnoksi.<br \/>\n<strong>Myyntirajoitukset:<\/strong> Ei myyd\u00e4 alle 18-vuotiaille.<br \/>\n<strong>S\u00e4ilytys:<\/strong> S\u00e4ilyt\u00e4 kuivassa paikassa, poissa l\u00e4mm\u00f6nl\u00e4hteist\u00e4 ja lasten ulottumattomissa.<br \/>\n<strong>Alkuper\u00e4maa:<\/strong> Italia<\/p>\n<p><strong>Haluatko j\u00e4lleenmyyj\u00e4ksi tai franshise-kumppaniksi?\nPienet v\u00e4himm\u00e4ism\u00e4\u00e4r\u00e4t, korkea laatu ja tarpeisiisi r\u00e4\u00e4t\u00e4l\u00f6idyt hinnat. Liity meid\u00e4n Cash &amp; Carry -verkostoon tai ota yhteytt\u00e4: <a class=\"cursor-pointer\" rel=\"noopener\" data-start=\"203\" data-end=\"221\">biz@cbditaly.store<\/a><\/strong><\/p>","protected":false},"excerpt":{"rendered":"<p>PINEAPPLE X D9-THCBO 60% 10g OUTLET<br \/>\nSaatavilla pakkauksissa: 2g-3g-5g-10g-20g-50g-100g<\/p>","protected":false},"featured_media":15210,"template":"","meta":{"_joinchat":[]},"product_brand":[],"product_cat":[623],"product_tag":[],"class_list":{"0":"post-14831","1":"product","2":"type-product","3":"status-publish","4":"has-post-thumbnail","6":"product_cat-w33d-outlet","9":"first","10":"instock","11":"sale","12":"purchasable","13":"product-type-simple"},"tiered_pricing_type":"fixed","tiered_pricing_fixed_rules":[],"tiered_pricing_product_settings":{"layout":"default","base_unit_name":{"singular":null,"plural":null},"default_variation":null},"tiered_pricing_minimum_quantity":null,"tiered_pricing_roles_data":[],"tiered_pricing_percentage_rules":[],"tiered_pricing_maximum_quantity":null,"tiered_pricing_quantity_step":null,"_links":{"self":[{"href":"https:\/\/cbditaly.ee\/fi\/wp-json\/wp\/v2\/product\/14831","targetHints":{"allow":["GET"]}}],"collection":[{"href":"https:\/\/cbditaly.ee\/fi\/wp-json\/wp\/v2\/product"}],"about":[{"href":"https:\/\/cbditaly.ee\/fi\/wp-json\/wp\/v2\/types\/product"}],"wp:featuredmedia":[{"embeddable":true,"href":"https:\/\/cbditaly.ee\/fi\/wp-json\/wp\/v2\/media\/15210"}],"wp:attachment":[{"href":"https:\/\/cbditaly.ee\/fi\/wp-json\/wp\/v2\/media?parent=14831"}],"wp:term":[{"taxonomy":"product_brand","embeddable":true,"href":"https:\/\/cbditaly.ee\/fi\/wp-json\/wp\/v2\/product_brand?post=14831"},{"taxonomy":"product_cat","embeddable":true,"href":"https:\/\/cbditaly.ee\/fi\/wp-json\/wp\/v2\/product_cat?post=14831"},{"taxonomy":"product_tag","embeddable":true,"href":"https:\/\/cbditaly.ee\/fi\/wp-json\/wp\/v2\/product_tag?post=14831"}],"curies":[{"name":"wp","href":"https:\/\/api.w.org\/{rel}","templated":true}]}}