{"id":14835,"date":"2025-11-04T18:09:52","date_gmt":"2025-11-04T16:09:52","guid":{"rendered":"https:\/\/cbditaly.ee\/?post_type=product&#038;p=14835"},"modified":"2025-12-30T22:01:40","modified_gmt":"2025-12-30T20:01:40","slug":"ak47-x-d9-thcbo-60-10g","status":"publish","type":"product","link":"https:\/\/cbditaly.ee\/fi\/product\/ak47-x-d9-thcbo-60-10g\/","title":{"rendered":"AK47 X D9-THCBO 60% 10g *OUTLET"},"content":{"rendered":"<p><strong>AK47 X D9-THCBO 60% 10g<\/strong><\/p>\n<p data-start=\"199\" data-end=\"253\"><strong data-start=\"226\" data-end=\"243\">THC-pitoisuus:<\/strong> alle 0,3\u202f%<\/p>\n<p data-start=\"255\" data-end=\"559\"><strong data-start=\"255\" data-end=\"268\">Yleiskatsaus:<\/strong><br data-start=\"268\" data-end=\"271\" \/>AK-47 on yksi tunnetuimmista klassisista kannabislajikkeista, jota arvostetaan sen vakaasta genetiikasta ja erottuvasta ulkon\u00e4\u00f6st\u00e4. D9-THCBO-yhdisteen lis\u00e4\u00e4minen antaa t\u00e4lle versiolle visuaalisesti voimakkaan profiilin, tehden siit\u00e4 houkuttelevan valinnan ker\u00e4ilij\u00f6ille ja ammattilaisille.<\/p>\n<p data-start=\"561\" data-end=\"786\"><strong data-start=\"561\" data-end=\"582\">Aroma ja ulkon\u00e4k\u00f6:<\/strong><br data-start=\"582\" data-end=\"585\" \/>Tuoksussa on yrttisi\u00e4 ja liev\u00e4sti mausteisia s\u00e4vyj\u00e4 sek\u00e4 kevyt makeus. Nuput ovat tiiviit\u00e4, hartsisia, tummanvihreit\u00e4 ja oliivinvihreit\u00e4, punertavilla karvoilla ja kiteill\u00e4.<\/p>\n<p data-start=\"788\" data-end=\"962\"><strong data-start=\"788\" data-end=\"807\">Lajikkeen ominaisuudet:<\/strong><br data-start=\"807\" data-end=\"810\" \/>D9-THCBO: jopa 60\u202f%<br data-start=\"828\" data-end=\"831\" \/>THC-pitoisuus: alle laillisen rajan (yleens\u00e4 &lt;0,3%)<br data-start=\"885\" data-end=\"888\" \/>Vahvarakenteinen kasvi, jolla on vakaa ja n\u00e4ytt\u00e4v\u00e4 morfologia<\/p>\n<p><strong>Tuotteen K\u00e4ytt\u00f6:<\/strong> Vain ammattik\u00e4ytt\u00f6\u00f6n tai ker\u00e4ilyyn. Ei ihmisravinnoksi.<br \/>\n<strong>Myyntirajoitukset:<\/strong> Ei myyd\u00e4 alle 18-vuotiaille.<br \/>\n<strong>S\u00e4ilytys:<\/strong> S\u00e4ilyt\u00e4 kuivassa paikassa, poissa l\u00e4mm\u00f6nl\u00e4hteist\u00e4 ja lasten ulottumattomissa.<br \/>\n<strong>Alkuper\u00e4maa:<\/strong> Italia<\/p>\n<p><strong>Haluatko j\u00e4lleenmyyj\u00e4ksi tai franshise-kumppaniksi?\nPienet v\u00e4himm\u00e4ism\u00e4\u00e4r\u00e4t, korkea laatu ja tarpeisiisi r\u00e4\u00e4t\u00e4l\u00f6idyt hinnat. Liity meid\u00e4n Cash &amp; Carry -verkostoon tai ota yhteytt\u00e4: <a class=\"cursor-pointer\" rel=\"noopener\" data-start=\"203\" data-end=\"221\">biz@cbditaly.store<\/a><\/strong><\/p>","protected":false},"excerpt":{"rendered":"<p>AK47 X D9-THCB 60% 10g OUTLET<br \/>\nSaatavilla pakkauksissa: 2g-3g-5g-10g-20g-50g-100g<\/p>","protected":false},"featured_media":15202,"template":"","meta":{"_joinchat":[]},"product_brand":[],"product_cat":[623],"product_tag":[],"class_list":{"0":"post-14835","1":"product","2":"type-product","3":"status-publish","4":"has-post-thumbnail","6":"product_cat-w33d-outlet","9":"first","10":"instock","11":"sale","12":"purchasable","13":"product-type-simple"},"tiered_pricing_type":"fixed","tiered_pricing_fixed_rules":[],"tiered_pricing_product_settings":{"layout":"default","base_unit_name":{"singular":null,"plural":null},"default_variation":null},"tiered_pricing_minimum_quantity":null,"tiered_pricing_roles_data":[],"tiered_pricing_percentage_rules":[],"tiered_pricing_maximum_quantity":null,"tiered_pricing_quantity_step":null,"_links":{"self":[{"href":"https:\/\/cbditaly.ee\/fi\/wp-json\/wp\/v2\/product\/14835","targetHints":{"allow":["GET"]}}],"collection":[{"href":"https:\/\/cbditaly.ee\/fi\/wp-json\/wp\/v2\/product"}],"about":[{"href":"https:\/\/cbditaly.ee\/fi\/wp-json\/wp\/v2\/types\/product"}],"wp:featuredmedia":[{"embeddable":true,"href":"https:\/\/cbditaly.ee\/fi\/wp-json\/wp\/v2\/media\/15202"}],"wp:attachment":[{"href":"https:\/\/cbditaly.ee\/fi\/wp-json\/wp\/v2\/media?parent=14835"}],"wp:term":[{"taxonomy":"product_brand","embeddable":true,"href":"https:\/\/cbditaly.ee\/fi\/wp-json\/wp\/v2\/product_brand?post=14835"},{"taxonomy":"product_cat","embeddable":true,"href":"https:\/\/cbditaly.ee\/fi\/wp-json\/wp\/v2\/product_cat?post=14835"},{"taxonomy":"product_tag","embeddable":true,"href":"https:\/\/cbditaly.ee\/fi\/wp-json\/wp\/v2\/product_tag?post=14835"}],"curies":[{"name":"wp","href":"https:\/\/api.w.org\/{rel}","templated":true}]}}