{"id":14844,"date":"2025-11-04T20:33:44","date_gmt":"2025-11-04T18:33:44","guid":{"rendered":"https:\/\/cbditaly.ee\/?post_type=product&#038;p=14844"},"modified":"2026-02-10T13:54:36","modified_gmt":"2026-02-10T11:54:36","slug":"ice-cream-x-hhcp-m-60-10g-outlet","status":"publish","type":"product","link":"https:\/\/cbditaly.ee\/fi\/product\/ice-cream-x-hhcp-m-60-10g-outlet\/","title":{"rendered":"ICE CREAM X HHCP-M 60% 10g *OUTLET"},"content":{"rendered":"<p data-start=\"0\" data-end=\"56\">*OUTLET<\/p>\n<p data-start=\"0\" data-end=\"56\">Ice Cream X HHCP-M 60% 10g<br data-start=\"26\" data-end=\"29\" \/>THC-pitoisuus: alle 0,3\u202f%<\/p>\n<p data-start=\"58\" data-end=\"452\">Yleiskatsaus:<br data-start=\"71\" data-end=\"74\" \/>Ice Cream on esteetiliselt elegantne ja magusa aroomiprofiiliga kanepisort, mida hinnatakse selle silmatorkava v\u00e4limuse ja harmoonilise struktuuri t\u00f5ttu. Selle eriversioon on rikastatud uuendusliku HHCP-M molekuliga, mis lisab sordile teadusliku erip\u00e4ra ja premium-klassi visuaalse s\u00fcgavuse. Ideaalne valik professionaalsetele kollektsion\u00e4\u00e4ridele ja esitluskeskkondadesse.<\/p>\n<p data-start=\"454\" data-end=\"693\">Aroma ja ulkon\u00e4k\u00f6:<br data-start=\"475\" data-end=\"478\" \/>Makea ja kermainen aromi vaniljan ja hienovaraisten hedelm\u00e4isten s\u00e4vyjen kera. Kukinnot ovat tiiviit\u00e4, pihkaisia ja kirkkaan vihreit\u00e4, peittynein\u00e4 oransseihin emi\u00f6ihin ja kristalliseen huurrekerrokseen, joka korostaa lajikkeen ylellist\u00e4 ulkon\u00e4k\u00f6\u00e4.<\/p>\n<p data-start=\"695\" data-end=\"851\">Lajikkeen ominaisuudet:<br data-start=\"714\" data-end=\"717\" \/>HHCP-M: jopa 60 %<br data-start=\"733\" data-end=\"736\" \/>THC-pitoisuus: alle laillisen rajan (yleens\u00e4 &lt;0,3%)<br data-start=\"790\" data-end=\"793\" \/>Vakaa morfologia ja poikkeuksellisen houkutteleva ulkon\u00e4k\u00f6<\/p>\n<p>Vain ammattik\u00e4ytt\u00f6\u00f6n tai ker\u00e4ilyyn. Ei ihmisravinnoksi.<br \/>\nMyyntirajoitus: ei myyd\u00e4 alle 18-vuotiaille.<br \/>\nS\u00e4ilytys: S\u00e4ilyt\u00e4 kuivassa paikassa, poissa l\u00e4mm\u00f6nl\u00e4hteist\u00e4 ja lasten ulottuvilta.<br \/>\nAlkuper\u00e4maa: Italy<\/p>\n<p>Haluatko j\u00e4lleenmyyj\u00e4ksi tai franshise-kumppaniksi?\nPienet v\u00e4himm\u00e4ism\u00e4\u00e4r\u00e4t, korkea laatu ja tarpeisiisi r\u00e4\u00e4t\u00e4l\u00f6idyt hinnat. Liity meid\u00e4n Cash &amp; Carry -verkostoon tai ota yhteytt\u00e4: <a class=\"cursor-pointer\" rel=\"noopener\" data-start=\"203\" data-end=\"221\">biz@cbditaly.store<\/a><\/p>","protected":false},"excerpt":{"rendered":"<p>Kanepi \u00f5ied ICE CREAM X HHCP-M 60% 10g *OUTLET<br \/>\nSaatavilla pakkauksissa: 2g-3g-5g-10g-20g-50g-100g<\/p>","protected":false},"featured_media":15743,"template":"","meta":{"_joinchat":[]},"product_brand":[],"product_cat":[623],"product_tag":[],"class_list":{"0":"post-14844","1":"product","2":"type-product","3":"status-publish","4":"has-post-thumbnail","6":"product_cat-w33d-outlet","9":"first","10":"instock","11":"purchasable","12":"product-type-simple"},"tiered_pricing_type":"fixed","tiered_pricing_fixed_rules":[],"tiered_pricing_product_settings":{"layout":"default","base_unit_name":{"singular":null,"plural":null},"default_variation":null},"tiered_pricing_minimum_quantity":null,"tiered_pricing_roles_data":[],"tiered_pricing_percentage_rules":[],"tiered_pricing_maximum_quantity":null,"tiered_pricing_quantity_step":null,"_links":{"self":[{"href":"https:\/\/cbditaly.ee\/fi\/wp-json\/wp\/v2\/product\/14844","targetHints":{"allow":["GET"]}}],"collection":[{"href":"https:\/\/cbditaly.ee\/fi\/wp-json\/wp\/v2\/product"}],"about":[{"href":"https:\/\/cbditaly.ee\/fi\/wp-json\/wp\/v2\/types\/product"}],"wp:featuredmedia":[{"embeddable":true,"href":"https:\/\/cbditaly.ee\/fi\/wp-json\/wp\/v2\/media\/15743"}],"wp:attachment":[{"href":"https:\/\/cbditaly.ee\/fi\/wp-json\/wp\/v2\/media?parent=14844"}],"wp:term":[{"taxonomy":"product_brand","embeddable":true,"href":"https:\/\/cbditaly.ee\/fi\/wp-json\/wp\/v2\/product_brand?post=14844"},{"taxonomy":"product_cat","embeddable":true,"href":"https:\/\/cbditaly.ee\/fi\/wp-json\/wp\/v2\/product_cat?post=14844"},{"taxonomy":"product_tag","embeddable":true,"href":"https:\/\/cbditaly.ee\/fi\/wp-json\/wp\/v2\/product_tag?post=14844"}],"curies":[{"name":"wp","href":"https:\/\/api.w.org\/{rel}","templated":true}]}}