{"id":14870,"date":"2025-11-06T17:37:27","date_gmt":"2025-11-06T15:37:27","guid":{"rendered":"https:\/\/cbditaly.ee\/?post_type=product&#038;p=14870"},"modified":"2026-02-10T13:48:02","modified_gmt":"2026-02-10T11:48:02","slug":"premium-ak-47-joint-x-hhcp-m-60-10-pakend-10g","status":"publish","type":"product","link":"https:\/\/cbditaly.ee\/fi\/product\/premium-ak-47-joint-x-hhcp-m-60-10-pakend-10g\/","title":{"rendered":"Premium AK-47 Joint X HHCP-M 60% \u2013 10-pakend (10g) *OUTLET"},"content":{"rendered":"<div class=\"flex max-w-full flex-col flex-grow\">\n<div class=\"min-h-8 text-message flex w-full flex-col items-end gap-2 whitespace-normal break-words text-start [.text-message+&amp;]:mt-5\" dir=\"auto\" data-message-author-role=\"assistant\" data-message-id=\"e51bf9c8-c2bb-4feb-a0fa-7a4d30b55644\" data-message-model-slug=\"gpt-4o\">\n<div class=\"flex w-full flex-col gap-1 empty:hidden first:pt-[3px]\">\n<div class=\"markdown prose w-full break-words dark:prose-invert light\">\n<article class=\"text-token-text-primary w-full focus:outline-none [--shadow-height:45px] has-data-writing-block:pointer-events-none has-data-writing-block:-mt-(--shadow-height) has-data-writing-block:pt-(--shadow-height) [&amp;:has([data-writing-block])&gt;*]:pointer-events-auto [content-visibility:auto] supports-[content-visibility:auto]:[contain-intrinsic-size:auto_100lvh] scroll-mt-[calc(var(--header-height)+min(200px,max(70px,20svh)))]\" dir=\"auto\" data-turn-id=\"request-690a24bd-57ac-8329-bf1b-1db5453f8aae-2\" data-testid=\"conversation-turn-24\" data-scroll-anchor=\"true\" data-turn=\"assistant\">\n<div class=\"text-base my-auto mx-auto pb-10 [--thread-content-margin:--spacing(4)] thread-sm:[--thread-content-margin:--spacing(6)] thread-lg:[--thread-content-margin:--spacing(16)] px-(--thread-content-margin)\">\n<div class=\"[--thread-content-max-width:40rem] thread-lg:[--thread-content-max-width:48rem] mx-auto max-w-(--thread-content-max-width) flex-1 group\/turn-messages focus-visible:outline-hidden relative flex w-full min-w-0 flex-col agent-turn\">\n<div class=\"flex max-w-full flex-col grow\">\n<div class=\"min-h-8 text-message relative flex w-full flex-col items-end gap-2 text-start break-words whitespace-normal [.text-message+&amp;]:mt-1\" dir=\"auto\" data-message-author-role=\"assistant\" data-message-id=\"5a3399a1-6f46-4351-aa52-94936d14857e\" data-message-model-slug=\"gpt-5\">\n<div class=\"flex w-full flex-col gap-1 empty:hidden first:pt-[1px]\">\n<div class=\"markdown prose dark:prose-invert w-full break-words light markdown-new-styling\">\n<p data-start=\"0\" data-end=\"54\">Premium AK-47 Joint x HHCP-M 60% \u2013 10-pakend (10g)<\/p>\n<p data-start=\"56\" data-end=\"348\">Koge legendaarset AK-47 sorti kollektsioonitasemel kvaliteedis. Iga 3-pakend sisaldab kolme 1-grammist joint\u2019i, mis on k\u00e4sitsi valmistatud valitud pungadest ja rullitud originaalsesse King Size RAW paberisse koos filtriga \u2013 tagades k\u00f5rgeima esteetika ja professionaalse viimistluse.<\/p>\n<p data-start=\"350\" data-end=\"404\">AK-47 x HHCP-M 60%<br data-start=\"372\" data-end=\"375\" \/>THC sisaldus: alla 0,3%<\/p>\n<p data-start=\"406\" data-end=\"772\">\u00dclevaade:<br data-start=\"419\" data-end=\"422\" \/>AK-47 on \u00fcks tuntumaid ja \u00e4ratuntavamaid kanepisorte, mida hinnatakse stabiilse geneetika ja tugeva struktuuri t\u00f5ttu. Selle eriversioon on rikastatud uuendusliku HHCP-M molekuliga, mis r\u00f5hutab sordi visuaalset intensiivsust ja lisab sellele teaduslikku elegantsi. Ideaalne valik professionaalsetele kollektsion\u00e4\u00e4ridele ja esitluskeskkondadesse.<\/p>\n<p data-start=\"774\" data-end=\"1025\">Aroom ja v\u00e4limus:<br data-start=\"795\" data-end=\"798\" \/>Aroom on \u00fcrdine ja kergelt v\u00fcrtsikas, millele lisandub \u00f5rn magusus. Pungad on tihedad ja vaigused, tumerohelise kuni oliivrohelise tooniga, kaetud punakate karvade ja kristallidega, mis loovad s\u00fcgava ja silmatorkava v\u00e4limuse.<\/p>\n<p data-start=\"1027\" data-end=\"1175\">Sordi omadused:<br data-start=\"1046\" data-end=\"1049\" \/>HHCP-M: kuni 60%<br data-start=\"1065\" data-end=\"1068\" \/>THC sisaldus: alla seadusliku piiri (tavaliselt &lt;0,3%)<br data-start=\"1122\" data-end=\"1125\" \/>Tugev taim stabiilse ja \u00e4ratuntava morfoloogiaga<\/p>\n<p data-start=\"1177\" data-end=\"1460\">Toote kasutus: Ainult professionaalseks kasutamiseks v\u00f5i kollektsioneerimiseks. Mitte inimtarbimiseks.<br data-start=\"1283\" data-end=\"1286\" \/>M\u00fc\u00fcgipiirangud: Ei m\u00fc\u00fcda alla 18-aastastele.<br data-start=\"1334\" data-end=\"1337\" \/>Hoiustamine: Hoida kuivas kohas, eemal kuumuse allikatest ja lastele k\u00e4ttesaamatus kohas.<br data-start=\"1430\" data-end=\"1433\" \/>P\u00e4ritolumaa: Itaalia.<\/p>\n<p data-start=\"1462\" data-end=\"1695\" data-is-last-node=\"\" data-is-only-node=\"\">Soovid saada iseseisvaks edasim\u00fc\u00fcjaks v\u00f5i frantsiisipartneriks?<br data-start=\"1529\" data-end=\"1532\" \/>Madalad miinimumkogused, k\u00f5rge kvaliteet ja sinu vajadustele vastavad hinnad! Liitu meie Cash &amp; Carry&#8217;ga v\u00f5i v\u00f5ta \u00fchendust e-posti teel: <a class=\"decorated-link cursor-pointer\" rel=\"noopener\" data-start=\"1675\" data-end=\"1693\">biz@cbditaly.store<\/a><\/p>\n<\/div>\n<\/div>\n<\/div>\n<\/div>\n<\/div>\n<\/div>\n<\/article>\n<\/div>\n<\/div>\n<\/div>\n<\/div>\n","protected":false},"excerpt":{"rendered":"<p>Premium AK-47 Joint HHCP-M 60% \u2013 10-pakend (10g)<\/p>","protected":false},"featured_media":14867,"template":"","meta":{"_joinchat":[]},"product_brand":[],"product_cat":[623],"product_tag":[],"class_list":{"0":"post-14870","1":"product","2":"type-product","3":"status-publish","4":"has-post-thumbnail","6":"product_cat-w33d-outlet","9":"first","10":"instock","11":"taxable","12":"shipping-taxable","13":"purchasable","14":"product-type-simple"},"tiered_pricing_type":"fixed","tiered_pricing_fixed_rules":[],"tiered_pricing_product_settings":{"layout":"default","base_unit_name":{"singular":null,"plural":null},"default_variation":null},"tiered_pricing_minimum_quantity":null,"tiered_pricing_roles_data":[],"tiered_pricing_percentage_rules":[],"tiered_pricing_maximum_quantity":null,"tiered_pricing_quantity_step":null,"_links":{"self":[{"href":"https:\/\/cbditaly.ee\/fi\/wp-json\/wp\/v2\/product\/14870","targetHints":{"allow":["GET"]}}],"collection":[{"href":"https:\/\/cbditaly.ee\/fi\/wp-json\/wp\/v2\/product"}],"about":[{"href":"https:\/\/cbditaly.ee\/fi\/wp-json\/wp\/v2\/types\/product"}],"wp:featuredmedia":[{"embeddable":true,"href":"https:\/\/cbditaly.ee\/fi\/wp-json\/wp\/v2\/media\/14867"}],"wp:attachment":[{"href":"https:\/\/cbditaly.ee\/fi\/wp-json\/wp\/v2\/media?parent=14870"}],"wp:term":[{"taxonomy":"product_brand","embeddable":true,"href":"https:\/\/cbditaly.ee\/fi\/wp-json\/wp\/v2\/product_brand?post=14870"},{"taxonomy":"product_cat","embeddable":true,"href":"https:\/\/cbditaly.ee\/fi\/wp-json\/wp\/v2\/product_cat?post=14870"},{"taxonomy":"product_tag","embeddable":true,"href":"https:\/\/cbditaly.ee\/fi\/wp-json\/wp\/v2\/product_tag?post=14870"}],"curies":[{"name":"wp","href":"https:\/\/api.w.org\/{rel}","templated":true}]}}