{"id":15239,"date":"2025-12-19T19:18:23","date_gmt":"2025-12-19T17:18:23","guid":{"rendered":"https:\/\/cbditaly.ee\/?post_type=product&#038;p=15239"},"modified":"2026-04-11T17:59:27","modified_gmt":"2026-04-11T14:59:27","slug":"swiss-cheese-x-thcvo-60","status":"publish","type":"product","link":"https:\/\/cbditaly.ee\/fi\/product\/swiss-cheese-x-thcvo-60\/","title":{"rendered":"SWISS CHEESE X THCVO 60%"},"content":{"rendered":"<p data-start=\"0\" data-end=\"48\">SWISS CHEESE -kannabiskukat X THCVO 60 %<br data-start=\"36\" data-end=\"39\" \/>THC &lt;0,3%<\/p>\n<p data-start=\"50\" data-end=\"456\">Yleiskatsaus:<br data-start=\"59\" data-end=\"62\" \/>Swiss Cheese on visuaalisesti erottuva ja helposti tunnistettava kannabislajike, jota arvostetaan sen kompaktin rakenteen ja tunnusomaisen aromiprofiilin ansiosta. T\u00e4m\u00e4 erikoisversio on rikastettu 60 % THCVO-pitoisuudella, mik\u00e4 tuo lajikkeeseen teknologista ja tieteellist\u00e4 lis\u00e4arvoa. Kyseess\u00e4 on premium-luokan ker\u00e4ilytuote, joka soveltuu erinomaisesti ammattimaisiin esittely-ymp\u00e4rist\u00f6ihin.<\/p>\n<p data-start=\"458\" data-end=\"776\">Ulkon\u00e4k\u00f6 ja aromi:<br data-start=\"475\" data-end=\"478\" \/>Kukinnot ovat tiiviit\u00e4, pihkaisia ja tasaisesti kristallihuurteen peitt\u00e4mi\u00e4. V\u00e4rimaailmassa hallitsevat syv\u00e4nvihre\u00e4t s\u00e4vyt, joita t\u00e4ydent\u00e4v\u00e4t kontrastiset oranssit emit. Aromiprofiili on Swiss Cheese -genetiikalle tyypillinen ja viittaa kermaisiin, kevyesti juustomaisiin sek\u00e4 pehme\u00e4n maanl\u00e4heisiin s\u00e4vyihin.<\/p>\n<p data-start=\"778\" data-end=\"939\">Koostumus ja ominaisuudet:<br data-start=\"798\" data-end=\"801\" \/>THCVO: enint\u00e4\u00e4n 60 %<br data-start=\"816\" data-end=\"819\" \/>CBD: luonnollinen kasvipohjainen pitoisuus<br data-start=\"848\" data-end=\"851\" \/>THC-pitoisuus: alle &lt;0,3 %<br data-start=\"875\" data-end=\"878\" \/>Vakaa morfologia ja eritt\u00e4in houkutteleva visuaalinen ulkon\u00e4k\u00f6.<\/p>\n<p data-start=\"941\" data-end=\"1081\">Alkuper\u00e4 ja tuotanto:<br data-start=\"962\" data-end=\"965\" \/>Tuotteet valitaan k\u00e4sin ja tarkastetaan huolellisesti tasaisen visuaalisen laadun varmistamiseksi.<br data-start=\"1058\" data-end=\"1061\" \/>Alkuper\u00e4maa: Italy<\/p>\n<p data-start=\"1083\" data-end=\"1359\">K\u00e4ytt\u00f6 ja rajoitukset:<br data-start=\"1104\" data-end=\"1107\" \/>Pienet v\u00e4himm\u00e4ism\u00e4\u00e4r\u00e4t, korkea laatu ja tarpeisiisi sopiva hinnoittelu! Liity Cash &amp; Carry -asiakkaaksi tai ota yhteytt\u00e4 s\u00e4hk\u00f6postitse:<br data-start=\"1209\" data-end=\"1212\" \/>Myyntirajoitus: ei myyd\u00e4 alle 18-vuotiaille.<br data-start=\"1256\" data-end=\"1259\" \/>S\u00e4ilytys: S\u00e4ilyt\u00e4 kuivassa ja viile\u00e4ss\u00e4 paikassa, poissa suorasta l\u00e4mm\u00f6st\u00e4 ja lasten ulottumattomissa.<\/p>\n<p data-start=\"1361\" data-end=\"1544\">Tukkumyynti ja kumppanuus:<br data-start=\"1385\" data-end=\"1388\" \/>Haluatko ryhty\u00e4 itsen\u00e4iseksi j\u00e4lleenmyyj\u00e4ksi tai franchising-kumppaniksi?<br data-start=\"1455\" data-end=\"1458\" \/>Tarjoamme pienet v\u00e4himm\u00e4ism\u00e4\u00e4r\u00e4t, ammattimaisen laadun ja joustavat ehdot.<\/p>\n<p data-start=\"1546\" data-end=\"1604\" data-is-last-node=\"\" data-is-only-node=\"\">Liity Cash &amp; Carry -asiakkaaksi tai kirjoita meille: <a class=\"decorated-link cursor-pointer\" rel=\"noopener\" data-start=\"1586\" data-end=\"1604\" data-is-last-node=\"\">biz@cbditaly.store<\/a><\/p>","protected":false},"excerpt":{"rendered":"<p>Swiss Cheese X THCVO 60%<br \/>\nSaatavilla pakkauksissa: 2g-3g-5g-10g-20g-50g<\/p>","protected":false},"featured_media":15855,"template":"","meta":{"_joinchat":[]},"product_brand":[],"product_cat":[327,704,703],"product_tag":[],"class_list":{"0":"post-15239","1":"product","2":"type-product","3":"status-publish","4":"has-post-thumbnail","6":"product_cat-cbd-cbg-kanepi-oied","7":"product_cat-new","8":"product_cat-thcvo","11":"first","12":"instock","13":"purchasable","14":"product-type-simple"},"tiered_pricing_type":"fixed","tiered_pricing_fixed_rules":{"2":17,"3":15,"5":10,"10":9,"20":8,"50":7,"100":6,"1000":4.5},"tiered_pricing_product_settings":{"layout":"default","base_unit_name":{"singular":null,"plural":null},"default_variation":null},"tiered_pricing_minimum_quantity":null,"tiered_pricing_roles_data":[],"tiered_pricing_percentage_rules":[],"tiered_pricing_maximum_quantity":null,"tiered_pricing_quantity_step":null,"_links":{"self":[{"href":"https:\/\/cbditaly.ee\/fi\/wp-json\/wp\/v2\/product\/15239","targetHints":{"allow":["GET"]}}],"collection":[{"href":"https:\/\/cbditaly.ee\/fi\/wp-json\/wp\/v2\/product"}],"about":[{"href":"https:\/\/cbditaly.ee\/fi\/wp-json\/wp\/v2\/types\/product"}],"wp:featuredmedia":[{"embeddable":true,"href":"https:\/\/cbditaly.ee\/fi\/wp-json\/wp\/v2\/media\/15855"}],"wp:attachment":[{"href":"https:\/\/cbditaly.ee\/fi\/wp-json\/wp\/v2\/media?parent=15239"}],"wp:term":[{"taxonomy":"product_brand","embeddable":true,"href":"https:\/\/cbditaly.ee\/fi\/wp-json\/wp\/v2\/product_brand?post=15239"},{"taxonomy":"product_cat","embeddable":true,"href":"https:\/\/cbditaly.ee\/fi\/wp-json\/wp\/v2\/product_cat?post=15239"},{"taxonomy":"product_tag","embeddable":true,"href":"https:\/\/cbditaly.ee\/fi\/wp-json\/wp\/v2\/product_tag?post=15239"}],"curies":[{"name":"wp","href":"https:\/\/api.w.org\/{rel}","templated":true}]}}