{"id":15242,"date":"2025-12-19T19:26:06","date_gmt":"2025-12-19T17:26:06","guid":{"rendered":"https:\/\/cbditaly.ee\/?post_type=product&#038;p=15242"},"modified":"2026-04-05T15:34:36","modified_gmt":"2026-04-05T12:34:36","slug":"premium-dutch-passion-joint-x-thcvo-60-3-pakend-4g","status":"publish","type":"product","link":"https:\/\/cbditaly.ee\/fi\/product\/premium-dutch-passion-joint-x-thcvo-60-3-pakend-4g\/","title":{"rendered":"XXL Dutch Passion Joint X THCVO 60% \u2013 3-pakend (4g)"},"content":{"rendered":"<p data-start=\"0\" data-end=\"60\">Premium CBG Dutch Passion Joint X THCVO 60% \u2013 3-pakend (4 g)<\/p>\n<p data-start=\"62\" data-end=\"470\">Koge eksklusiivset kollektsioonitasemel kvaliteeti meie CBG Dutch Passion joints\u2019ide 3-pakendis. Iga hoolikalt valmistatud 1,33-grammine joint on esteetiliselt viimistletud ning r\u00f5hutab sordi puhast ja professionaalset geneetilist iseloomu. Valmistatud valitud CBG-rikastest pungadest ja rullitud originaalsesse King Size RAW paberisse koos filtriga \u2013 tagades esmaklassilise viimistluse ja visuaalse kvaliteedi.<\/p>\n<p data-start=\"472\" data-end=\"527\">CBG Dutch Passion X THCVO 60%<br data-start=\"501\" data-end=\"504\" \/>THC-pitoisuus: alle 0,3\u202f%<\/p>\n<p data-start=\"529\" data-end=\"967\">Yleiskatsaus:<br data-start=\"538\" data-end=\"541\" \/>CBG Dutch Passion on geneettisesti vakaa ja visuaalisesti puhdas kannabislajike, jota arvostetaan sen tasaisen rakenteen ja selke\u00e4sti erottuvan CBG-profiilin ansiosta. T\u00e4m\u00e4 erikoisversio on rikastettu 60 % THCVO-pitoisuudella, mik\u00e4 tuo lajikkeeseen teknologista ja tieteellist\u00e4 erityispiirrett\u00e4. Kyseess\u00e4 on premium-luokan ker\u00e4ilytuote, joka soveltuu erinomaisesti ammattimaisiin esittely-ymp\u00e4rist\u00f6ihin ja lajikekokoelmiin.<\/p>\n<p data-start=\"969\" data-end=\"1257\">Ulkon\u00e4k\u00f6 ja aromi:<br data-start=\"986\" data-end=\"989\" \/>Kukinnot ovat tiiviit\u00e4, pihkaisia ja tasaisesti kristallihuurteen peitt\u00e4mi\u00e4. Vaaleat ja keskivihre\u00e4t s\u00e4vyt hallitsevat, ja niit\u00e4 t\u00e4ydent\u00e4v\u00e4t hienovaraiset oranssit emit. Aromiprofiili on neutraali ja kasvimainen, kevyesti raikas ja puhdas, tyypillinen Dutch Passion CBG -genetiikalle.<\/p>\n<p data-start=\"1259\" data-end=\"1427\">Koostumus ja ominaisuudet:<br data-start=\"1279\" data-end=\"1282\" \/>THCVO: enint\u00e4\u00e4n 60 %<br data-start=\"1297\" data-end=\"1300\" \/>CBG: luonnostaan korkea kasvipohjainen pitoisuus<br data-start=\"1338\" data-end=\"1341\" \/>THC-pitoisuus: alle &lt;0,3 %<br data-start=\"1365\" data-end=\"1368\" \/>Eritt\u00e4in vakaa morfologia ja visuaalisesti johdonmukainen ulkon\u00e4k\u00f6<\/p>\n<p data-start=\"1429\" data-end=\"1569\">Alkuper\u00e4 ja tuotanto:<br data-start=\"1450\" data-end=\"1453\" \/>Tuotteet valitaan k\u00e4sin ja tarkastetaan huolellisesti tasaisen visuaalisen laadun varmistamiseksi.<br data-start=\"1546\" data-end=\"1549\" \/>Alkuper\u00e4maa: Italy<\/p>\n<p data-start=\"1571\" data-end=\"1847\">K\u00e4ytt\u00f6 ja rajoitukset:<br data-start=\"1592\" data-end=\"1595\" \/>Pienet v\u00e4himm\u00e4ism\u00e4\u00e4r\u00e4t, korkea laatu ja tarpeisiisi sopiva hinnoittelu! Liity Cash &amp; Carry -asiakkaaksi tai ota yhteytt\u00e4 s\u00e4hk\u00f6postitse:<br data-start=\"1697\" data-end=\"1700\" \/>Myyntirajoitus: ei myyd\u00e4 alle 18-vuotiaille.<br data-start=\"1744\" data-end=\"1747\" \/>S\u00e4ilytys: S\u00e4ilyt\u00e4 kuivassa ja viile\u00e4ss\u00e4 paikassa, poissa suorasta l\u00e4mm\u00f6st\u00e4 ja lasten ulottumattomissa.<\/p>\n<p data-start=\"1849\" data-end=\"2032\">Tukkumyynti ja kumppanuus:<br data-start=\"1873\" data-end=\"1876\" \/>Haluatko ryhty\u00e4 itsen\u00e4iseksi j\u00e4lleenmyyj\u00e4ksi tai franchising-kumppaniksi?<br data-start=\"1943\" data-end=\"1946\" \/>Tarjoamme pienet v\u00e4himm\u00e4ism\u00e4\u00e4r\u00e4t, ammattimaisen laadun ja joustavat ehdot.<\/p>\n<p data-start=\"2034\" data-end=\"2092\" data-is-last-node=\"\" data-is-only-node=\"\">Liity Cash &amp; Carry -asiakkaaksi tai kirjoita meille: <a class=\"decorated-link cursor-pointer\" rel=\"noopener\" data-start=\"2074\" data-end=\"2092\" data-is-last-node=\"\">biz@cbditaly.store<\/a><\/p>","protected":false},"excerpt":{"rendered":"<p>XXL CBG Dutch Passion Joint THCVO 60% \u2013 3-pakend (4g)<\/p>","protected":false},"featured_media":16019,"template":"","meta":{"_joinchat":[]},"product_brand":[],"product_cat":[327,704,695,703],"product_tag":[],"class_list":{"0":"post-15242","1":"product","2":"type-product","3":"status-publish","4":"has-post-thumbnail","6":"product_cat-cbd-cbg-kanepi-oied","7":"product_cat-new","8":"product_cat-pre-rolls","9":"product_cat-thcvo","12":"first","13":"instock","14":"taxable","15":"shipping-taxable","16":"purchasable","17":"product-type-simple"},"tiered_pricing_type":"fixed","tiered_pricing_fixed_rules":[],"tiered_pricing_product_settings":{"layout":"default","base_unit_name":{"singular":null,"plural":null},"default_variation":null},"tiered_pricing_minimum_quantity":null,"tiered_pricing_roles_data":[],"tiered_pricing_percentage_rules":[],"tiered_pricing_maximum_quantity":null,"tiered_pricing_quantity_step":null,"_links":{"self":[{"href":"https:\/\/cbditaly.ee\/fi\/wp-json\/wp\/v2\/product\/15242","targetHints":{"allow":["GET"]}}],"collection":[{"href":"https:\/\/cbditaly.ee\/fi\/wp-json\/wp\/v2\/product"}],"about":[{"href":"https:\/\/cbditaly.ee\/fi\/wp-json\/wp\/v2\/types\/product"}],"wp:featuredmedia":[{"embeddable":true,"href":"https:\/\/cbditaly.ee\/fi\/wp-json\/wp\/v2\/media\/16019"}],"wp:attachment":[{"href":"https:\/\/cbditaly.ee\/fi\/wp-json\/wp\/v2\/media?parent=15242"}],"wp:term":[{"taxonomy":"product_brand","embeddable":true,"href":"https:\/\/cbditaly.ee\/fi\/wp-json\/wp\/v2\/product_brand?post=15242"},{"taxonomy":"product_cat","embeddable":true,"href":"https:\/\/cbditaly.ee\/fi\/wp-json\/wp\/v2\/product_cat?post=15242"},{"taxonomy":"product_tag","embeddable":true,"href":"https:\/\/cbditaly.ee\/fi\/wp-json\/wp\/v2\/product_tag?post=15242"}],"curies":[{"name":"wp","href":"https:\/\/api.w.org\/{rel}","templated":true}]}}