{"id":15400,"date":"2026-01-04T16:22:38","date_gmt":"2026-01-04T14:22:38","guid":{"rendered":"https:\/\/cbditaly.ee\/?post_type=product&#038;p=15400"},"modified":"2026-03-01T01:12:12","modified_gmt":"2026-02-28T23:12:12","slug":"ice-cream-bud-cbd-20-thc","status":"publish","type":"product","link":"https:\/\/cbditaly.ee\/fi\/product\/ice-cream-bud-cbd-20-thc\/","title":{"rendered":"ICE CREAM BUD CBD 20% THC<0,3%"},"content":{"rendered":"<p>Kannabiksen kukat ICE CREAM BUD CBD 20%<br \/>\nTHC &lt;0,3%<\/p>\n<p>Yleiskatsaus:<br \/>\nIce Cream Bud on visuaalisesti elegantti ja huolellisesti valittu CBD-rikas kannabislajike, jota arvostetaan sen tasaisen rakenteen ja puhtaan, esteettisen ulkon\u00e4\u00f6n vuoksi. Korkea CBD-pitoisuus (20 %) yhdess\u00e4 matalan THC-tason kanssa antaa tuotteelle selke\u00e4n ammatillisen ja ker\u00e4ilyarvon. Kyseess\u00e4 on premium-luokan ker\u00e4ilytuote, joka soveltuu erinomaisesti ammatillisiin esittely-ymp\u00e4rist\u00f6ihin.<\/p>\n<p>Ulkon\u00e4k\u00f6 ja aromi:<br \/>\nKukinnot ovat tiiviit\u00e4, pihkaisia ja runsaan kiteisen huurteen peitt\u00e4mi\u00e4. V\u00e4rimaailmassa korostuvat vaaleat ja kirkkaat vihre\u00e4t s\u00e4vyt, joita t\u00e4ydent\u00e4v\u00e4t oranssit emi\u00f6t. Aromi on pehme\u00e4 ja kermainen, kevyesti makea ja puhdas, Ice Cream -genetiikalle iseloomulik.<\/p>\n<p>Koostumus ja ominaisuudet:<br \/>\nCBD: jopa 20 %<br \/>\nTHC-pitoisuus: alle &lt;0,3 %<br \/>\nLuonnollinen kasvipohjainen koostumus<br \/>\nVakaa morfologia ja eritt\u00e4in houkutteleva visuaalinen ulkon\u00e4k\u00f6.<\/p>\n<p>Alkuper\u00e4 ja tuotanto:<br \/>\nTuotteet valitaan k\u00e4sin ja tarkastetaan huolellisesti tasaisen visuaalisen laadun varmistamiseksi.<br \/>\nAlkuper\u00e4maa: Italy<\/p>\n<p>K\u00e4ytt\u00f6 ja rajoitukset:<br \/>\nPienet v\u00e4himm\u00e4ism\u00e4\u00e4r\u00e4t, korkea laatu ja tarpeisiisi sopiva hinnoittelu! Liity Cash &amp; Carry -asiakkaaksi tai ota yhteytt\u00e4 s\u00e4hk\u00f6postitse:<br \/>\nMyyntirajoitus: ei myyd\u00e4 alle 18-vuotiaille.<br \/>\nS\u00e4ilytys: S\u00e4ilyt\u00e4 kuivassa ja viile\u00e4ss\u00e4 paikassa, poissa suorasta l\u00e4mm\u00f6st\u00e4 ja lasten ulottumattomissa.<\/p>\n<p>Tukkumyynti ja kumppanuus:<br \/>\nHaluatko ryhty\u00e4 itsen\u00e4iseksi j\u00e4lleenmyyj\u00e4ksi tai franchising-kumppaniksi?<br \/>\nTarjoamme pienet v\u00e4himm\u00e4ism\u00e4\u00e4r\u00e4t, ammattimaisen laadun ja joustavat ehdot.<\/p>\n<p>Liity Cash &amp; Carry -asiakkaaksi tai kirjoita meille: <strong><a href=\"mailto:biz@cbditaly.store\">biz@cbditaly.store<\/a><\/strong><\/p>","protected":false},"excerpt":{"rendered":"<p>Kannabiksen kukat ICE CREAM BUD CBD 20%<br \/>\nSaatavilla pakkauksissa: 2g-3g-5g-10g-20g-50g<\/p>","protected":false},"featured_media":15401,"template":"","meta":{"_joinchat":[]},"product_brand":[],"product_cat":[705,327],"product_tag":[],"class_list":{"0":"post-15400","1":"product","2":"type-product","3":"status-publish","4":"has-post-thumbnail","6":"product_cat-cbd","7":"product_cat-cbd-cbg-kanepi-oied","10":"first","11":"instock","12":"purchasable","13":"product-type-simple"},"tiered_pricing_type":"fixed","tiered_pricing_fixed_rules":{"2":10,"5":7,"10":6,"20":5,"50":4,"100":3,"500":2},"tiered_pricing_product_settings":{"layout":"default","base_unit_name":{"singular":null,"plural":null},"default_variation":null},"tiered_pricing_minimum_quantity":null,"tiered_pricing_roles_data":[],"tiered_pricing_percentage_rules":[],"tiered_pricing_maximum_quantity":null,"tiered_pricing_quantity_step":null,"_links":{"self":[{"href":"https:\/\/cbditaly.ee\/fi\/wp-json\/wp\/v2\/product\/15400","targetHints":{"allow":["GET"]}}],"collection":[{"href":"https:\/\/cbditaly.ee\/fi\/wp-json\/wp\/v2\/product"}],"about":[{"href":"https:\/\/cbditaly.ee\/fi\/wp-json\/wp\/v2\/types\/product"}],"wp:featuredmedia":[{"embeddable":true,"href":"https:\/\/cbditaly.ee\/fi\/wp-json\/wp\/v2\/media\/15401"}],"wp:attachment":[{"href":"https:\/\/cbditaly.ee\/fi\/wp-json\/wp\/v2\/media?parent=15400"}],"wp:term":[{"taxonomy":"product_brand","embeddable":true,"href":"https:\/\/cbditaly.ee\/fi\/wp-json\/wp\/v2\/product_brand?post=15400"},{"taxonomy":"product_cat","embeddable":true,"href":"https:\/\/cbditaly.ee\/fi\/wp-json\/wp\/v2\/product_cat?post=15400"},{"taxonomy":"product_tag","embeddable":true,"href":"https:\/\/cbditaly.ee\/fi\/wp-json\/wp\/v2\/product_tag?post=15400"}],"curies":[{"name":"wp","href":"https:\/\/api.w.org\/{rel}","templated":true}]}}