{"id":15730,"date":"2026-02-09T19:17:56","date_gmt":"2026-02-09T17:17:56","guid":{"rendered":"https:\/\/cbditaly.ee\/?post_type=product&#038;p=15730"},"modified":"2026-03-01T01:11:58","modified_gmt":"2026-02-28T23:11:58","slug":"swiss-cheese-cbd-22-thc","status":"publish","type":"product","link":"https:\/\/cbditaly.ee\/fi\/product\/swiss-cheese-cbd-22-thc\/","title":{"rendered":"SWISS CHEESE CBD 22% THC<0,3%"},"content":{"rendered":"<p data-start=\"146\" data-end=\"198\"><strong data-start=\"146\" data-end=\"182\">Kanepi \u00f5ied SWISS CHEESE CBD 22%<\/strong><br data-start=\"182\" data-end=\"185\" \/><strong data-start=\"185\" data-end=\"198\">THC &lt;0,3%<\/strong><\/p>\n<p data-start=\"200\" data-end=\"649\"><strong data-start=\"200\" data-end=\"213\">Yleiskatsaus:<\/strong><br data-start=\"213\" data-end=\"216\" \/>Swiss Cheese on iseloomuliku aroomiprofiili ja tugeva visuaalse identiteediga CBD-rikas kanepisort, mida hinnatakse selle stabiilse struktuuri ja \u00e4ratuntava geneetilise p\u00e4ritolu poolest. K\u00f5rge CBD 22% sisaldus koos madala THC tasemega annab sordile selge professionaalse ja kollektsioonilise v\u00e4\u00e4rtuse. Tegemist on premium-kategooria kollektsioneerimistootega, mis sobib kasutamiseks professionaalsetes esitlus- ja n\u00e4idiskeskkondades.<\/p>\n<p data-start=\"651\" data-end=\"1024\"><strong data-start=\"651\" data-end=\"672\">Ulkon\u00e4k\u00f6 ja aromi:<\/strong><br data-start=\"672\" data-end=\"675\" \/>\u00d5ied on keskmiselt tihedad kuni tihedad, vaigused ning \u00fchtlase kristalse kattega. Domineerivad helerohelised kuni keskmised rohelised toonid, mida t\u00e4iendavad heledad karvad. Aroomiprofiil on selgelt eristuv ja intensiivne, meenutades iseloomulikke fermenteeritud ja juustuseid noote, mille taustal on kerged taimsed ja mahedalt maal\u00e4hedased n\u00fcansid.<\/p>\n<p data-start=\"1026\" data-end=\"1180\"><strong data-start=\"1026\" data-end=\"1050\">Koostumus ja ominaisuudet:<\/strong><br data-start=\"1050\" data-end=\"1053\" \/>CBD: kuni 22%<br data-start=\"1066\" data-end=\"1069\" \/>THC-pitoisuus: alle &lt;0,3 %<br data-start=\"1093\" data-end=\"1096\" \/>Luonnollinen kasvipohjainen koostumus<br data-start=\"1119\" data-end=\"1122\" \/>Stabiilne morfoloogia ja visuaalselt atraktiivne struktuur<\/p>\n<p data-start=\"1182\" data-end=\"1335\"><strong data-start=\"1182\" data-end=\"1207\">Alkuper\u00e4 ja tuotanto:<\/strong><br data-start=\"1207\" data-end=\"1210\" \/>Tooted on k\u00e4sitsi valitud ning hoolikalt kontrollitud, et tagada \u00fchtlane ja k\u00f5rge visuaalne kvaliteet.<br data-start=\"1312\" data-end=\"1315\" \/>Alkuper\u00e4maa: Italy<\/p>\n<p data-start=\"1337\" data-end=\"1617\"><strong data-start=\"1337\" data-end=\"1362\">K\u00e4ytt\u00f6 ja rajoitukset:<\/strong><br data-start=\"1362\" data-end=\"1365\" \/>K\u00e4ytt\u00f6tarkoitus: vain ammattilaisk\u00e4ytt\u00f6\u00f6n tai ker\u00e4ilyyn. Ei ihmisravinnoksi.<br data-start=\"1467\" data-end=\"1470\" \/>Myyntirajoitus: ei myyd\u00e4 alle 18-vuotiaille.<br data-start=\"1514\" data-end=\"1517\" \/>Hoiustamine: hoida kuivas ja jahedas kohas, eemal otsesest kuumusest ja lastele k\u00e4ttesaamatus kohas.<\/p>\n<p data-start=\"1619\" data-end=\"1806\"><strong data-start=\"1619\" data-end=\"1647\">Tukkumyynti ja kumppanuus:<\/strong><br data-start=\"1647\" data-end=\"1650\" \/>Haluatko ryhty\u00e4 itsen\u00e4iseksi j\u00e4lleenmyyj\u00e4ksi tai franchising-kumppaniksi?<br data-start=\"1717\" data-end=\"1720\" \/>Tarjoamme pienet v\u00e4himm\u00e4ism\u00e4\u00e4r\u00e4t, ammattimaisen laadun ja joustavat ehdot.<\/p>\n<p data-start=\"1808\" data-end=\"1870\">Liity Cash &amp; Carry -asiakkaaksi tai kirjoita meille: <strong data-start=\"1848\" data-end=\"1870\"><a class=\"decorated-link cursor-pointer\" rel=\"noopener\" data-start=\"1850\" data-end=\"1868\">biz@cbditaly.store<\/a><\/strong><\/p>","protected":false},"excerpt":{"rendered":"<p>Kanepi \u00f5ied SWISS CHEESE CBD 22%<br \/>\nSaatavilla pakkauksissa: 2g-3g-5g-10g-20g-50g-100g<\/p>","protected":false},"featured_media":15731,"template":"","meta":{"_joinchat":[]},"product_brand":[],"product_cat":[705,327],"product_tag":[],"class_list":{"0":"post-15730","1":"product","2":"type-product","3":"status-publish","4":"has-post-thumbnail","6":"product_cat-cbd","7":"product_cat-cbd-cbg-kanepi-oied","10":"first","11":"instock","12":"purchasable","13":"product-type-simple"},"tiered_pricing_type":"fixed","tiered_pricing_fixed_rules":{"2":10,"5":7,"10":6,"20":5,"50":4,"100":3,"500":2},"tiered_pricing_product_settings":{"layout":"default","base_unit_name":{"singular":null,"plural":null},"default_variation":null},"tiered_pricing_minimum_quantity":null,"tiered_pricing_roles_data":[],"tiered_pricing_percentage_rules":[],"tiered_pricing_maximum_quantity":null,"tiered_pricing_quantity_step":null,"_links":{"self":[{"href":"https:\/\/cbditaly.ee\/fi\/wp-json\/wp\/v2\/product\/15730","targetHints":{"allow":["GET"]}}],"collection":[{"href":"https:\/\/cbditaly.ee\/fi\/wp-json\/wp\/v2\/product"}],"about":[{"href":"https:\/\/cbditaly.ee\/fi\/wp-json\/wp\/v2\/types\/product"}],"wp:featuredmedia":[{"embeddable":true,"href":"https:\/\/cbditaly.ee\/fi\/wp-json\/wp\/v2\/media\/15731"}],"wp:attachment":[{"href":"https:\/\/cbditaly.ee\/fi\/wp-json\/wp\/v2\/media?parent=15730"}],"wp:term":[{"taxonomy":"product_brand","embeddable":true,"href":"https:\/\/cbditaly.ee\/fi\/wp-json\/wp\/v2\/product_brand?post=15730"},{"taxonomy":"product_cat","embeddable":true,"href":"https:\/\/cbditaly.ee\/fi\/wp-json\/wp\/v2\/product_cat?post=15730"},{"taxonomy":"product_tag","embeddable":true,"href":"https:\/\/cbditaly.ee\/fi\/wp-json\/wp\/v2\/product_tag?post=15730"}],"curies":[{"name":"wp","href":"https:\/\/api.w.org\/{rel}","templated":true}]}}