{"id":8371,"date":"2020-04-28T17:12:28","date_gmt":"2020-04-28T14:12:28","guid":{"rendered":"https:\/\/cbditaly.ee\/est\/?post_type=product&#038;p=8371"},"modified":"2024-12-20T17:54:47","modified_gmt":"2024-12-20T15:54:47","slug":"cbd-kristallid-995-puhas-kannabidiool-2g","status":"publish","type":"product","link":"https:\/\/cbditaly.ee\/fi\/product\/cbd-kristallid-995-puhas-kannabidiool-2g\/","title":{"rendered":"CBD-kiteet 99,5% puhdas kannabidioli 2g"},"content":{"rendered":"<p><strong>CBD-ISOLAATTI 99.8\/99.5% puhdas kannabidioli<\/strong><\/p>\n<p>CBD-kiteet, jotka tunnetaan my\u00f6s CBD-isolaattikitein\u00e4, ovat eritt\u00e4in puhdistettu kannabidiolin (CBD) muoto. Ne valmistetaan uuttamalla CBD hampukasvista ja puhdistamalla se sitten poistamaan kaikki muut kasviyhdisteet, mukaan lukien muut kannabinoidit, terpeenit ja kaikki THC (tetrahydrokannabinoli) j\u00e4\u00e4m\u00e4t. Tuloksena on tuote, joka koostuu p\u00e4\u00e4asiassa puhtaasta CBD\n\u00e4 kiteisess\u00e4 muodossa.<\/p>\n<p>CBD-kiteiden keskeiset ominaisuudet:<\/p>\n<p>Puhtaus: CBD-kiteet ovat yleens\u00e4 99% puhdasta CBD \u00e4 tai korkeampia, mik\u00e4 tekee niist\u00e4 yhden puhtaimmista CBD-muodoista.<\/p>\n<p>Maku- ja hajuton: Niill\u00e4 ei ole makua tai hajua, mik\u00e4 voi olla toivottavaa niille, jotka haluavat v\u00e4ltt\u00e4\u00e4 t\u00e4ysspektrin CBD-tuotteiden maanl\u00e4heist\u00e4 makua.<\/p>\n<p>THC-vapaa: CBD-kiteet eiv\u00e4t sis\u00e4ll\u00e4 THC\n\u00e4, joten ne eiv\u00e4t aiheuta psykoaktiivisia vaikutuksia.<\/p>\n<p>Monipuolisuus: Niit\u00e4 voidaan k\u00e4ytt\u00e4\u00e4 monin eri tavoin, kuten sekoittamalla niit\u00e4 perus\u00f6ljyihin CBD-tinktuurien luomiseksi, lis\u00e4\u00e4m\u00e4ll\u00e4 niit\u00e4 ruokaan ja juomiin tai jopa h\u00f6yryst\u00e4m\u00e4ll\u00e4 tai dabbaukseen nopeampien vaikutusten saamiseksi.<\/p>\n<p>Tarkka annostus: Korkean puhtauden ansiosta on helppo mitata ja hallita CBD\ntarkkaa annosta, kun k\u00e4yt\u00e4t kiteit\u00e4.<\/p>\n<p>CBD-kiteet ovat suosittuja ihmisten keskuudessa, jotka haluavat kokea CBD mahdollisia hy\u00f6tyj\u00e4 ilman, ett\u00e4 he kuluttaisivat muita kannabiskasvin yhdisteit\u00e4. Heid\u00e4t valitsevat usein ihmiset, jotka k\u00e4yv\u00e4t s\u00e4\u00e4nn\u00f6llisesti huumetesteiss\u00e4 ja haluavat varmistaa, ett\u00e4 he eiv\u00e4t kuluta THC \u00e4. On kuitenkin huomattava, ett\u00e4 jotkut k\u00e4ytt\u00e4j\u00e4t suosivat t\u00e4ysspektrin tai laajaspektrisi\u00e4 CBD-tuotteita, koska he uskovat \"entourage-efektiin\", jossa kasvin eri yhdisteet toimivat synergistisesti yhdess\u00e4 tehostaakseen yleisi\u00e4 etuja.<\/p>\n<p>Valmistettu EU. Organic CBDITALY (HU) \u2013 Tarkoitettu laboratorio- ja tieteelliseen tutkimukseen yliopistoille ja muille tutkimuslaitoksille. S\u00e4ilytett\u00e4v\u00e4 lasten ulottumattomissa.<\/p>\n<p>Tukkukauppa: <a href=\"https:\/\/www.cbditaly.store\/\" target=\"_blank\" rel=\"noopener\">www.cbditaly.store<\/a><\/p>","protected":false},"excerpt":{"rendered":"<p>Kannabidiool kristallid 99,5% puhtad orgaanilisest kanepist. Saadaval pakendites: 2g<\/p>","protected":false},"featured_media":11063,"template":"","meta":{"_joinchat":[]},"product_brand":[],"product_cat":[635,468],"product_tag":[],"class_list":{"0":"post-8371","1":"product","2":"type-product","3":"status-publish","4":"has-post-thumbnail","6":"product_cat-cbd-cbg-kristallid","7":"product_cat-diy","10":"first","11":"instock","12":"purchasable","13":"product-type-simple"},"tiered_pricing_type":"fixed","tiered_pricing_fixed_rules":{"3":25,"5":20,"10":15},"tiered_pricing_product_settings":{"layout":"default","base_unit_name":{"singular":null,"plural":null},"default_variation":null},"tiered_pricing_minimum_quantity":null,"tiered_pricing_roles_data":[],"tiered_pricing_percentage_rules":[],"tiered_pricing_maximum_quantity":null,"tiered_pricing_quantity_step":null,"_links":{"self":[{"href":"https:\/\/cbditaly.ee\/fi\/wp-json\/wp\/v2\/product\/8371","targetHints":{"allow":["GET"]}}],"collection":[{"href":"https:\/\/cbditaly.ee\/fi\/wp-json\/wp\/v2\/product"}],"about":[{"href":"https:\/\/cbditaly.ee\/fi\/wp-json\/wp\/v2\/types\/product"}],"wp:featuredmedia":[{"embeddable":true,"href":"https:\/\/cbditaly.ee\/fi\/wp-json\/wp\/v2\/media\/11063"}],"wp:attachment":[{"href":"https:\/\/cbditaly.ee\/fi\/wp-json\/wp\/v2\/media?parent=8371"}],"wp:term":[{"taxonomy":"product_brand","embeddable":true,"href":"https:\/\/cbditaly.ee\/fi\/wp-json\/wp\/v2\/product_brand?post=8371"},{"taxonomy":"product_cat","embeddable":true,"href":"https:\/\/cbditaly.ee\/fi\/wp-json\/wp\/v2\/product_cat?post=8371"},{"taxonomy":"product_tag","embeddable":true,"href":"https:\/\/cbditaly.ee\/fi\/wp-json\/wp\/v2\/product_tag?post=8371"}],"curies":[{"name":"wp","href":"https:\/\/api.w.org\/{rel}","templated":true}]}}