{"id":9464,"date":"2020-10-12T15:52:11","date_gmt":"2020-10-12T12:52:11","guid":{"rendered":"https:\/\/cbditaly.ee\/?post_type=product&#038;p=9464"},"modified":"2024-03-15T00:10:48","modified_gmt":"2024-03-14T22:10:48","slug":"hempacco-cbd-7-20g-100-kanep-nikotiinivaba","status":"publish","type":"product","link":"https:\/\/cbditaly.ee\/fi\/product\/hempacco-cbd-7-20g-100-kanep-nikotiinivaba\/","title":{"rendered":"HEMPACCO CBD 7% 20g (100% kannabiksen nikotiinia sis\u00e4lt\u00e4m\u00e4t\u00f6n)"},"content":{"rendered":"<p><strong>CBD HEMPACCO 20g (100% CBD kanep nikotiinivaba)<\/strong><\/p>\n<p>&#8220;Hempacco&#8221; on toode, mis koosneb 100% CBD kanepi \u00f5itest ja lehtedest. See on ideaalne kasutamiseks iseseisvalt, asendades tubakat v\u00f5i segades seda kanepiga. See on \u00f5ige valik neile, kes soovivad loobuda tubakast ja eelistavad orgaanilist ja puhtat toodet.<\/p>\n<p>100% kanep &#8211; 20g<\/p>\n<p>Tukkukauppa: <a href=\"https:\/\/www.cbditaly.store\/\" target=\"_blank\" rel=\"noopener\">www.cbditaly.store<\/a><\/p>","protected":false},"excerpt":{"rendered":"<p>&#8220;Hempacco&#8221; on 100% CBD kanepi \u00f5ite ja lehtede segu, sobides ideaalselt neile, kes soovivad tubakat maha j\u00e4tta, ja otsivad samal ajal orgaanilist ja puhast alternatiivi.<\/p>","protected":false},"featured_media":11088,"template":"","meta":{"_joinchat":[]},"product_brand":[],"product_cat":[468],"product_tag":[],"class_list":{"0":"post-9464","1":"product","2":"type-product","3":"status-publish","4":"has-post-thumbnail","6":"product_cat-diy","9":"first","10":"instock","11":"taxable","12":"shipping-taxable","13":"purchasable","14":"product-type-simple"},"tiered_pricing_type":"fixed","tiered_pricing_fixed_rules":{"5":9},"tiered_pricing_product_settings":{"layout":"default","base_unit_name":{"singular":null,"plural":null},"default_variation":null},"tiered_pricing_minimum_quantity":null,"tiered_pricing_roles_data":[],"tiered_pricing_percentage_rules":[],"tiered_pricing_maximum_quantity":null,"tiered_pricing_quantity_step":null,"_links":{"self":[{"href":"https:\/\/cbditaly.ee\/fi\/wp-json\/wp\/v2\/product\/9464","targetHints":{"allow":["GET"]}}],"collection":[{"href":"https:\/\/cbditaly.ee\/fi\/wp-json\/wp\/v2\/product"}],"about":[{"href":"https:\/\/cbditaly.ee\/fi\/wp-json\/wp\/v2\/types\/product"}],"wp:featuredmedia":[{"embeddable":true,"href":"https:\/\/cbditaly.ee\/fi\/wp-json\/wp\/v2\/media\/11088"}],"wp:attachment":[{"href":"https:\/\/cbditaly.ee\/fi\/wp-json\/wp\/v2\/media?parent=9464"}],"wp:term":[{"taxonomy":"product_brand","embeddable":true,"href":"https:\/\/cbditaly.ee\/fi\/wp-json\/wp\/v2\/product_brand?post=9464"},{"taxonomy":"product_cat","embeddable":true,"href":"https:\/\/cbditaly.ee\/fi\/wp-json\/wp\/v2\/product_cat?post=9464"},{"taxonomy":"product_tag","embeddable":true,"href":"https:\/\/cbditaly.ee\/fi\/wp-json\/wp\/v2\/product_tag?post=9464"}],"curies":[{"name":"wp","href":"https:\/\/api.w.org\/{rel}","templated":true}]}}