{"id":9467,"date":"2020-10-14T15:43:07","date_gmt":"2020-10-14T12:43:07","guid":{"rendered":"https:\/\/cbditaly.ee\/?post_type=product&#038;p=9467"},"modified":"2026-02-23T20:02:14","modified_gmt":"2026-02-23T18:02:14","slug":"kanepitee-25g-100-lemon-skunk","status":"publish","type":"product","link":"https:\/\/cbditaly.ee\/fi\/product\/kanepitee-25g-100-lemon-skunk\/","title":{"rendered":"Hampputee Lemon Skunk \u2013 25 g, CBD 7%"},"content":{"rendered":"<p data-start=\"186\" data-end=\"228\"><strong data-start=\"186\" data-end=\"226\">Hampputee Lemon Skunk \u2013 25 g, CBD 7%<\/strong><\/p>\n<p data-start=\"65\" data-end=\"204\">L\u00f6yd\u00e4 <em data-start=\"72\" data-end=\"85\">Lemon Skunk<\/em> Hamppukasvitee \u2013 ainutlaatuinen sekoitus, joka yhdist\u00e4\u00e4 sitruunan raikkaan vivahteikkaan kirpeyden ja laadukkaan hampun luonnolliset s\u00e4vyt.<\/p>\n<p data-start=\"206\" data-end=\"440\">Jokainen pakkaus sis\u00e4lt\u00e4\u00e4 huolellisesti valittuja, kest\u00e4v\u00e4sti kasvatettuja ainesosia, jotka takaavat puhtaan ja aidon maun. Hell\u00e4varainen k\u00e4sittely auttaa s\u00e4ilytt\u00e4m\u00e4\u00e4n sek\u00e4 sitruunan ett\u00e4 hampun ominaispiirteet ja antaa teelle luonnollisen ja miellytt\u00e4v\u00e4n aromin.<\/p>\n<p data-start=\"442\" data-end=\"558\">Jokap\u00e4iv\u00e4iseen nautiskeluun tai erityisiin hetkiin <em data-start=\"495\" data-end=\"508\">Lemon Skunk<\/em> -hamppukasvitee on luonnollinen ja runsaan makuinen valinta.<\/p>\n<p>Valmistaja: Organic CBDITALY Limited<\/p>\n<p>Tukkukauppa: <a href=\"https:\/\/www.cbditaly.store\/\" target=\"_blank\" rel=\"noopener\">www.cbditaly.store<\/a><\/p>","protected":false},"excerpt":{"rendered":"<p><strong data-start=\"186\" data-end=\"226\">Kanepitee Lemon Skunk \u2013 25 g, CBD<\/strong><\/p>","protected":false},"featured_media":14177,"template":"","meta":{"_joinchat":[]},"product_brand":[],"product_cat":[468,677,665],"product_tag":[],"class_list":{"0":"post-9467","1":"product","2":"type-product","3":"status-publish","4":"has-post-thumbnail","6":"product_cat-diy","7":"product_cat-green-goddess-republic","8":"product_cat-taimeteed-ja-kanepiteed","11":"first","12":"instock","13":"sale","14":"purchasable","15":"product-type-simple"},"tiered_pricing_type":"fixed","tiered_pricing_fixed_rules":{"5":6},"tiered_pricing_product_settings":{"layout":"default","base_unit_name":{"singular":null,"plural":null},"default_variation":null},"tiered_pricing_minimum_quantity":null,"tiered_pricing_roles_data":[],"tiered_pricing_percentage_rules":[],"tiered_pricing_maximum_quantity":null,"tiered_pricing_quantity_step":null,"_links":{"self":[{"href":"https:\/\/cbditaly.ee\/fi\/wp-json\/wp\/v2\/product\/9467","targetHints":{"allow":["GET"]}}],"collection":[{"href":"https:\/\/cbditaly.ee\/fi\/wp-json\/wp\/v2\/product"}],"about":[{"href":"https:\/\/cbditaly.ee\/fi\/wp-json\/wp\/v2\/types\/product"}],"wp:featuredmedia":[{"embeddable":true,"href":"https:\/\/cbditaly.ee\/fi\/wp-json\/wp\/v2\/media\/14177"}],"wp:attachment":[{"href":"https:\/\/cbditaly.ee\/fi\/wp-json\/wp\/v2\/media?parent=9467"}],"wp:term":[{"taxonomy":"product_brand","embeddable":true,"href":"https:\/\/cbditaly.ee\/fi\/wp-json\/wp\/v2\/product_brand?post=9467"},{"taxonomy":"product_cat","embeddable":true,"href":"https:\/\/cbditaly.ee\/fi\/wp-json\/wp\/v2\/product_cat?post=9467"},{"taxonomy":"product_tag","embeddable":true,"href":"https:\/\/cbditaly.ee\/fi\/wp-json\/wp\/v2\/product_tag?post=9467"}],"curies":[{"name":"wp","href":"https:\/\/api.w.org\/{rel}","templated":true}]}}