{"id":23,"date":"2017-05-17T20:05:40","date_gmt":"2017-05-17T18:05:40","guid":{"rendered":"https:\/\/cbditaly.ee\/est\/?page_id=23"},"modified":"2026-03-03T23:02:48","modified_gmt":"2026-03-03T21:02:48","slug":"testimonianze","status":"publish","type":"page","link":"https:\/\/cbditaly.ee\/ru\/testimonianze\/","title":{"rendered":"\u041e\u0442\u0437\u044b\u0432\u044b"},"content":{"rendered":"<p>Kui meie veebileht tundub hetkel veidi probleemne, siis palume mitte muretseda \u2013 teostame hetkel tehnilisi uuendusi ja parandust\u00f6id.<br>Tellimusi saab teha tavap\u00e4raselt ja turvaliselt. K\u00f5ik on kontrolli all ning s\u00fcsteem t\u00f6\u00f6tab.<br>T\u00e4name m\u00f5istva suhtumise eest!<\/p>\n\n\n\n<p>If our website appears to be experiencing some issues at the moment, please do not worry \u2014 we are currently carrying out technical updates and improvements.<br>You can place your orders as usual and with full confidence. Everything is under control and the system is functioning properly.<br>Thank you for your understanding.<\/p>\n\n\n\n<p><\/p>","protected":false},"excerpt":{"rendered":"<p>Kui meie veebileht tundub hetkel veidi probleemne, siis palume mitte muretseda \u2013 teostame hetkel tehnilisi uuendusi ja parandust\u00f6id.Tellimusi saab teha tavap\u00e4raselt ja turvaliselt. K\u00f5ik on kontrolli all ning s\u00fcsteem t\u00f6\u00f6tab.T\u00e4name m\u00f5istva suhtumise eest! If our website appears to be experiencing some issues at the moment, please do not worry \u2014 we are currently carrying out technical updates and improvements.You can place your orders as usual and with full confidence. Everything is under control and the system is functioning properly.Thank you for your understanding.<\/p>","protected":false},"author":2,"featured_media":0,"parent":0,"menu_order":0,"comment_status":"closed","ping_status":"closed","template":"page-templates\/testimonials.php","meta":{"_joinchat":[],"footnotes":""},"class_list":["post-23","page","type-page","status-publish","hentry"],"brizy_media":[],"_links":{"self":[{"href":"https:\/\/cbditaly.ee\/ru\/wp-json\/wp\/v2\/pages\/23","targetHints":{"allow":["GET"]}}],"collection":[{"href":"https:\/\/cbditaly.ee\/ru\/wp-json\/wp\/v2\/pages"}],"about":[{"href":"https:\/\/cbditaly.ee\/ru\/wp-json\/wp\/v2\/types\/page"}],"author":[{"embeddable":true,"href":"https:\/\/cbditaly.ee\/ru\/wp-json\/wp\/v2\/users\/2"}],"replies":[{"embeddable":true,"href":"https:\/\/cbditaly.ee\/ru\/wp-json\/wp\/v2\/comments?post=23"}],"version-history":[{"count":3,"href":"https:\/\/cbditaly.ee\/ru\/wp-json\/wp\/v2\/pages\/23\/revisions"}],"predecessor-version":[{"id":15902,"href":"https:\/\/cbditaly.ee\/ru\/wp-json\/wp\/v2\/pages\/23\/revisions\/15902"}],"wp:attachment":[{"href":"https:\/\/cbditaly.ee\/ru\/wp-json\/wp\/v2\/media?parent=23"}],"curies":[{"name":"wp","href":"https:\/\/api.w.org\/{rel}","templated":true}]}}