{"id":7847,"date":"2020-04-07T19:25:44","date_gmt":"2020-04-07T17:25:44","guid":{"rendered":"https:\/\/cbditaly.ee\/est\/?page_id=7847"},"modified":"2026-03-03T23:16:37","modified_gmt":"2026-03-03T21:16:37","slug":"privacy-poilcy","status":"publish","type":"page","link":"https:\/\/cbditaly.ee\/ru\/privacy-poilcy\/","title":{"rendered":"\u0423\u0441\u043b\u043e\u0432\u0438\u044f \u0441\u043e\u0433\u043b\u0430\u0448\u0435\u043d\u0438\u044f \u0438 \u0432\u043e\u0437\u0432\u0440\u0430\u0442"},"content":{"rendered":"<div class=\"wpb-content-wrapper\"><div class=\"vc_row wpb_row vc_row-fluid\"><div class=\"wpb_column vc_column_container vc_col-sm-12\"><div class=\"vc_column-inner\"><div class=\"wpb_wrapper\"><div class=\"vc_row wpb_row vc_inner vc_row-fluid\"><div class=\"wpb_column vc_column_container vc_col-sm-12\"><div class=\"vc_column-inner\"><div class=\"wpb_wrapper\">\n\t<div class=\"wpb_text_column wpb_content_element\" >\n\t\t<div class=\"wpb_wrapper\">\n\t\t\t<p><span style=\"color: #000; text-size: 20px;\">Kui meie veebileht tundub hetkel veidi probleemne, siis palume mitte muretseda \u2013 teostame hetkel tehnilisi uuendusi ja parandust\u00f6id.<\/span><br \/>\n<span style=\"color: #000;\">Tellimusi saab teha tavap\u00e4raselt ja turvaliselt. K\u00f5ik on kontrolli all ning s\u00fcsteem t\u00f6\u00f6tab.<\/span><br \/>\n<span style=\"color: #000;\">T\u00e4name m\u00f5istva suhtumise eest!<\/span><\/p>\n<p><span style=\"color: #000;\">If our website appears to be experiencing some issues at the moment, please do not worry \u2014 we are currently carrying out technical updates and improvements.<\/span><br \/>\n<span style=\"color: #000;\">You can place your orders as usual and with full confidence. Everything is under control and the system is functioning properly.<\/span><br \/>\n<span style=\"color: #000;\">Thank you for your understanding.<\/span><\/p>\n\n\t\t<\/div>\n\t<\/div>\n<div class=\"vc_separator wpb_content_element vc_separator_align_center vc_sep_width_30 vc_sep_pos_align_center vc_separator_no_text vc_sep_color_grey wpb_content_element  wpb_content_element\" ><span class=\"vc_sep_holder vc_sep_holder_l\"><span class=\"vc_sep_line\"><\/span><\/span><span class=\"vc_sep_holder vc_sep_holder_r\"><span class=\"vc_sep_line\"><\/span><\/span>\n<\/div><\/div><\/div><\/div><\/div>\n\t<div class=\"wpb_text_column wpb_content_element\" >\n\t\t<div class=\"wpb_wrapper\">\n\t\t\t<p>\u0423\u0441\u043b\u043e\u0432\u0438\u044f \u043f\u0440\u043e\u0434\u0430\u0436\u0438 \u0438 \u0432\u043e\u0437\u0432\u0440\u0430\u0442\u0430\n\n\u0412\u043b\u0430\u0434\u0435\u043b\u044c\u0446\u0435\u043c \u0438\u043d\u0442\u0435\u0440\u043d\u0435\u0442-\u043c\u0430\u0433\u0430\u0437\u0438\u043d\u0430 https:\/\/cbditaly.ee\/\n \u044f\u0432\u043b\u044f\u0435\u0442\u0441\u044f INK AND CHILL LATVIJA, RIGA, Audeju iela 5, \u041b\u0430\u0442\u0432\u0438\u044f, REG. CODE: 40203640893.\n\u0420\u0430\u0441\u0447\u0451\u0442\u043d\u044b\u0439 \u0441\u0447\u0451\u0442: LT114010051005604276.\n\n\u0414\u0435\u0439\u0441\u0442\u0432\u0438\u0435 \u0434\u043e\u0433\u043e\u0432\u043e\u0440\u0430, \u0438\u043d\u0444\u043e\u0440\u043c\u0430\u0446\u0438\u044f \u043e \u0442\u043e\u0432\u0430\u0440\u0435 \u0438 \u0446\u0435\u043d\u0435\n\n\u041d\u0430\u0441\u0442\u043e\u044f\u0449\u0438\u0435 \u0443\u0441\u043b\u043e\u0432\u0438\u044f \u0440\u0435\u0433\u0443\u043b\u0438\u0440\u0443\u044e\u0442 \u043f\u0440\u0430\u0432\u0430 \u0438 \u043e\u0431\u044f\u0437\u0430\u043d\u043d\u043e\u0441\u0442\u0438, \u0432\u043e\u0437\u043d\u0438\u043a\u0430\u044e\u0449\u0438\u0435 \u043c\u0435\u0436\u0434\u0443 \u0418\u043d\u0442\u0435\u0440\u043d\u0435\u0442-\u043c\u0430\u0433\u0430\u0437\u0438\u043d\u043e\u043c \u0438 \u041a\u043b\u0438\u0435\u043d\u0442\u043e\u043c \u043f\u0440\u0438 \u043f\u043e\u043a\u0443\u043f\u043a\u0435 \u0442\u043e\u0432\u0430\u0440\u043e\u0432.\n\n\u0423\u0441\u043b\u043e\u0432\u0438\u044f \u043f\u0440\u0438\u043c\u0435\u043d\u044f\u044e\u0442\u0441\u044f \u043a\u043e \u0432\u0441\u0435\u043c \u043f\u043e\u043a\u0443\u043f\u043a\u0430\u043c, \u0441\u043e\u0432\u0435\u0440\u0448\u0451\u043d\u043d\u044b\u043c \u0447\u0435\u0440\u0435\u0437 \u0418\u043d\u0442\u0435\u0440\u043d\u0435\u0442-\u043c\u0430\u0433\u0430\u0437\u0438\u043d.\n\n\u0426\u0435\u043d\u044b \u0443\u043a\u0430\u0437\u0430\u043d\u044b \u0440\u044f\u0434\u043e\u043c \u0441 \u043a\u0430\u0436\u0434\u044b\u043c \u0442\u043e\u0432\u0430\u0440\u043e\u043c. \u041a \u0446\u0435\u043d\u0435 \u043f\u0440\u0438 \u043d\u0435\u043e\u0431\u0445\u043e\u0434\u0438\u043c\u043e\u0441\u0442\u0438 \u0434\u043e\u0431\u0430\u0432\u043b\u044f\u0435\u0442\u0441\u044f \u0441\u0442\u043e\u0438\u043c\u043e\u0441\u0442\u044c \u0434\u043e\u0441\u0442\u0430\u0432\u043a\u0438.\n\n\u0421\u0442\u043e\u0438\u043c\u043e\u0441\u0442\u044c \u0434\u043e\u0441\u0442\u0430\u0432\u043a\u0438 \u0437\u0430\u0432\u0438\u0441\u0438\u0442 \u043e\u0442 \u043c\u0435\u0441\u0442\u043e\u043d\u0430\u0445\u043e\u0436\u0434\u0435\u043d\u0438\u044f \u041a\u043b\u0438\u0435\u043d\u0442\u0430 \u0438 \u0432\u044b\u0431\u0440\u0430\u043d\u043d\u043e\u0433\u043e \u0441\u043f\u043e\u0441\u043e\u0431\u0430 \u0434\u043e\u0441\u0442\u0430\u0432\u043a\u0438 \u0438 \u043e\u0442\u043e\u0431\u0440\u0430\u0436\u0430\u0435\u0442\u0441\u044f \u043f\u0440\u0438 \u043e\u0444\u043e\u0440\u043c\u043b\u0435\u043d\u0438\u0438 \u0437\u0430\u043a\u0430\u0437\u0430.\n\n\u0418\u043d\u0444\u043e\u0440\u043c\u0430\u0446\u0438\u044f \u043e \u0442\u043e\u0432\u0430\u0440\u0435 \u043f\u0440\u0435\u0434\u0441\u0442\u0430\u0432\u043b\u0435\u043d\u0430 \u043d\u0430 \u0441\u0442\u0440\u0430\u043d\u0438\u0446\u0435 \u0441\u043e\u043e\u0442\u0432\u0435\u0442\u0441\u0442\u0432\u0443\u044e\u0449\u0435\u0433\u043e \u0442\u043e\u0432\u0430\u0440\u0430.\n\n\u0418\u043d\u0442\u0435\u0440\u043d\u0435\u0442-\u043c\u0430\u0433\u0430\u0437\u0438\u043d \u043e\u0441\u0442\u0430\u0432\u043b\u044f\u0435\u0442 \u0437\u0430 \u0441\u043e\u0431\u043e\u0439 \u043f\u0440\u0430\u0432\u043e \u0438\u0437\u043c\u0435\u043d\u044f\u0442\u044c \u0443\u0441\u043b\u043e\u0432\u0438\u044f \u0438 \u0446\u0435\u043d\u044b.\n\n\u041e\u0444\u043e\u0440\u043c\u043b\u0435\u043d\u0438\u0435 \u0437\u0430\u043a\u0430\u0437\u0430\n\n\u0414\u043b\u044f \u043e\u0444\u043e\u0440\u043c\u043b\u0435\u043d\u0438\u044f \u0437\u0430\u043a\u0430\u0437\u0430 \u043d\u0435\u043e\u0431\u0445\u043e\u0434\u0438\u043c\u043e \u0434\u043e\u0431\u0430\u0432\u0438\u0442\u044c \u0442\u043e\u0432\u0430\u0440 \u0432 \u043a\u043e\u0440\u0437\u0438\u043d\u0443 \u0438 \u0437\u0430\u043f\u043e\u043b\u043d\u0438\u0442\u044c \u043e\u0431\u044f\u0437\u0430\u0442\u0435\u043b\u044c\u043d\u044b\u0435 \u043f\u043e\u043b\u044f. \u0417\u0430\u0442\u0435\u043c \u0432\u044b\u0431\u0440\u0430\u0442\u044c \u0441\u043f\u043e\u0441\u043e\u0431 \u0434\u043e\u0441\u0442\u0430\u0432\u043a\u0438.\n\n\u041f\u043e\u0441\u043b\u0435 \u044d\u0442\u043e\u0433\u043e \u043e\u0442\u043e\u0431\u0440\u0430\u0436\u0430\u0435\u0442\u0441\u044f \u0438\u0442\u043e\u0433\u043e\u0432\u0430\u044f \u0441\u0443\u043c\u043c\u0430, \u043a\u043e\u0442\u043e\u0440\u0443\u044e \u043c\u043e\u0436\u043d\u043e \u043e\u043f\u043b\u0430\u0442\u0438\u0442\u044c \u0447\u0435\u0440\u0435\u0437 \u0431\u0430\u043d\u043a \u0438\u043b\u0438 \u0438\u043d\u044b\u043c \u0441\u043f\u043e\u0441\u043e\u0431\u043e\u043c \u043e\u043f\u043b\u0430\u0442\u044b.\n\n\u0414\u043e\u0433\u043e\u0432\u043e\u0440 \u0432\u0441\u0442\u0443\u043f\u0430\u0435\u0442 \u0432 \u0441\u0438\u043b\u0443 \u0441 \u043c\u043e\u043c\u0435\u043d\u0442\u0430 \u043f\u043e\u0441\u0442\u0443\u043f\u043b\u0435\u043d\u0438\u044f \u043e\u043f\u043b\u0430\u0442\u044b \u043d\u0430 \u0440\u0430\u0441\u0447\u0451\u0442\u043d\u044b\u0439 \u0441\u0447\u0451\u0442 \u0418\u043d\u0442\u0435\u0440\u043d\u0435\u0442-\u043c\u0430\u0433\u0430\u0437\u0438\u043d\u0430.\n\n\u0415\u0441\u043b\u0438 \u043f\u043e\u0441\u0442\u0430\u0432\u043a\u0430 \u043d\u0435\u0432\u043e\u0437\u043c\u043e\u0436\u043d\u0430 (\u043d\u0430\u043f\u0440\u0438\u043c\u0435\u0440, \u0438\u0437-\u0437\u0430 \u043e\u0442\u0441\u0443\u0442\u0441\u0442\u0432\u0438\u044f \u0442\u043e\u0432\u0430\u0440\u0430), \u041a\u043b\u0438\u0435\u043d\u0442 \u0443\u0432\u0435\u0434\u043e\u043c\u043b\u044f\u0435\u0442\u0441\u044f, \u0430 \u0443\u043f\u043b\u0430\u0447\u0435\u043d\u043d\u0430\u044f \u0441\u0443\u043c\u043c\u0430 \u0432\u043e\u0437\u0432\u0440\u0430\u0449\u0430\u0435\u0442\u0441\u044f \u043d\u0435 \u043f\u043e\u0437\u0434\u043d\u0435\u0435 14 \u0434\u043d\u0435\u0439.\n\n\u0412 \u0441\u043b\u0443\u0447\u0430\u0435 \u043e\u0442\u043c\u0435\u043d\u044b \u043e\u043f\u043b\u0430\u0447\u0435\u043d\u043d\u043e\u0433\u043e, \u043d\u043e \u043d\u0435 \u043e\u0442\u043f\u0440\u0430\u0432\u043b\u0435\u043d\u043d\u043e\u0433\u043e \u0437\u0430\u043a\u0430\u0437\u0430, CBDITALY \u0432\u043f\u0440\u0430\u0432\u0435 \u0443\u0434\u0435\u0440\u0436\u0430\u0442\u044c \u0430\u0434\u043c\u0438\u043d\u0438\u0441\u0442\u0440\u0430\u0442\u0438\u0432\u043d\u044b\u0439 \u0441\u0431\u043e\u0440 10% (\u043c\u0438\u043d\u0438\u043c\u0443\u043c 10 \u0435\u0432\u0440\u043e).\n\n\u0414\u0430\u043d\u043d\u043e\u0435 \u043f\u043e\u043b\u043e\u0436\u0435\u043d\u0438\u0435 \u043d\u0435 \u043f\u0440\u0438\u043c\u0435\u043d\u044f\u0435\u0442\u0441\u044f \u043f\u0440\u0438 \u0440\u0435\u0430\u043b\u0438\u0437\u0430\u0446\u0438\u0438 \u0437\u0430\u043a\u043e\u043d\u043d\u043e\u0433\u043e \u043f\u0440\u0430\u0432\u0430 \u043d\u0430 \u043e\u0442\u043a\u0430\u0437.\n\n\u041f\u0440\u0430\u0432\u043e \u043d\u0430 \u043e\u0442\u043a\u0430\u0437 \u0438 \u0432\u043e\u0437\u0432\u0440\u0430\u0442\n\n\u041a\u043b\u0438\u0435\u043d\u0442 \u0438\u043c\u0435\u0435\u0442 \u043f\u0440\u0430\u0432\u043e \u043e\u0442\u043a\u0430\u0437\u0430\u0442\u044c\u0441\u044f \u043e\u0442 \u0434\u043e\u0433\u043e\u0432\u043e\u0440\u0430 \u0432 \u0442\u0435\u0447\u0435\u043d\u0438\u0435 14 \u0434\u043d\u0435\u0439 \u0441 \u043c\u043e\u043c\u0435\u043d\u0442\u0430 \u043f\u043e\u043b\u0443\u0447\u0435\u043d\u0438\u044f \u0442\u043e\u0432\u0430\u0440\u0430.\n\n\u041f\u0440\u0430\u0432\u043e \u043d\u0430 \u043e\u0442\u043a\u0430\u0437 \u043d\u0435 \u043f\u0440\u0438\u043c\u0435\u043d\u044f\u0435\u0442\u0441\u044f \u043a \u044e\u0440\u0438\u0434\u0438\u0447\u0435\u0441\u043a\u0438\u043c \u043b\u0438\u0446\u0430\u043c.\n\n\u0422\u043e\u0432\u0430\u0440 \u0434\u043e\u043b\u0436\u0435\u043d \u0431\u044b\u0442\u044c \u043d\u0435\u0438\u0441\u043f\u043e\u043b\u044c\u0437\u043e\u0432\u0430\u043d\u043d\u044b\u043c \u0438 \u0432 \u043e\u0440\u0438\u0433\u0438\u043d\u0430\u043b\u044c\u043d\u043e\u0439 \u0443\u043f\u0430\u043a\u043e\u0432\u043a\u0435.\n\n\u0420\u0430\u0441\u0445\u043e\u0434\u044b \u043f\u043e \u0432\u043e\u0437\u0432\u0440\u0430\u0442\u0443 \u043d\u0435\u0441\u0451\u0442 \u041a\u043b\u0438\u0435\u043d\u0442, \u0435\u0441\u043b\u0438 \u0442\u043e\u0432\u0430\u0440 \u043d\u0435 \u044f\u0432\u043b\u044f\u0435\u0442\u0441\u044f \u0434\u0435\u0444\u0435\u043a\u0442\u043d\u044b\u043c.\n\n\u0412\u043e\u0437\u0432\u0440\u0430\u0442 \u043e\u0441\u0443\u0449\u0435\u0441\u0442\u0432\u043b\u044f\u0435\u0442\u0441\u044f \u043d\u0435 \u043f\u043e\u0437\u0434\u043d\u0435\u0435 14 \u0434\u043d\u0435\u0439 \u043f\u043e\u0441\u043b\u0435 \u043f\u0438\u0441\u044c\u043c\u0435\u043d\u043d\u043e\u0433\u043e \u043f\u043e\u0434\u0442\u0432\u0435\u0440\u0436\u0434\u0435\u043d\u0438\u044f \u043e\u0434\u043e\u0431\u0440\u0435\u043d\u0438\u044f \u0432\u043e\u0437\u0432\u0440\u0430\u0442\u0430 \u0438 \u043f\u0440\u043e\u0432\u0435\u0440\u043a\u0438 \u0441\u043e\u0441\u0442\u043e\u044f\u043d\u0438\u044f \u0442\u043e\u0432\u0430\u0440\u0430.\n\n\u041e\u0421\u041e\u0411\u042b\u0415 \u0423\u0421\u041b\u041e\u0412\u0418\u042f \u0414\u041b\u042f \u0422\u041e\u0412\u0410\u0420\u041e\u0412 OUTLET\n\n\u0422\u043e\u0432\u0430\u0440\u044b \u043a\u0430\u0442\u0435\u0433\u043e\u0440\u0438\u0438 Outlet \u043f\u0440\u043e\u0434\u0430\u044e\u0442\u0441\u044f \u0441\u043e \u0441\u043a\u0438\u0434\u043a\u043e\u0439 \u0434\u043e \u201370%.\n\n\u042d\u0442\u043e \u043c\u043e\u0433\u0443\u0442 \u0431\u044b\u0442\u044c \u0442\u043e\u0432\u0430\u0440\u044b \u043f\u0440\u043e\u0448\u043b\u044b\u0445 \u0441\u0435\u0437\u043e\u043d\u043e\u0432 \u0438\u043b\u0438 \u043d\u0430\u0445\u043e\u0434\u0438\u0432\u0448\u0438\u0435\u0441\u044f \u043d\u0430 \u0445\u0440\u0430\u043d\u0435\u043d\u0438\u0438 6\u201318 \u043c\u0435\u0441\u044f\u0446\u0435\u0432.\n\n\u0414\u043b\u0438\u0442\u0435\u043b\u044c\u043d\u043e\u0435 \u0445\u0440\u0430\u043d\u0435\u043d\u0438\u0435 \u043c\u043e\u0436\u0435\u0442 \u043f\u043e\u0432\u043b\u0438\u044f\u0442\u044c \u043d\u0430 \u0432\u043d\u0435\u0448\u043d\u0438\u0439 \u0432\u0438\u0434, \u0442\u0435\u043a\u0441\u0442\u0443\u0440\u0443, \u0432\u043b\u0430\u0436\u043d\u043e\u0441\u0442\u044c \u0438\u043b\u0438 \u0430\u0440\u043e\u043c\u0430\u0442.\n\n\u0415\u0441\u0442\u0435\u0441\u0442\u0432\u0435\u043d\u043d\u0430\u044f \u043f\u043e\u0442\u0435\u0440\u044f \u0432\u043b\u0430\u0433\u0438 \u043c\u043e\u0436\u0435\u0442 \u043f\u0440\u0438\u0432\u0435\u0441\u0442\u0438 \u043a \u0441\u0443\u0445\u043e\u0441\u0442\u0438 \u0438\u043b\u0438 \u0447\u0430\u0441\u0442\u0438\u0447\u043d\u043e\u043c\u0443 \u043a\u0440\u043e\u0448\u0435\u043d\u0438\u044e.\n\n\u041f\u043e\u043a\u0443\u043f\u0430\u044f \u0442\u043e\u0432\u0430\u0440 Outlet, \u041a\u043b\u0438\u0435\u043d\u0442 \u043f\u0440\u0438\u043d\u0438\u043c\u0430\u0435\u0442 \u0432\u043e\u0437\u043c\u043e\u0436\u043d\u044b\u0435 \u043e\u0442\u043b\u0438\u0447\u0438\u044f \u043e\u0442 \u0441\u0442\u0430\u043d\u0434\u0430\u0440\u0442\u043d\u043e\u0439 \u043f\u0440\u043e\u0434\u0443\u043a\u0446\u0438\u0438.\n\n\u0421\u043b\u0435\u0434\u0443\u044e\u0449\u0438\u0435 \u043e\u0441\u043e\u0431\u0435\u043d\u043d\u043e\u0441\u0442\u0438 \u043d\u0435 \u0441\u0447\u0438\u0442\u0430\u044e\u0442\u0441\u044f \u0434\u0435\u0444\u0435\u043a\u0442\u043e\u043c:\n\n\u2013 \u0435\u0441\u0442\u0435\u0441\u0442\u0432\u0435\u043d\u043d\u043e\u0435 \u0432\u044b\u0441\u044b\u0445\u0430\u043d\u0438\u0435\n\u2013 \u0438\u0437\u043c\u0435\u043d\u0435\u043d\u0438\u0435 \u0442\u0435\u043a\u0441\u0442\u0443\u0440\u044b\n\u2013 \u0447\u0430\u0441\u0442\u0438\u0447\u043d\u043e\u0435 \u043a\u0440\u043e\u0448\u0435\u043d\u0438\u0435\n\u2013 \u0441\u043d\u0438\u0436\u0435\u043d\u0438\u0435 \u0438\u043d\u0442\u0435\u043d\u0441\u0438\u0432\u043d\u043e\u0441\u0442\u0438 \u0430\u0440\u043e\u043c\u0430\u0442\u0430\n\u2013 \u0432\u0438\u0437\u0443\u0430\u043b\u044c\u043d\u044b\u0435 \u0440\u0430\u0437\u043b\u0438\u0447\u0438\u044f \u043f\u0430\u0440\u0442\u0438\u0439\n\n\u0421\u043a\u0438\u0434\u043a\u0430 \u043e\u0442\u0440\u0430\u0436\u0430\u0435\u0442 \u0443\u043a\u0430\u0437\u0430\u043d\u043d\u044b\u0435 \u043e\u0441\u043e\u0431\u0435\u043d\u043d\u043e\u0441\u0442\u0438.\n\nCBDITALY \u0440\u0430\u0441\u0441\u043c\u0430\u0442\u0440\u0438\u0432\u0430\u0435\u0442 \u043f\u0440\u0435\u0442\u0435\u043d\u0437\u0438\u0438 \u0438\u043d\u0434\u0438\u0432\u0438\u0434\u0443\u0430\u043b\u044c\u043d\u043e.\n\n\u0423\u0440\u0435\u0433\u0443\u043b\u0438\u0440\u043e\u0432\u0430\u043d\u0438\u0435 \u0441\u043f\u043e\u0440\u043e\u0432\n\n\u0421\u043f\u043e\u0440\u044b \u0440\u0435\u0448\u0430\u044e\u0442\u0441\u044f \u043f\u0443\u0442\u0451\u043c \u043f\u0435\u0440\u0435\u0433\u043e\u0432\u043e\u0440\u043e\u0432. \u041f\u0440\u0438 \u043e\u0442\u0441\u0443\u0442\u0441\u0442\u0432\u0438\u0438 \u0441\u043e\u0433\u043b\u0430\u0448\u0435\u043d\u0438\u044f \u041a\u043b\u0438\u0435\u043d\u0442 \u0432\u043f\u0440\u0430\u0432\u0435 \u043e\u0431\u0440\u0430\u0442\u0438\u0442\u044c\u0441\u044f \u0432 \u043a\u043e\u043c\u043f\u0435\u0442\u0435\u043d\u0442\u043d\u044b\u0439 \u043e\u0440\u0433\u0430\u043d \u0438\u043b\u0438 \u0441\u0443\u0434.<\/p>\n\n\t\t<\/div>\n\t<\/div>\n<\/div><\/div><\/div><\/div>\n<\/div>","protected":false},"excerpt":{"rendered":"Kui meie veebileht tundub hetkel veidi probleemne, siis palume mitte muretseda \u2013 teostame hetkel tehnilisi uuendusi ja parandust\u00f6id. Tellimusi saab teha tavap\u00e4raselt ja turvaliselt. K\u00f5ik on kontrolli all ning s\u00fcsteem t\u00f6\u00f6tab. T\u00e4name m\u00f5istva suhtumise eest! If our website appears to be experiencing some issues at the moment, please do not worry \u2014 we are currently carrying out technical updates and improvements. You can place your orders as usual and with full confidence. Everything is under control and the system is functioning properly. Thank you for your understanding. M\u00fc\u00fcgi- ja tagastustingimused Veebipoe https:\/\/cbditaly.ee\/ omanik on INK AND CHILL LATVIJA, RIGA, Audeju iela 5, L\u00e4ti, REG. CODE: 40203640893. Arvelduskonto: LT114010051005604276. M\u00fc\u00fcgilepingu kehtivus, kauba- ja hinnainfo K\u00e4esolevad m\u00fc\u00fcgitingimused kehtivad Veebipoe ja kliendi (edaspidi Klient) vahel kaupade ostmisel tekkivate \u00f5iguste ja kohustuste kohta. M\u00fc\u00fcgitingimused kehtivad k\u00f5igile Veebipoest tehtud ostudele. Veebipoes m\u00fc\u00fcdavate toodete hinnad on m\u00e4rgitud toodete juurde. Hinnale lisandub vajadusel tasu kauba k\u00e4ttetoimetamise eest. [...]","protected":false},"author":2,"featured_media":0,"parent":0,"menu_order":0,"comment_status":"closed","ping_status":"closed","template":"page-templates\/full-width.php","meta":{"_joinchat":[],"footnotes":""},"class_list":["post-7847","page","type-page","status-publish","hentry"],"brizy_media":[],"_links":{"self":[{"href":"https:\/\/cbditaly.ee\/ru\/wp-json\/wp\/v2\/pages\/7847","targetHints":{"allow":["GET"]}}],"collection":[{"href":"https:\/\/cbditaly.ee\/ru\/wp-json\/wp\/v2\/pages"}],"about":[{"href":"https:\/\/cbditaly.ee\/ru\/wp-json\/wp\/v2\/types\/page"}],"author":[{"embeddable":true,"href":"https:\/\/cbditaly.ee\/ru\/wp-json\/wp\/v2\/users\/2"}],"replies":[{"embeddable":true,"href":"https:\/\/cbditaly.ee\/ru\/wp-json\/wp\/v2\/comments?post=7847"}],"version-history":[{"count":27,"href":"https:\/\/cbditaly.ee\/ru\/wp-json\/wp\/v2\/pages\/7847\/revisions"}],"predecessor-version":[{"id":15912,"href":"https:\/\/cbditaly.ee\/ru\/wp-json\/wp\/v2\/pages\/7847\/revisions\/15912"}],"wp:attachment":[{"href":"https:\/\/cbditaly.ee\/ru\/wp-json\/wp\/v2\/media?parent=7847"}],"curies":[{"name":"wp","href":"https:\/\/api.w.org\/{rel}","templated":true}]}}