{"id":11052,"date":"2023-09-20T01:53:54","date_gmt":"2023-09-19T22:53:54","guid":{"rendered":"https:\/\/cbditaly.ee\/?post_type=product&#038;p=11052"},"modified":"2025-12-30T02:01:56","modified_gmt":"2025-12-30T00:01:56","slug":"cbg-mct-oli-36-sportline","status":"publish","type":"product","link":"https:\/\/cbditaly.ee\/ru\/product\/cbg-mct-oli-36-sportline\/","title":{"rendered":"CBG MCT \u00f5li 36%, SPORTLINE"},"content":{"rendered":"<p><strong>CBG 36%, MCT \u00f5li, THC vaba, &#8220;SPORTLINE&#8221;<\/strong><br \/>\nsisaldab 3600mg orgaanilist CBG isolaati, 96,9% puhtus, ekstraheeritud Itaalia kanepist, MCT \u00f5lis. Hoida lastele k\u00e4ttesaamatus kohas. V\u00e4ltida kokkupuudet silmade ja lahtiste haavadega. THC-vaba. &#8211; Valmistatud EU-s.<\/p>\n<p>\u041f\u0440\u043e\u0438\u0437\u0432\u043e\u0434\u0438\u0442\u0435\u043b\u044c: Organic CBDITALY Limited<br \/>\n\u041e\u043f\u0442\u043e\u0432\u0430\u044f: <a href=\"https:\/\/www.cbditaly.store\/\" target=\"_blank\" rel=\"noopener\">www.cbditaly.store<\/a><\/p>\n<pre>\u041a\u043e\u0441\u043c\u0435\u0442\u0438\u0447\u0435\u0441\u043a\u0438\u0439 \u043f\u0440\u043e\u0434\u0443\u043a\u0442, \u0437\u0430\u0440\u0435\u0433\u0438\u0441\u0442\u0440\u0438\u0440\u043e\u0432\u0430\u043d\u043d\u044b\u0439 \u0432 CPNP \u0415\u0421.<\/pre>\n<p>&nbsp;<\/p>","protected":false},"excerpt":{"rendered":"<p>SPORTLINE CBG 36%, MCT \u00f5li, THC vaba. -10ml.-<\/p>","protected":false},"featured_media":10800,"template":"","meta":{"_joinchat":[]},"product_brand":[],"product_cat":[653,626],"product_tag":[],"class_list":{"0":"post-11052","1":"product","2":"type-product","3":"status-publish","4":"has-post-thumbnail","6":"product_cat-cbg-cbga","7":"product_cat-sportline-cbd-cbg-olid","10":"first","11":"instock","12":"sale","13":"purchasable","14":"product-type-simple"},"tiered_pricing_type":"fixed","tiered_pricing_fixed_rules":{"2":140,"5":130,"10":100},"tiered_pricing_product_settings":{"layout":"default","base_unit_name":{"singular":null,"plural":null},"default_variation":null},"tiered_pricing_minimum_quantity":null,"tiered_pricing_roles_data":[],"tiered_pricing_percentage_rules":[],"tiered_pricing_maximum_quantity":null,"tiered_pricing_quantity_step":null,"_links":{"self":[{"href":"https:\/\/cbditaly.ee\/ru\/wp-json\/wp\/v2\/product\/11052","targetHints":{"allow":["GET"]}}],"collection":[{"href":"https:\/\/cbditaly.ee\/ru\/wp-json\/wp\/v2\/product"}],"about":[{"href":"https:\/\/cbditaly.ee\/ru\/wp-json\/wp\/v2\/types\/product"}],"wp:featuredmedia":[{"embeddable":true,"href":"https:\/\/cbditaly.ee\/ru\/wp-json\/wp\/v2\/media\/10800"}],"wp:attachment":[{"href":"https:\/\/cbditaly.ee\/ru\/wp-json\/wp\/v2\/media?parent=11052"}],"wp:term":[{"taxonomy":"product_brand","embeddable":true,"href":"https:\/\/cbditaly.ee\/ru\/wp-json\/wp\/v2\/product_brand?post=11052"},{"taxonomy":"product_cat","embeddable":true,"href":"https:\/\/cbditaly.ee\/ru\/wp-json\/wp\/v2\/product_cat?post=11052"},{"taxonomy":"product_tag","embeddable":true,"href":"https:\/\/cbditaly.ee\/ru\/wp-json\/wp\/v2\/product_tag?post=11052"}],"curies":[{"name":"wp","href":"https:\/\/api.w.org\/{rel}","templated":true}]}}